{"id":9185,"date":"2025-10-18T14:03:40","date_gmt":"2025-10-18T14:03:40","guid":{"rendered":"https:\/\/www.eliashome.eu\/?post_type=product&#038;p=9185"},"modified":"2026-02-18T18:58:44","modified_gmt":"2026-02-18T18:58:44","slug":"koncentruotas-skalbiklis-su-nanosidabru-spalvotiems-audiniams-500-ml","status":"publish","type":"product","link":"https:\/\/www.eliashome.eu\/en\/dovanu-parduotuve\/skalbikliai\/koncentruotas-skalbiklis-su-nanosidabru-spalvotiems-audiniams-500-ml\/","title":{"rendered":"Koncentruotas skalbiklis su nanosidabru (spalvotiems audiniams) 500 ml"},"content":{"rendered":"<p style=\"background: white;margin: 0cm 0cm 7.5pt 0cm\"><span lang=\"EN-US\" style=\"font-size: 10.5pt;color: #333333\">U\u017etikrina nepriekai\u0161ting\u0105 \u0161var\u0105 bei audini\u0173 prie\u017ei\u016br\u0105. I\u0161saugo spalv\u0173 intensyvum\u0105 ir ilgaam\u017ei\u0161kum\u0105. Palieka ilgalaik\u012f \u0161vie\u017eumo aromat\u0105. Koncentruotos formul\u0117s d\u0117ka\u00a0 pakanka net 17 skalbim\u0173. Skystis nepaprastai veiksmingai \u0161alina ne\u0161varumus ir neter\u0161ia aplinkos. Sud\u0117tyje esantis koloidinis sidabras\u00a0 i\u0161skalbtiems audiniams suteikia antibakterini\u0173 ir prie\u0161grybelini\u0173 savybi\u0173.<\/span><\/p>\n<p style=\"background: white;margin: 0cm 0cm 7.5pt 0cm\"><span lang=\"EN-US\" style=\"font-size: 10.5pt;color: #333333\">Palieka malon\u0173 ir \u0161veln\u0173 kvap\u0105. Idealus skalbti automatin\u0117se skalbimo ma\u0161inose \u012fvairi\u0173 r\u016b\u0161i\u0173 skalbinius, taip pat Raypath valiklius.<\/span><\/p>\n<p style=\"background: white;margin: 0cm 0cm 7.5pt 0cm\"><strong><span lang=\"EN-US\" style=\"font-size: 10.5pt;color: #333333\">SUD\u0116TIS:\u00a0<\/span><\/strong><span lang=\"EN-US\" style=\"font-size: 10.5pt;color: #333333\">5 \u2013 15%\u00a0 anijonin\u0117s pavir\u0161inio aktyvumo med\u017eiagos,\u00a0 5 \u2013 15%\u00a0 nejonin\u0117s pavir\u0161inio aktyvumo med\u017eiagos,\u00a0 &lt;5% muilas, &lt;5% fosfonatai, &lt;5% EDTA ir jo druskos, enzimai, koloidinis sidabras. Kvap\u0173 kompozicija: Geraniol, Butylphenyl, Methylpropional, Citronellol, Konservuojan\u010dios med\u017eiagos: Methylisothiazolinone, Methylchloroisothiazolinone<\/span><\/p>\n<p style=\"background: white;margin: 0cm 0cm 7.5pt 0cm\"><strong><span lang=\"EN-US\" style=\"font-size: 10.5pt;color: #333333\">PAVOJUS:\u00a0<\/span><\/strong><span lang=\"EN-US\" style=\"font-size: 10.5pt;color: #333333\">laikyti vaikams nepasiekiamoje vietoje. Nemai\u0161yti su kitais produktais.<\/span><\/p>\n<p style=\"background: white;margin: 0cm 0cm 7.5pt 0cm\"><span lang=\"EN-US\" style=\"font-size: 10.5pt;color: #333333\">Dirgina akis. Jeigu pateks \u012f akis, kelet\u0105 minu\u010di\u0173 atsargiai skalauti vandeniu.<\/span><\/p>\n<p style=\"background: white;margin: 0cm 0cm 7.5pt 0cm\"><span lang=\"EN-US\" style=\"font-size: 10.5pt;color: #333333\">Kontaktinius l\u0119\u0161ius i\u0161imti ir toliau skalauti.\u00a0 Jeigu dirginimas nepraeina, susisiekti su gydytoju ir parodyti jam etiket\u0119 arba pakuot\u0119.<\/span><\/p>","protected":false},"excerpt":{"rendered":"<p>Koncentruotas skalbimo skystis su nanosidabro dalel\u0117mis skalbiniams suteikia antibakterini\u0173 ir prie\u0161grybelini\u0173 savybi\u0173<\/p>\n<ul>\n<li>Ypa\u010d tinka alergi\u0161kiems bei odos problemas turintiems asmenims<\/li>\n<li>I\u0161 skalbykl\u0117s pa\u0161alina grybel\u012f bei pel\u0117s\u012f<\/li>\n<li>Taupiai naudojasi \u2013 vienam skalbimui pakanka 30 ml. skalbiklio<\/li>\n<li>Tinka skalbti k\u016bdiki\u0173 drabu\u017e\u0117liams<\/li>\n<li>Lengvas, malonus \u0161varos kvapas<\/li>\n<\/ul>\n<p><strong>T\u016bris: 500 ml<\/strong><br \/>\n<strong>Gamintojas: Raypath International<\/strong><\/p>","protected":false},"featured_media":9183,"comment_status":"open","ping_status":"closed","template":"","meta":{"_kad_blocks_custom_css":"","_kad_blocks_head_custom_js":"","_kad_blocks_body_custom_js":"","_kad_blocks_footer_custom_js":""},"product_brand":[],"product_cat":[645],"product_tag":[],"class_list":{"0":"post-9185","1":"product","2":"type-product","3":"status-publish","4":"has-post-thumbnail","6":"product_cat-skalbikliai","8":"first","9":"outofstock","10":"shipping-taxable","11":"purchasable","12":"product-type-simple"},"ct_brands":[],"taxonomy_info":{"product_cat":[{"value":645,"label":"Skalbikliai"}]},"featured_image_src_large":["https:\/\/www.eliashome.eu\/wp-content\/uploads\/2025\/10\/raypath-skalbiklis-spalvortiems-1-1024x1024.png",1024,1024,true],"author_info":[],"comment_info":0,"jetpack_sharing_enabled":true,"_links":{"self":[{"href":"https:\/\/www.eliashome.eu\/en\/wp-json\/wp\/v2\/product\/9185","targetHints":{"allow":["GET"]}}],"collection":[{"href":"https:\/\/www.eliashome.eu\/en\/wp-json\/wp\/v2\/product"}],"about":[{"href":"https:\/\/www.eliashome.eu\/en\/wp-json\/wp\/v2\/types\/product"}],"replies":[{"embeddable":true,"href":"https:\/\/www.eliashome.eu\/en\/wp-json\/wp\/v2\/comments?post=9185"}],"wp:featuredmedia":[{"embeddable":true,"href":"https:\/\/www.eliashome.eu\/en\/wp-json\/wp\/v2\/media\/9183"}],"wp:attachment":[{"href":"https:\/\/www.eliashome.eu\/en\/wp-json\/wp\/v2\/media?parent=9185"}],"wp:term":[{"taxonomy":"product_brand","embeddable":true,"href":"https:\/\/www.eliashome.eu\/en\/wp-json\/wp\/v2\/product_brand?post=9185"},{"taxonomy":"product_cat","embeddable":true,"href":"https:\/\/www.eliashome.eu\/en\/wp-json\/wp\/v2\/product_cat?post=9185"},{"taxonomy":"product_tag","embeddable":true,"href":"https:\/\/www.eliashome.eu\/en\/wp-json\/wp\/v2\/product_tag?post=9185"}],"curies":[{"name":"wp","href":"https:\/\/api.w.org\/{rel}","templated":true}]}}