{"id":9180,"date":"2025-10-18T14:00:23","date_gmt":"2025-10-18T14:00:23","guid":{"rendered":"https:\/\/www.eliashome.eu\/?post_type=product&#038;p=9180"},"modified":"2025-12-14T11:19:27","modified_gmt":"2025-12-14T11:19:27","slug":"koncentruotas-skalbimo-skystis-su-nanosidabru-sviesiems-audiniams-500ml","status":"publish","type":"product","link":"https:\/\/www.eliashome.eu\/en\/dovanu-parduotuve\/skalbikliai\/koncentruotas-skalbimo-skystis-su-nanosidabru-sviesiems-audiniams-500ml\/","title":{"rendered":"Koncentruotas skalbimo skystis su nanosidabru (\u0161viesiems audiniams) 500ml"},"content":{"rendered":"<p>U\u017etikrina nepriekai\u0161ting\u0105 \u0161var\u0105 bei audini\u0173 prie\u017ei\u016br\u0105. Gr\u0105\u017eina pirmin\u012f baltum\u0105 bei neleid\u017eia pilk\u0117ti.Palieka ilgalaik\u012f \u0161vie\u017eumo aromat\u0105. Koncentruotos formul\u0117s d\u0117ka\u00a0 pakanka net 17 skalbim\u0173.<\/p>\n<p>Skystis nepaprastai veiksmingai \u0161alina ne\u0161varumus ir neter\u0161ia aplinkos. Sud\u0117tyje esantis koloidinis sidabras\u00a0 i\u0161skalbtiems audiniams suteikia antibakterini\u0173 ir prie\u0161grybelini\u0173 savybi\u0173.<\/p>\n<p>Palieka malon\u0173 ir \u0161veln\u0173 kvap\u0105. Idealus skalbti automatin\u0117se skalbimo ma\u0161inose \u012fvairi\u0173 r\u016b\u0161i\u0173 skalbinius<\/p>\n<p><strong>SUD\u0116TIS:\u00a0<\/strong>5-15% nejonint!s pavidiaus aktyviosios rnedtiagos, 5-15% anjjonint&#8217;!s pavirSiaus aktyviosios medtiagos, &lt;5% muilas, enzirnai. optinis baliklis, koloidinis sidabras, kvapai (hexyl cinnamal), konservuojanti rnedtiaga (rnethylisothiazolinone, rnethylchloroisothiazolinone, 2-brorno-2-nitropropane-1.3-diol).<\/p>\n<p><strong>PAVOJUS:\u00a0<\/strong>laikyti vaikams nepasiekiamoje vietoje. Nemai\u0161yti su kitais produktais.<\/p>\n<p>Dirgina akis. Jeigu pateks \u012f akis, kelet\u0105 minu\u010di\u0173 atsargiai skalauti vandeniu.<\/p>\n<p>Kontaktinius l\u0119\u0161ius i\u0161imti ir toliau skalauti.\u00a0 Jeigu dirginimas nepraeina, susisiekti su gydytoju ir parodyti jam etiket\u0119 arba pakuot\u0119.<\/p>\n<p><strong>\u00a0<\/strong><\/p>","protected":false},"excerpt":{"rendered":"<p>Koncentruotas skalbimo skystis su nanosidabro dalel\u0117mis skalbiniams suteikia antibakterini\u0173 ir prie\u0161grybelini\u0173 savybi\u0173<\/p>\n<ul>\n<li>Ypa\u010d tinka alergi\u0161kiems bei odos problemas turintiems asmenims<\/li>\n<li>I\u0161 skalbykl\u0117s pa\u0161alina grybel\u012f bei pel\u0117s\u012f<\/li>\n<li>Taupiai naudojasi \u2013 vienam skalbimui pakanka 30 ml. skalbiklio<\/li>\n<li>Tinka skalbti k\u016bdiki\u0173 drabu\u017e\u0117liams<\/li>\n<li>Lengvas, malonus \u0161varos kvapas<\/li>\n<\/ul>\n<p><strong>T\u016bris: 500 ml<\/strong><br \/>\n<strong>Gamintojas: Raypath International<\/strong><\/p>","protected":false},"featured_media":9184,"comment_status":"open","ping_status":"closed","template":"","meta":{"_kad_blocks_custom_css":"","_kad_blocks_head_custom_js":"","_kad_blocks_body_custom_js":"","_kad_blocks_footer_custom_js":""},"product_brand":[],"product_cat":[645],"product_tag":[],"class_list":{"0":"post-9180","1":"product","2":"type-product","3":"status-publish","4":"has-post-thumbnail","6":"product_cat-skalbikliai","8":"first","9":"instock","10":"shipping-taxable","11":"purchasable","12":"product-type-simple"},"ct_brands":[],"taxonomy_info":{"product_cat":[{"value":645,"label":"Skalbikliai"}]},"featured_image_src_large":["https:\/\/www.eliashome.eu\/wp-content\/uploads\/2025\/10\/raypath-skalbiklis-1-1024x1024.png",1024,1024,true],"author_info":[],"comment_info":0,"jetpack_sharing_enabled":true,"_links":{"self":[{"href":"https:\/\/www.eliashome.eu\/en\/wp-json\/wp\/v2\/product\/9180","targetHints":{"allow":["GET"]}}],"collection":[{"href":"https:\/\/www.eliashome.eu\/en\/wp-json\/wp\/v2\/product"}],"about":[{"href":"https:\/\/www.eliashome.eu\/en\/wp-json\/wp\/v2\/types\/product"}],"replies":[{"embeddable":true,"href":"https:\/\/www.eliashome.eu\/en\/wp-json\/wp\/v2\/comments?post=9180"}],"wp:featuredmedia":[{"embeddable":true,"href":"https:\/\/www.eliashome.eu\/en\/wp-json\/wp\/v2\/media\/9184"}],"wp:attachment":[{"href":"https:\/\/www.eliashome.eu\/en\/wp-json\/wp\/v2\/media?parent=9180"}],"wp:term":[{"taxonomy":"product_brand","embeddable":true,"href":"https:\/\/www.eliashome.eu\/en\/wp-json\/wp\/v2\/product_brand?post=9180"},{"taxonomy":"product_cat","embeddable":true,"href":"https:\/\/www.eliashome.eu\/en\/wp-json\/wp\/v2\/product_cat?post=9180"},{"taxonomy":"product_tag","embeddable":true,"href":"https:\/\/www.eliashome.eu\/en\/wp-json\/wp\/v2\/product_tag?post=9180"}],"curies":[{"name":"wp","href":"https:\/\/api.w.org\/{rel}","templated":true}]}}