{"id":9044,"date":"2025-08-16T10:23:00","date_gmt":"2025-08-16T10:23:00","guid":{"rendered":"https:\/\/www.eliashome.eu\/?post_type=product&#038;p=9044"},"modified":"2026-04-12T18:05:08","modified_gmt":"2026-04-12T18:05:08","slug":"mikropluosto-virtuvinis-ranksluostis-rudas","status":"publish","type":"product","link":"https:\/\/www.eliashome.eu\/en\/dovanu-parduotuve\/virtuviniai-ranksluosciai\/mikropluosto-virtuvinis-ranksluostis-rudas\/","title":{"rendered":"Mikropluo\u0161to virtuvinis rank\u0161luostis rudas"},"content":{"rendered":"<article class=\"text-token-text-primary w-full focus:outline-none [--shadow-height:45px] has-data-writing-block:pointer-events-none has-data-writing-block:-mt-(--shadow-height) has-data-writing-block:pt-(--shadow-height) [&amp;:has([data-writing-block])&gt;*]:pointer-events-auto scroll-mt-(--header-height)\" dir=\"auto\" data-turn-id=\"9dd2fb88-a7d0-41e4-bba8-6d2c6fec6612\" data-testid=\"conversation-turn-1\" data-scroll-anchor=\"false\" data-turn=\"user\"><\/article>\n<article class=\"text-token-text-primary w-full focus:outline-none [--shadow-height:45px] has-data-writing-block:pointer-events-none has-data-writing-block:-mt-(--shadow-height) has-data-writing-block:pt-(--shadow-height) [&amp;:has([data-writing-block])&gt;*]:pointer-events-auto scroll-mt-[calc(var(--header-height)+min(200px,max(70px,20svh)))]\" dir=\"auto\" data-turn-id=\"request-WEB:b5855dab-2262-464c-be93-d4dda7f0fa5d-0\" data-testid=\"conversation-turn-2\" data-scroll-anchor=\"true\" data-turn=\"assistant\">\n<div class=\"text-base my-auto mx-auto pb-10 [--thread-content-margin:var(--thread-content-margin-xs,calc(var(--spacing)*4))] @w-sm\/main:[--thread-content-margin:var(--thread-content-margin-sm,calc(var(--spacing)*6))] @w-lg\/main:[--thread-content-margin:var(--thread-content-margin-lg,calc(var(--spacing)*16))] px-(--thread-content-margin)\">\n<div class=\"[--thread-content-max-width:40rem] @w-lg\/main:[--thread-content-max-width:48rem] mx-auto max-w-(--thread-content-max-width) flex-1 group\/turn-messages focus-visible:outline-hidden relative flex w-full min-w-0 flex-col agent-turn\">\n<div class=\"flex max-w-full flex-col gap-4 grow\">\n<div class=\"min-h-8 text-message relative flex w-full flex-col items-end gap-2 text-start break-words whitespace-normal [.text-message+&amp;]:mt-1\" dir=\"auto\" data-message-author-role=\"assistant\" data-message-id=\"935212a9-ce02-4999-be54-5124a7ed4e9b\" data-message-model-slug=\"gpt-5-3\">\n<div class=\"flex w-full flex-col gap-1 empty:hidden\">\n<div class=\"markdown prose dark:prose-invert w-full wrap-break-word light markdown-new-styling\">\n<h1 data-start=\"0\" data-end=\"88\"><strong data-start=\"0\" data-end=\"88\">Mikropluo\u0161to virtuvinis rank\u0161luostis rudas \u2013 prakti\u0161kas ir stilingas pasirinkimas j\u016bs\u0173 virtuvei<\/strong><\/h1>\n<p data-start=\"90\" data-end=\"500\">Virtuv\u0117 \u2013 tai vieta, kur svarbi ne tik estetika, bet ir funkcionalumas. Kasdien gaminant, plaunant indus ar valant pavir\u0161ius, rank\u0161luostis tampa vienu da\u017eniausiai naudojam\u0173 virtuv\u0117s pagalbinink\u0173. Tod\u0117l verta rinktis tok\u012f, kuris b\u016bt\u0173 ne tik patogus naudoti, bet ir ilgaam\u017eis. Mikropluo\u0161to virtuvinis rank\u0161luostis rudas\u00a0\u2013 tai modernus sprendimas, kuris puikiai suderina prakti\u0161kum\u0105, efektyvum\u0105 ir stili\u0173 j\u016bs\u0173 virtuv\u0117je.<\/p>\n<h3 data-section-id=\"1b24xcx\" data-start=\"502\" data-end=\"551\">Kod\u0117l verta rinktis mikropluo\u0161to rank\u0161luost\u012f?<\/h3>\n<p data-start=\"553\" data-end=\"779\">Mikropluo\u0161tas \u0161iandien laikomas viena pa\u017eangiausi\u0173 tekstil\u0117s med\u017eiag\u0173, naudojam\u0173 valymui ir dr\u0117gm\u0117s sug\u0117rimui. \u0160ios med\u017eiagos pluo\u0161tai yra itin ploni ir tank\u016bs, tod\u0117l jie puikiai sugeria vanden\u012f, riebalus bei kitus ne\u0161varumus.<\/p>\n<p data-start=\"781\" data-end=\"1055\">Mikropluo\u0161to virtuvinis rank\u0161luostis rudas yra ypa\u010d prakti\u0161kas pasirinkimas virtuv\u0117je, nes jis leid\u017eia greitai ir efektyviai nuvalyti \u012fvairius pavir\u0161ius. Skirtingai nei tradiciniai medvilniniai rank\u0161luos\u010diai, mikropluo\u0161tas gali sugerti kelis kartus daugiau dr\u0117gm\u0117s nei pats sveria.<\/p>\n<h3 data-section-id=\"eu7mff\" data-start=\"1057\" data-end=\"1088\">Efektyvus dr\u0117gm\u0117s sug\u0117rimas<\/h3>\n<p data-start=\"1090\" data-end=\"1301\">Vienas did\u017eiausi\u0173 mikropluo\u0161to privalum\u0173 \u2013 <a href=\"https:\/\/www.quora.com\/Why-are-microfiber-towels-better-for-hair\" target=\"_blank\" rel=\"noopener\">i\u0161skirtinis dr\u0117gm\u0117s sug\u0117rimas<\/a>. Mikropluo\u0161to virtuvinis rank\u0161luostis rudas\u00a0leid\u017eia greitai nusausinti stalvir\u0161ius, kriaukles ar indus, tod\u0117l virtuv\u0117 i\u0161lieka \u0161vari ir tvarkinga.<\/p>\n<p data-start=\"1303\" data-end=\"1484\">Net ir nedidelis rank\u0161luostis gali sugerti didel\u012f kiek\u012f vandens. Tai rei\u0161kia, kad vieno rank\u0161luos\u010dio da\u017enai pakanka keliems darbams atlikti \u2013 nuo ind\u0173 \u0161luostymo iki pavir\u0161i\u0173 valymo.<\/p>\n<h3 data-section-id=\"tkc7dt\" data-start=\"1486\" data-end=\"1507\">Greitas d\u017ei\u016bvimas<\/h3>\n<p data-start=\"1509\" data-end=\"1678\">Dar viena svarbi mikropluo\u0161to savyb\u0117 \u2013 greitas d\u017ei\u016bvimas. Po naudojimo mikropluo\u0161to virtuvinis rank\u0161luostis rudas\u00a0greitai i\u0161d\u017ei\u016bsta, tod\u0117l jame nesikaupia dr\u0117gm\u0117 ir bakterijos.<\/p>\n<p data-start=\"1680\" data-end=\"1840\">Tai ypa\u010d svarbu virtuv\u0117je, kur higiena yra itin svarbi. Greitai d\u017ei\u016bstantis rank\u0161luostis visada pasiruo\u0161\u0119s kitam naudojimui ir ilgiau i\u0161lieka \u0161varus bei gaivus.<\/p>\n<h3 data-section-id=\"jb9hqq\" data-start=\"1842\" data-end=\"1866\">Be p\u016bkeli\u0173 ir dry\u017ei\u0173<\/h3>\n<p data-start=\"1868\" data-end=\"2050\">Valant blizgius ar stiklinius pavir\u0161ius da\u017enai kyla problema \u2013 lieka p\u016bkeliai arba dry\u017eiai. Ta\u010diau mikropluo\u0161to audinys pasi\u017eymi tuo, kad po valymo pavir\u0161iai i\u0161lieka idealiai \u0161var\u016bs.<\/p>\n<p data-start=\"2052\" data-end=\"2102\">Mikropluo\u0161to virtuvinis rank\u0161luostis rudas puikiai tinka:<\/p>\n<ul data-start=\"2104\" data-end=\"2239\">\n<li data-section-id=\"1cbjoe3\" data-start=\"2104\" data-end=\"2130\">\n<p data-start=\"2106\" data-end=\"2130\">stikliniams pavir\u0161iams<\/p>\n<\/li>\n<li data-section-id=\"hu7a60\" data-start=\"2131\" data-end=\"2181\">\n<p data-start=\"2133\" data-end=\"2181\">ner\u016bdijan\u010dio plieno buitin\u0117s technikos valymui<\/p>\n<\/li>\n<li data-section-id=\"16c7jhq\" data-start=\"2182\" data-end=\"2220\">\n<p data-start=\"2184\" data-end=\"2220\">stalvir\u0161i\u0173 ir kriaukli\u0173 \u0161luostymui<\/p>\n<\/li>\n<li data-section-id=\"1vk83yl\" data-start=\"2221\" data-end=\"2239\">\n<p data-start=\"2223\" data-end=\"2239\">ind\u0173 d\u017eiovinimui<\/p>\n<\/li>\n<\/ul>\n<p data-start=\"2241\" data-end=\"2327\">Po valymo nelieka joki\u0173 p\u016bkeli\u0173 ar vandens \u017eymi\u0173 \u2013 tik \u0161varus ir blizgantis pavir\u0161ius.<\/p>\n<h3 data-section-id=\"eiwuq2\" data-start=\"2329\" data-end=\"2361\">Ilgaam\u017ei\u0161kumas ir atsparumas<\/h3>\n<p data-start=\"2363\" data-end=\"2565\">Kokybi\u0161kas mikropluo\u0161to virtuvinis rank\u0161luostis ruda\u00a0gali tarnauti labai ilgai. Tvirtas audinys ir kokybi\u0161kos si\u016bl\u0117s u\u017etikrina, kad rank\u0161luostis nepraras savo formos ir funkcionalumo net po daugelio skalbim\u0173.<\/p>\n<p data-start=\"2567\" data-end=\"2629\">Skirtingai nei kai kurie \u012fprasti rank\u0161luos\u010diai, mikropluo\u0161tas:<\/p>\n<ul data-start=\"2631\" data-end=\"2719\">\n<li data-section-id=\"1nvuqy3\" data-start=\"2631\" data-end=\"2658\">\n<p data-start=\"2633\" data-end=\"2658\">nesusitraukia skalbiant<\/p>\n<\/li>\n<li data-section-id=\"14h46ak\" data-start=\"2659\" data-end=\"2681\">\n<p data-start=\"2661\" data-end=\"2681\">nepraranda spalvos<\/p>\n<\/li>\n<li data-section-id=\"1jcwakc\" data-start=\"2682\" data-end=\"2719\">\n<p data-start=\"2684\" data-end=\"2719\">i\u0161lieka mink\u0161tas ir malonus naudoti<\/p>\n<\/li>\n<\/ul>\n<p data-start=\"2721\" data-end=\"2816\">Tai rei\u0161kia, kad vienas rank\u0161luostis gali b\u016bti naudojamas ilg\u0105 laik\u0105 neprarandant savo kokyb\u0117s.<\/p>\n<h3 data-section-id=\"1rf1ay5\" data-start=\"2818\" data-end=\"2854\">Ekologi\u0161kas sprendimas kasdienai<\/h3>\n<p data-start=\"2856\" data-end=\"3000\">Vis daugiau \u017emoni\u0173 ie\u0161ko b\u016bd\u0173, kaip suma\u017einti chemini\u0173 valymo priemoni\u0173 naudojim\u0105. Mikropluo\u0161to virtuvinis rank\u0161luostis rudas\u00a0gali pad\u0117ti tai padaryti.<\/p>\n<p data-start=\"3002\" data-end=\"3189\">D\u0117l savo specialios pluo\u0161to strukt\u016bros mikropluo\u0161tas gali pa\u0161alinti riebalus ir ne\u0161varumus net naudojant tik vanden\u012f. Tai leid\u017eia valyti pavir\u0161ius efektyviai ir tuo pa\u010diu tausoti aplink\u0105.<\/p>\n<p data-start=\"3191\" data-end=\"3288\">Be to, daugkartinis rank\u0161luostis padeda suma\u017einti vienkartini\u0173 popierini\u0173 rank\u0161luos\u010di\u0173 naudojim\u0105.<\/p>\n<h3 data-section-id=\"1op5cco\" data-start=\"3290\" data-end=\"3329\">Ruda spalva \u2013 prakti\u0161ka ir stilinga<\/h3>\n<p data-start=\"3331\" data-end=\"3497\">Ruda spalva virtuv\u0117je sukuria \u0161ilumos ir jaukumo poj\u016bt\u012f. Mikropluo\u0161to virtuvinis rank\u0161luostis rudas\u00a0lengvai dera prie \u012fvairi\u0173 interjero stili\u0173 \u2013 nuo moderni\u0173 iki klasikini\u0173.<\/p>\n<p data-start=\"3499\" data-end=\"3537\">\u0160i spalva turi ir praktini\u0173 privalum\u0173:<\/p>\n<ul data-start=\"3539\" data-end=\"3676\">\n<li data-section-id=\"f9twf1\" data-start=\"3539\" data-end=\"3570\">\n<p data-start=\"3541\" data-end=\"3570\">ant jos ma\u017eiau matosi d\u0117m\u0117s<\/p>\n<\/li>\n<li data-section-id=\"zyx6ws\" data-start=\"3571\" data-end=\"3610\">\n<p data-start=\"3573\" data-end=\"3610\">ji ilgiau i\u0161laiko estetin\u0119 i\u0161vaizd\u0105<\/p>\n<\/li>\n<li data-section-id=\"k9135h\" data-start=\"3611\" data-end=\"3676\">\n<p data-start=\"3613\" data-end=\"3676\">puikiai dera su mediniais pavir\u0161iais ir nat\u016braliais atspalviais<\/p>\n<\/li>\n<\/ul>\n<p data-start=\"3678\" data-end=\"3762\">Tod\u0117l toks rank\u0161luostis ne tik funkcionalus, bet ir papildo bendr\u0105 virtuv\u0117s dizain\u0105.<\/p>\n<h3 data-section-id=\"10jgrwi\" data-start=\"3764\" data-end=\"3807\">Puikus pasirinkimas kiekvienai virtuvei<\/h3>\n<p data-start=\"3809\" data-end=\"4029\">Apibendrinant galima pasakyti, kad mikropluo\u0161to virtuvinis rank\u0161luostis ruda\u00a0yra vienas prakti\u0161kiausi\u0173 pasirinkim\u0173 kasdieniams virtuv\u0117s darbams. Jis puikiai sugeria dr\u0117gm\u0119, greitai d\u017ei\u016bsta, nepalieka p\u016bkeli\u0173 ir tarnauja ilgai.<\/p>\n<p data-start=\"4031\" data-end=\"4289\" data-is-last-node=\"\" data-is-only-node=\"\">Be to, jo universali ruda spalva leid\u017eia lengvai priderinti rank\u0161luost\u012f prie bet kokio virtuv\u0117s interjero. Jei ie\u0161kote patikimo, patogaus ir esteti\u0161ko sprendimo savo virtuvei, mikropluo\u0161to rank\u0161luostis gali tapti nepakei\u010diamu pagalbininku kasdien\u0117je buityje.<\/p>\n<\/div>\n<\/div>\n<\/div>\n<\/div>\n<\/div>\n<\/div>\n<\/article>\n<hr data-start=\"1837\" data-end=\"1840\" \/>\n<h4 data-start=\"1842\" data-end=\"1867\">Technin\u0117 informacija<\/h4>\n<ul data-start=\"1868\" data-end=\"2092\">\n<li data-start=\"1868\" data-end=\"1956\">\n<p data-start=\"1870\" data-end=\"1956\"><strong data-start=\"1870\" data-end=\"1885\">I\u0161matavimai<\/strong>: 35&#215;50 cm \u2013 idealus dydis indams, stalo \u012frankiams ar pavir\u0161i\u0173 valymui.<\/p>\n<\/li>\n<li data-start=\"1957\" data-end=\"2002\">\n<p data-start=\"1959\" data-end=\"2002\"><strong data-start=\"1959\" data-end=\"1970\">Sud\u0117tis<\/strong>: Auk\u0161tos kokyb\u0117s mikropluo\u0161tas.<\/p>\n<\/li>\n<li data-start=\"2003\" data-end=\"2092\">\n<p data-start=\"2005\" data-end=\"2092\"><strong data-start=\"2005\" data-end=\"2018\">Prie\u017ei\u016bra<\/strong>: Skalbkite be skalavimo priemoni\u0173 ir kartu su pana\u0161i\u0173 spalv\u0173 skalbiniais.<\/p>\n<\/li>\n<\/ul>\n<hr data-start=\"2094\" data-end=\"2097\" \/>\n<h4 data-start=\"2099\" data-end=\"2116\">Kur \u012fsigyti?<\/h4>\n<p data-start=\"2118\" data-end=\"2297\">Rud\u0105 mikropluo\u0161to virtuvin\u012f rank\u0161luost\u012f rasite Elia\u2019s HOME el. <a href=\"https:\/\/www.eliashome.eu\/parduotuve\/\">parduotuv\u0117je<\/a> \u2013 tai patikimas pasirinkimas ie\u0161kantiems stiling\u0173, patvari\u0173 ir funkcionali\u0173 virtuv\u0117s tekstil\u0117s gamini\u0173.<\/p>\n<hr data-start=\"2299\" data-end=\"2302\" \/>\n<p data-start=\"2304\" data-end=\"2403\" data-is-last-node=\"\" data-is-only-node=\"\">\n","protected":false},"excerpt":{"rendered":"<p>\u0160velnus ir mink\u0161tas mikropluo\u0161to rank\u0161luostis:<br \/>\n\u2022 I\u0161skirtinai greitai sugeria dr\u0117gm\u0119;<br \/>\n\u2022 Greitai i\u0161sausina plaukus;<br \/>\n\u2022 I\u0161d\u017ei\u016bv\u0119s lieka \u0161velnus ir mink\u0161tas;<br \/>\n\u2022 Lengvai i\u0161siskalbia, ne\u012fgeria d\u0117mi\u0173, nelaiko blogo kvapo;<br \/>\n\u2022 Puikiai i\u0161sausina indus, stikl\u0105, nepalieka vandens d\u0117mi\u0173, smulki\u0173 p\u016bkeli\u0173;<\/p>","protected":false},"featured_media":9045,"comment_status":"open","ping_status":"closed","template":"","meta":{"_kad_blocks_custom_css":"","_kad_blocks_head_custom_js":"","_kad_blocks_body_custom_js":"","_kad_blocks_footer_custom_js":""},"product_brand":[],"product_cat":[636],"product_tag":[],"class_list":{"0":"post-9044","1":"product","2":"type-product","3":"status-publish","4":"has-post-thumbnail","6":"product_cat-virtuviniai-ranksluosciai","8":"first","9":"instock","10":"shipping-taxable","11":"purchasable","12":"product-type-simple"},"ct_brands":[],"taxonomy_info":{"product_cat":[{"value":636,"label":"Virtuviniai rank\u0161luos\u010diai"}]},"featured_image_src_large":["https:\/\/www.eliashome.eu\/wp-content\/uploads\/2025\/08\/Ranksluostis-virtuvinis-rudas-1024x768.png",1024,768,true],"author_info":[],"comment_info":0,"jetpack_sharing_enabled":true,"_links":{"self":[{"href":"https:\/\/www.eliashome.eu\/en\/wp-json\/wp\/v2\/product\/9044","targetHints":{"allow":["GET"]}}],"collection":[{"href":"https:\/\/www.eliashome.eu\/en\/wp-json\/wp\/v2\/product"}],"about":[{"href":"https:\/\/www.eliashome.eu\/en\/wp-json\/wp\/v2\/types\/product"}],"replies":[{"embeddable":true,"href":"https:\/\/www.eliashome.eu\/en\/wp-json\/wp\/v2\/comments?post=9044"}],"wp:featuredmedia":[{"embeddable":true,"href":"https:\/\/www.eliashome.eu\/en\/wp-json\/wp\/v2\/media\/9045"}],"wp:attachment":[{"href":"https:\/\/www.eliashome.eu\/en\/wp-json\/wp\/v2\/media?parent=9044"}],"wp:term":[{"taxonomy":"product_brand","embeddable":true,"href":"https:\/\/www.eliashome.eu\/en\/wp-json\/wp\/v2\/product_brand?post=9044"},{"taxonomy":"product_cat","embeddable":true,"href":"https:\/\/www.eliashome.eu\/en\/wp-json\/wp\/v2\/product_cat?post=9044"},{"taxonomy":"product_tag","embeddable":true,"href":"https:\/\/www.eliashome.eu\/en\/wp-json\/wp\/v2\/product_tag?post=9044"}],"curies":[{"name":"wp","href":"https:\/\/api.w.org\/{rel}","templated":true}]}}