{"id":8398,"date":"2024-01-18T00:29:57","date_gmt":"2024-01-18T00:29:57","guid":{"rendered":"https:\/\/svetainiuseo.lt\/?post_type=product&#038;p=8398"},"modified":"2026-03-20T07:28:59","modified_gmt":"2026-03-20T07:28:59","slug":"virtuvinis-ranksluostis-pilkas","status":"publish","type":"product","link":"https:\/\/www.eliashome.eu\/en\/dovanu-parduotuve\/virtuviniai-ranksluosciai\/virtuvinis-ranksluostis-pilkas\/","title":{"rendered":"Mikropluo\u0161to virtuvinis rank\u0161luostis pilkas"},"content":{"rendered":"<h2><strong>Mikropluo\u0161to virtuvinis rank\u0161luostis pilkas: efektyvumas ir funkcionalumas j\u016bs\u0173 virtuv\u0117je<\/strong><\/h2>\n<p>Ie\u0161kote virtuv\u0117s rank\u0161luos\u010dio, kuris pasi\u017eym\u0117t\u0173 puikiu dr\u0117gm\u0117s sug\u0117rimu ir praturtint\u0173 j\u016bs\u0173 virtuv\u0117s funkcionalum\u0105? Mikropluo\u0161to virtuvinis rank\u0161luostis pilkas yra b\u016btent tai, ko reikia prakti\u0161kam ir efektyviam darbui virtuv\u0117je. \u0160is pilkas mikropluo\u0161to rank\u0161luostis pasi\u017eymi tiek i\u0161skirtin\u0117mis savyb\u0117mis, tiek neutralia spalva, kuri tiks bet kokiam interjerui.<\/p>\n<h3><strong>Kod\u0117l verta rinktis mikropluo\u0161to virtuvin\u012f rank\u0161luost\u012f?<\/strong><\/h3>\n<p>Mikropluo\u0161to virtuvinis rank\u0161luostis pilkas yra prakti\u0161kas pasirinkimas, kuris i\u0161siskiria i\u0161 kit\u0173 tradicini\u0173 virtuvini\u0173 rank\u0161luos\u010di\u0173. Jis ne tik puikiai sugeria dr\u0117gm\u0119, bet ir greitai d\u017ei\u016bsta, yra ilgaam\u017eis bei nepalieka p\u016bkeli\u0173 ant pavir\u0161i\u0173. Elia&#8217;s HOME mikropluo\u0161to rank\u0161luostis taip pat u\u017etikrina, kad po ind\u0173 valymo nelikt\u0173 vandens d\u0117mi\u0173 ant stiklini\u0173 ir metalini\u0173 ind\u0173. Tokios savyb\u0117s ypa\u010d svarbios kasdien\u0117ms u\u017eduotims virtuv\u0117je, kur \u0161vara ir efektyvumas yra b\u016btini.<\/p>\n<h3><strong>Pilka spalva \u2013 universalus pasirinkimas bet kokiam interjerui<\/strong><\/h3>\n<p>Pilka spalva yra neutrali ir lengvai pritaikoma prie bet kokio virtuv\u0117s stiliaus, nuo modernaus iki klasikinio. Mikropluo\u0161to virtuvinis rank\u0161luostis pilkas ne tik atlieka savo<a href=\"https:\/\/www.quora.com\/What-are-the-benefits-of-using-a-microfiber-towel-instead-of-a-regular-towel-when-showering\" target=\"_blank\" rel=\"noopener\"> funkcij\u0105<\/a>, bet ir tampa stilingu virtuv\u0117s aksesuaru, puikiai deran\u010diu su \u012fvairi\u0173 spalv\u0173 virtuviniais pavir\u0161iais. \u0160is pilkas atspalvis suteikia j\u016bs\u0173 virtuvei solidumo ir ramyb\u0117s poj\u016bt\u012f, i\u0161laikant estetin\u012f vientisum\u0105.<\/p>\n<h3><strong>Mikropluo\u0161to rank\u0161luos\u010dio privalumai<\/strong><\/h3>\n<ol>\n<li>\n<h4><strong>Puikus dr\u0117gm\u0117s sug\u0117rimas<\/strong><\/h4>\n<\/li>\n<\/ol>\n<p>Vienas i\u0161 svarbiausi\u0173 mikropluo\u0161to virtuvinio rank\u0161luos\u010dio privalum\u0173 yra jo geb\u0117jimas greitai ir efektyviai sugerti didelius dr\u0117gm\u0117s kiekius. Mikropluo\u0161to virtuvinis rank\u0161luostis pilkas sugeria vanden\u012f grei\u010diau nei tradiciniai medvilniniai rank\u0161luos\u010diai. Po ind\u0173 plovimo ar pavir\u0161i\u0173 valymo jis puikiai pa\u0161alina dr\u0117gm\u0119, tod\u0117l ant pavir\u0161i\u0173 nebelieka joki\u0173 \u017eymi\u0173 ar d\u0117mi\u0173. D\u0117l \u0161ios savyb\u0117s jis yra nepakei\u010diamas virtuv\u0117je.<\/p>\n<ol start=\"2\">\n<li>\n<h4><strong>Greitas d\u017ei\u016bvimas<\/strong><\/h4>\n<\/li>\n<\/ol>\n<p>Virtuv\u0117je patogumas yra svarbiausias, tod\u0117l mikropluo\u0161to virtuvinis rank\u0161luostis pilkas d\u017ei\u016bsta itin greitai. Mikropluo\u0161to strukt\u016bra ne tik sugeria daugiau dr\u0117gm\u0117s, bet ir padeda jai spar\u010diai i\u0161garuoti. Tai rei\u0161kia, kad rank\u0161luostis ilgiau i\u0161liks \u0161varus ir gaivus, kadangi nesikaups dr\u0117gm\u0117, o po plovimo greitai i\u0161d\u017eius.<\/p>\n<ol start=\"3\">\n<li>\n<h4><strong>Nepalieka p\u016bkeli\u0173 ir d\u0117mi\u0173<\/strong><\/h4>\n<\/li>\n<\/ol>\n<p>Vienas did\u017eiausi\u0173 mikropluo\u0161to privalum\u0173 yra jo geb\u0117jimas nepalikti p\u016bkeli\u0173 ir vandens d\u0117mi\u0173 ant pavir\u0161i\u0173. Elia&#8217;s HOME mikropluo\u0161to virtuvinis rank\u0161luostis pilkas yra idealus pasirinkimas valant stiklinius ir metalinius indus, nes po naudojimo pavir\u0161iai i\u0161lieka \u0161var\u016bs ir blizgantys, be joki\u0173 d\u0117mi\u0173. \u0160is rank\u0161luos\u010dio p\u016bkeliai neprilips prie pavir\u0161i\u0173 ir paliks juos skaidrius ir \u0161varius po kiekvieno naudojimo.<\/p>\n<ol start=\"4\">\n<li>\n<h4><strong>Ilgaam\u017ei\u0161kumas ir atsparumas<\/strong><\/h4>\n<\/li>\n<\/ol>\n<p>Mikropluo\u0161tas yra ypatingai patvarus, tod\u0117l mikropluo\u0161to virtuvinis rank\u0161luostis pilkas ilgai i\u0161liks puikios b\u016bkl\u0117s net po daugelio skalbim\u0173. Jis atsparus d\u0117v\u0117jimuisi ir nepraranda savo savybi\u0173, tod\u0117l nereik\u0117s da\u017enai jo keisti. Tai rei\u0161kia ne tik ilgaam\u017ei\u0161kum\u0105, bet ir ilgalaik\u0119 investicij\u0105 \u012f kokybi\u0161k\u0105 produkt\u0105, kuris laikui b\u0117gant pad\u0117s taupyti l\u0117\u0161as.<\/p>\n<ol start=\"5\">\n<li>\n<h4><strong>Ekologi\u0161kas valymas be chemini\u0173 priemoni\u0173<\/strong><\/h4>\n<\/li>\n<\/ol>\n<p>Mikropluo\u0161to virtuvinis rank\u0161luostis pilkas padeda efektyviai valyti pavir\u0161ius net ir be papildom\u0173 chemini\u0173 priemoni\u0173. Tai ypa\u010d naudinga virtuv\u0117je, kurioje norite i\u0161laikyti \u0161var\u0105 be papildom\u0173 valikli\u0173. Mikropluo\u0161tas puikiai \u0161alina ne\u0161varumus ir riebal\u0173 d\u0117mes tiek sausai, tiek dr\u0117gnai naudojant, o tai rei\u0161kia, kad \u0161is rank\u0161luostis yra ne tik patogus, bet ir ekologi\u0161kas pasirinkimas.<\/p>\n<h3><strong>Prakti\u0161kumas ir elegancija viename<\/strong><\/h3>\n<p>Mikropluo\u0161to virtuvinis rank\u0161luostis pilkas yra ne tik efektyvus, bet ir lengvai pri\u017ei\u016brimas. Jis atsparus d\u0117m\u0117ms ir spalv\u0173 blukimui, tod\u0117l i\u0161liks toks pat pilkas ir gaivus net po daugelio skalbim\u0173. \u0160is rank\u0161luostis yra lengvas, patogus naudoti, o jo efektyvumas pad\u0117s sutaupyti laiko atliekant kasdienes u\u017eduotis virtuv\u0117je. Be to, j\u012f galima lengvai skalbti skalbimo ma\u0161inoje, ir jis greitai i\u0161d\u017eius po kiekvieno plovimo.<\/p>\n<p>\u0160io tipo mikropluo\u0161to virtuvinis rank\u0161luostis puikiai tinka tiek kasdieniam ind\u0173 d\u017eiovinimui, tiek pavir\u0161i\u0173 valymui, nes nepalieka p\u016bkeli\u0173 ir dry\u017ei\u0173. D\u0117l savo patogumo ir efektyvumo jis taps nepakei\u010diamu pagalbininku j\u016bs\u0173 virtuv\u0117je.<\/p>\n<h2><strong>Kur \u012fsigyti mikropluo\u0161to virtuvin\u012f rank\u0161luost\u012f pilk\u0105?<\/strong><\/h2>\n<p>Jeigu ie\u0161kote kokybi\u0161ko mikropluo\u0161to virtuvinio rank\u0161luos\u010dio, <a href=\"https:\/\/www.eliashome.eu\/en\/dovanu-parduotuve\/virtuviniai-ranksluosciai\/virtuvinis-ranksluostis-pilkas\/\">Elia&#8217;s HOME<\/a> si\u016blo plat\u0173 pasirinkim\u0105, atitinkant\u012f tiek funkcionalumo, tiek estetikos poreikius. \u010cia rasite ne tik prakti\u0161kus, bet ir stilingus virtuvinius gaminius, kurie praturtins j\u016bs\u0173 namus.<\/p>\n<p>Pasirinkdami mikropluo\u0161to virtuvin\u012f rank\u0161luost\u012f pilk\u0105, investuojate \u012f ilgalaik\u012f ir kokybi\u0161k\u0105 produkt\u0105, kuris u\u017etikrins, kad j\u016bs\u0173 virtuv\u0117 i\u0161likt\u0173 tvarkinga ir \u0161vari be papildom\u0173 pastang\u0173.<\/p>\n<p>&nbsp;<\/p>\n<p>Skalbimo metu rekomenduojama nenaudoti skalavimo priemoni\u0173. Skalbti su pana\u0161ios spalvos gaminiais.<\/p>\n<p>35&#215;50 &#8211; virtuv\u0117s indams ir stalo \u012frankiams.<\/p>","protected":false},"excerpt":{"rendered":"<p>\u0160velnus ir mink\u0161tas mikropluo\u0161to rank\u0161luostis:<br \/>\n\u2022 I\u0161skirtinai greitai sugeria dr\u0117gm\u0119;<br \/>\n\u2022 Greitai i\u0161sausina plaukus;<br \/>\n\u2022 I\u0161d\u017ei\u016bv\u0119s lieka \u0161velnus ir mink\u0161tas;<br \/>\n\u2022 Lengvai i\u0161siskalbia, ne\u012fgeria d\u0117mi\u0173, nelaiko blogo kvapo;<br \/>\n\u2022 Puikiai i\u0161sausina indus, stikl\u0105, nepalieka vandens d\u0117mi\u0173, smulki\u0173 p\u016bkeli\u0173;<\/p>","protected":false},"featured_media":8344,"comment_status":"open","ping_status":"closed","template":"","meta":{"_kad_blocks_custom_css":"","_kad_blocks_head_custom_js":"","_kad_blocks_body_custom_js":"","_kad_blocks_footer_custom_js":""},"product_brand":[],"product_cat":[636],"product_tag":[],"class_list":{"0":"post-8398","1":"product","2":"type-product","3":"status-publish","4":"has-post-thumbnail","6":"product_cat-virtuviniai-ranksluosciai","8":"first","9":"instock","10":"shipping-taxable","11":"purchasable","12":"product-type-simple"},"taxonomy_info":{"product_cat":[{"value":636,"label":"Virtuviniai rank\u0161luos\u010diai"}]},"featured_image_src_large":["https:\/\/www.eliashome.eu\/wp-content\/uploads\/2024\/01\/Ranksluostis-virtuvinis-pilkas-1024x768.png",1024,768,true],"author_info":[],"comment_info":1,"jetpack_sharing_enabled":true,"_links":{"self":[{"href":"https:\/\/www.eliashome.eu\/en\/wp-json\/wp\/v2\/product\/8398","targetHints":{"allow":["GET"]}}],"collection":[{"href":"https:\/\/www.eliashome.eu\/en\/wp-json\/wp\/v2\/product"}],"about":[{"href":"https:\/\/www.eliashome.eu\/en\/wp-json\/wp\/v2\/types\/product"}],"replies":[{"embeddable":true,"href":"https:\/\/www.eliashome.eu\/en\/wp-json\/wp\/v2\/comments?post=8398"}],"wp:featuredmedia":[{"embeddable":true,"href":"https:\/\/www.eliashome.eu\/en\/wp-json\/wp\/v2\/media\/8344"}],"wp:attachment":[{"href":"https:\/\/www.eliashome.eu\/en\/wp-json\/wp\/v2\/media?parent=8398"}],"wp:term":[{"taxonomy":"product_brand","embeddable":true,"href":"https:\/\/www.eliashome.eu\/en\/wp-json\/wp\/v2\/product_brand?post=8398"},{"taxonomy":"product_cat","embeddable":true,"href":"https:\/\/www.eliashome.eu\/en\/wp-json\/wp\/v2\/product_cat?post=8398"},{"taxonomy":"product_tag","embeddable":true,"href":"https:\/\/www.eliashome.eu\/en\/wp-json\/wp\/v2\/product_tag?post=8398"}],"curies":[{"name":"wp","href":"https:\/\/api.w.org\/{rel}","templated":true}]}}