{"id":8395,"date":"2024-01-18T00:27:23","date_gmt":"2024-01-18T00:27:23","guid":{"rendered":"https:\/\/svetainiuseo.lt\/?post_type=product&#038;p=8395"},"modified":"2026-04-02T08:34:00","modified_gmt":"2026-04-02T08:34:00","slug":"mikropluosto-ranksluostis-plaukams-rudas","status":"publish","type":"product","link":"https:\/\/www.eliashome.eu\/en\/dovanu-parduotuve\/dovana\/mikropluosto-ranksluostis-plaukams-rudas\/","title":{"rendered":"Mikropluo\u0161to rank\u0161luostis plaukams rudas"},"content":{"rendered":"<h2>Mikropluo\u0161to rank\u0161luostis plaukams rudas: modernumas ir funkcionalumas<\/h2>\n<p>Ie\u0161kote patikimo rank\u0161luos\u010dio, kuris akimirksniu nusausins j\u016bs\u0173 plaukus? Mikropluo\u0161to rank\u0161luostis plaukams rudas yra puikus ir \u0161iuolaiki\u0161kas pasirinkimas. \u0160is rank\u0161luostis ne tik d\u017eiugins ak\u012f savo nat\u016bralia spalva, bet ir d\u017eiugins patogumu naudojant.<\/p>\n<h3>\u00a0Kod\u0117l verta rinktis mikropluo\u0161to rank\u0161luost\u012f?<\/h3>\n<p><a href=\"https:\/\/www.youtube.com\/watch?v=Ob-4-ZysYOw\" target=\"_blank\" rel=\"noopener\">Mikropluo\u0161to rank\u0161luostis<\/a> plaukams rudas pasi\u017eymi unikaliomis savyb\u0117mis, kurios suteikia jam ai\u0161k\u0173 prana\u0161um\u0105 prie\u0161 tradicinius medvilninius variantus. Mikropluo\u0161tas gars\u0117ja i\u0161skirtiniu geb\u0117jimu efektyviai sugerti dr\u0117gm\u0119, greitai d\u017ei\u016bti ir ilgai tarnauti. Be to, \u0161is audinys yra \u0161velnus ir malonus liesti, tod\u0117l puikiai tinka tiek suaugusiems, tiek vaikams. Ruda spalva, savo nat\u016braliais tonais, suteiks j\u016bs\u0173 vonios kambariui \u0161ilumos ir jaukumo.<\/p>\n<h3>\u00a0Ruda spalva \u2013 nat\u016bralus ir universalus pasirinkimas<\/h3>\n<p>Ruda spalva da\u017enai siejama su gamta ir \u0161iluma, tod\u0117l ji lengvai dera prie \u012fvairi\u0173 interjero sprendim\u0173. Mikropluo\u0161to rank\u0161luostis plaukams rudas tiks tiek moderniame, tiek klasikinio stiliaus vonios kambaryje, suteikdamas \u0161ilto ir jaukaus prisilietimo. Nesvarbu, ar j\u016bs\u0173 vonios kambarys yra dekoruotas ry\u0161kiomis spalvomis, ar minimalistiniais tonais, \u0161is rank\u0161luostis puikiai der\u0117s bet kokioje aplinkoje.<\/p>\n<h3>Mikropluo\u0161to rank\u0161luos\u010dio privalumai<\/h3>\n<h4>\u00a01. Puikus dr\u0117gm\u0117s sug\u0117rimas<\/h4>\n<p>Viena pagrindini\u0173 mikropluo\u0161to savybi\u0173 yra jo geb\u0117jimas efektyviai sugerti dr\u0117gm\u0119. Palyginti su kitomis med\u017eiagomis, mikropluo\u0161to rank\u0161luostis plaukams rudas gali <a href=\"https:\/\/www.turbietwist.com\/blogs\/hair-towels-101\/microfiber-vs-cotton-the-science-of-hair-towels?srsltid=AfmBOoqEU4zDxuObI_hjT4MuSf7ZVqKuv-HZzxAXh9N_fLj7pf8n2rKb\" target=\"_blank\" rel=\"noopener\">sugerti daugiau vandens<\/a>, tod\u0117l po galvos trinkimo greitai pa\u0161alina dr\u0117gm\u0117s pertekli\u0173. J\u016bs\u0173 plaukai bus sausai ir patogiai nusausinti, o tai ypa\u010d svarbu kai skubate. Mikropluo\u0161tas paprastai sugeria ma\u017edaug septynis kartus daugiau vandens nei pats sveria.<\/p>\n<h4>\u00a02. Greitas d\u017ei\u016bvimas<\/h4>\n<p>Vienas did\u017eiausi\u0173 \u0161i\u0173 rank\u0161luos\u010di\u0173 privalum\u0173 \u2013 greitas d\u017ei\u016bvimas. Mikropluo\u0161tas ne tik greitai sugeria vanden\u012f, bet ir efektyviai j\u012f i\u0161garina, tod\u0117l rank\u0161luos\u010diai ilgiau i\u0161lieka \u0161var\u016bs ir malon\u016bs. Tai ypa\u010d naudinga skubantiems \u017emon\u0117ms , nes mikropluo\u0161to rank\u0161luostis plaukams rudas visada u\u017etikrins higien\u0105, net sud\u0117tingomis s\u0105lygomis.<\/p>\n<h4>\u00a03. Ilgaam\u017ei\u0161kumas<\/h4>\n<p>Mikropluo\u0161to audinys yra itin patvarus ir atsparus nusid\u0117v\u0117jimui, tod\u0117l \u0161is rank\u0161luostis ilgai i\u0161laikys savo originali\u0105 form\u0105 bei savybes. Po daugyb\u0117s skalbim\u0173 mikropluo\u0161to rank\u0161luostis plaukams rudas i\u0161liks toks pat \u0161velnus ir funkcionalus, kas ilgainiui sutaupys laiko ir pinig\u0173.<\/p>\n<h4><strong>4. Mink\u0161tumas ir \u0161velnumas odai<\/strong><\/h4>\n<p>Mikropluo\u0161tas yra ypatingai mink\u0161tas ir malonus liesti, tod\u0117l \u0161ie rank\u0161luos\u010diai yra itin tinkami jautriai odai. Jie nesukelia dirginimo ir ned\u017eiovina odos, tod\u0117l puikiai tinka vaikams ir suaugusiems, kurie vertina komfort\u0105 ir kokyb\u0119.<\/p>\n<h2>Prakti\u0161kumas ir kokyb\u0117 u\u017e prieinam\u0105 kain\u0105<\/h2>\n<p>Mikropluo\u0161to rank\u0161luostis plaukams rudas yra optimalus pasirinkimas tiems, kurie siekia derinti stili\u0173 su funkcionalumu. \u0160is rank\u0161luostis ne tik puo\u0161ia vonios kambar\u012f, bet ir u\u017etikrina, kad kasdieninis jo naudojimas b\u016bt\u0173 lengvas ir patogus. U\u017eteks tik kelioms minut\u0117ms u\u017ed\u0117ti rank\u0161luost\u012f ant i\u0161plautos galvos ir plaukai taps sausesni ir paruo\u0161ti tolimesniam plauk\u0173 formavimui. Mikropluo\u0161tas yra lengvai pri\u017ei\u016brimas \u2013 rank\u0161luost\u012f galima da\u017enai skalbti, jis greitai d\u017ei\u016bsta, tod\u0117l nereikia nuolat jo keisti. Da\u017enas skalbimas ne\u012ftakoja mikropluo\u0161to rank\u0161luos\u010dio funkcij\u0173 praradimo. Ji tikrai nenusiskalbia !Visa tai yra puiki investicija, kas sutaupys j\u016bs\u0173 pinigus atei\u010diai.<\/p>\n<h3>Kur \u012fsigyti rud\u0105 mikropluo\u0161to rank\u0161luost\u012f plaukams ?<\/h3>\n<p>\u0160\u012f rank\u0161luost\u012f galite \u012fsigyti m\u016bs\u0173 internetin\u0117je parduotuv\u0117je <a href=\"https:\/\/www.eliashome.eu\/en\/dovanu-parduotuve\/ranksluosciai-plaukams\/ranksluostis-plaukams-rudas\/\">Elia&#8217;s HOME<\/a>, kurioje rasite plat\u0173 mikropluo\u0161to gamini\u0173 asortiment\u0105. Leiskite savo namams suspind\u0117ti nat\u016bralia prabanga ir jaukumu su mikropluo\u0161to rank\u0161luos\u010diu plaukams rudu! Pasirinkdami mikropluo\u0161to rank\u0161luost\u012f plaukams rud\u0105, j\u016bs ne tik investuojate \u012f kokyb\u0119 ir patogum\u0105, bet ir suteikiate savo namams \u0161ilumos bei stiliaus.<\/p>\n<p>&nbsp;<\/p>\n<p>Skalbimo metu rekomenduojama nenaudoti skalavimo priemoni\u0173. Skalbti su pana\u0161ios spalvos gaminiais.<\/p>\n<p>50&#215;90 cm &#8211; skirtas \u0161lapiems plaukams nusausinti, taip pat ir veidui sausinti<\/p>","protected":false},"excerpt":{"rendered":"<p>\u0160velnus ir mink\u0161tas mikropluo\u0161to rank\u0161luostis:<br \/>\n\u2022 I\u0161skirtinai greitai sugeria dr\u0117gm\u0119;<br \/>\n\u2022 Greitai i\u0161sausina plaukus;<br \/>\n\u2022 I\u0161d\u017ei\u016bv\u0119s lieka \u0161velnus ir mink\u0161tas;<br \/>\n\u2022 Lengvai i\u0161siskalbia, ne\u012fgeria d\u0117mi\u0173, nelaiko blogo kvapo;<\/p>","protected":false},"featured_media":8789,"comment_status":"open","ping_status":"closed","template":"","meta":{"_kad_blocks_custom_css":"","_kad_blocks_head_custom_js":"","_kad_blocks_body_custom_js":"","_kad_blocks_footer_custom_js":""},"product_brand":[],"product_cat":[643],"product_tag":[],"class_list":{"0":"post-8395","1":"product","2":"type-product","3":"status-publish","4":"has-post-thumbnail","6":"product_cat-dovana","8":"first","9":"instock","10":"shipping-taxable","11":"purchasable","12":"product-type-simple"},"taxonomy_info":{"product_cat":[{"value":643,"label":"Dovana"}]},"featured_image_src_large":["https:\/\/www.eliashome.eu\/wp-content\/uploads\/2024\/11\/Ranksluostis-plauku-rudas-1024x768.png",1024,768,true],"author_info":[],"comment_info":0,"jetpack_sharing_enabled":true,"_links":{"self":[{"href":"https:\/\/www.eliashome.eu\/en\/wp-json\/wp\/v2\/product\/8395","targetHints":{"allow":["GET"]}}],"collection":[{"href":"https:\/\/www.eliashome.eu\/en\/wp-json\/wp\/v2\/product"}],"about":[{"href":"https:\/\/www.eliashome.eu\/en\/wp-json\/wp\/v2\/types\/product"}],"replies":[{"embeddable":true,"href":"https:\/\/www.eliashome.eu\/en\/wp-json\/wp\/v2\/comments?post=8395"}],"wp:featuredmedia":[{"embeddable":true,"href":"https:\/\/www.eliashome.eu\/en\/wp-json\/wp\/v2\/media\/8789"}],"wp:attachment":[{"href":"https:\/\/www.eliashome.eu\/en\/wp-json\/wp\/v2\/media?parent=8395"}],"wp:term":[{"taxonomy":"product_brand","embeddable":true,"href":"https:\/\/www.eliashome.eu\/en\/wp-json\/wp\/v2\/product_brand?post=8395"},{"taxonomy":"product_cat","embeddable":true,"href":"https:\/\/www.eliashome.eu\/en\/wp-json\/wp\/v2\/product_cat?post=8395"},{"taxonomy":"product_tag","embeddable":true,"href":"https:\/\/www.eliashome.eu\/en\/wp-json\/wp\/v2\/product_tag?post=8395"}],"curies":[{"name":"wp","href":"https:\/\/api.w.org\/{rel}","templated":true}]}}