{"id":8391,"date":"2024-01-18T00:25:55","date_gmt":"2024-01-18T00:25:55","guid":{"rendered":"https:\/\/svetainiuseo.lt\/?post_type=product&#038;p=8391"},"modified":"2026-04-12T18:00:16","modified_gmt":"2026-04-12T18:00:16","slug":"ranksluostis-plaukams-kreminis","status":"publish","type":"product","link":"https:\/\/www.eliashome.eu\/en\/dovanu-parduotuve\/ranksluosciai-plaukams\/ranksluostis-plaukams-kreminis\/","title":{"rendered":"Mikropluo\u0161to rank\u0161luostis plaukams kreminis"},"content":{"rendered":"<div class=\"flex max-w-full flex-col flex-grow\">\n<div class=\"min-h-[20px] text-message flex w-full flex-col items-end gap-2 whitespace-normal break-words [.text-message+&amp;]:mt-5\" dir=\"auto\" data-message-author-role=\"assistant\" data-message-id=\"e51263c6-2b50-4982-ab73-fe44470baedd\">\n<div class=\"flex w-full flex-col gap-1 empty:hidden first:pt-[3px]\">\n<div class=\"markdown prose w-full break-words dark:prose-invert light\">\n<h2><strong>Mikropluo\u0161to rank\u0161luostis plaukams kreminis: \u0161velnumas ir elegancija<\/strong><\/h2>\n<p>Ie\u0161kote puikaus sprendimo, kaip greitai ir lengvai i\u0161d\u017eiovinti plaukus? Mikropluo\u0161to rank\u0161luostis plaukams kreminis yra idealus pasirinkimas, garantuojantis efektyvum\u0105, elegancij\u0105 ir komfort\u0105. Pad\u0117sime jums suprasti, kod\u0117l mikropluo\u0161to rank\u0161luostis plaukams kreminis tur\u0117t\u0173 tapti j\u016bs\u0173 kasdieniu aksesuaru vonios kambaryje.<\/p>\n<h3><strong>Kod\u0117l rinktis mikropluo\u0161to rank\u0161luost\u012f?<\/strong><\/h3>\n<p>Mikropluo\u0161to rank\u0161luostis plaukams kreminis pasi\u017eymi unikaliais privalumais, kurie j\u012f i\u0161skiria i\u0161 kit\u0173 med\u017eiag\u0173. Mikropluo\u0161tas yra \u017einomas d\u0117l savo geb\u0117jimo itin efektyviai sugerti dr\u0117gm\u0119, tod\u0117l jis padeda greitai nusausinti plaukus, tuo pa\u010diu apsaugodamas juos nuo i\u0161saus\u0117jimo. Be to, jo \u0161velnumas ir subtilumas puikiai tinka jautriai odai bei plaukams. Kremin\u0117 spalva ne tik suteiks j\u016bs\u0173 vonios kambariui prabangos, bet ir lengvai \u012fsilies \u012f bet kok\u012f interjero stili\u0173.<\/p>\n<h3><strong>Kremin\u0117 spalva \u2013 ramyb\u0117 ir rafinuotumas<\/strong><\/h3>\n<p>Kremin\u0117 spalva simbolizuoja \u0161velnum\u0105, elegancij\u0105 ir ramyb\u0119. Tai universali ir subtili spalva, kuri der\u0117s prie bet kurio vonios kambario interjero. Mikropluo\u0161to rank\u0161luostis plaukams kreminis suteiks j\u016bs\u0173 erdvei jaukumo ir stiliaus, o jo neutralus tonas leis lengvai derinti su kitomis spalvomis ir aksesuarais. Nesvarbu, ar j\u016bs\u0173 vonios kambarys yra minimalistinis, ar kupinas spalv\u0173, kreminis rank\u0161luostis puikiai papildys j\u016bs\u0173 nam\u0173 interjer\u0105.<\/p>\n<h3><strong>Mikropluo\u0161to rank\u0161luos\u010dio privalumai<\/strong><\/h3>\n<ol>\n<li>\n<h4><strong>Auk\u0161tas dr\u0117gm\u0117s sug\u0117rimo geb\u0117jimas<\/strong><\/h4>\n<\/li>\n<\/ol>\n<p>Mikropluo\u0161to audinys gars\u0117ja savo geb\u0117jimu greitai ir<a href=\"https:\/\/www.absorbentsonline.com\/spill-containment-blog\/microfiber-vs-cotton-towels-which-absorbs-more\/\" target=\"_blank\" rel=\"noopener\"> efektyviai sugerti<\/a> didelius kiekius dr\u0117gm\u0117s. Mikropluo\u0161to rank\u0161luostis plaukams kreminis gali sugerti net kelis kartus daugiau vandens nei pats sveria, tod\u0117l j\u016bs\u0173 plaukai bus i\u0161d\u017eiovinti grei\u010diau nei naudojant tradicin\u012f medvilnin\u012f rank\u0161luost\u012f. Tai ne tik taupo laik\u0105, bet ir ma\u017eina poreik\u012f naudoti plauk\u0173 d\u017eiovintuv\u0105, apsaugant plaukus nuo kar\u0161\u010dio \u017ealos.<\/p>\n<ol start=\"2\">\n<li>\n<h4><strong>Greitas d\u017ei\u016bvimas<\/strong><\/h4>\n<\/li>\n<\/ol>\n<p>Mikropluo\u0161tas ne tik puikiai sugeria dr\u0117gm\u0119, bet ir greitai j\u0105 i\u0161garina. Tai rei\u0161kia, kad mikropluo\u0161to rank\u0161luostis plaukams kreminis ilgiau i\u0161liks \u0161varus ir sausas net da\u017enai naudojant. \u0160i savyb\u0117 ypa\u010d naudinga skubant rytais arba vykstant \u012f sporto klub\u0105, kur rank\u0161luostis turi b\u016bti greitai paruo\u0161tas kitam naudojimui. Greitas d\u017ei\u016bvimas taip pat u\u017etikrina, kad rank\u0161luostis bus ma\u017eiau link\u0119s kaupti nemalonius kvapus.<\/p>\n<ol start=\"3\">\n<li>\n<h4><strong>Ilgaam\u017ei\u0161kumas<\/strong><\/h4>\n<\/li>\n<\/ol>\n<p>Mikropluo\u0161tas yra labai patvarus audinys, tod\u0117l mikropluo\u0161to rank\u0161luostis plaukams kreminis tarnaus ilgai, net ir da\u017enai skalbiant. Po daugyb\u0117s skalbim\u0173 jis i\u0161laikys savo form\u0105, \u0161velnum\u0105 ir funkcionalum\u0105. Tai puiki investicija, nes \u0161is rank\u0161luostis nereikalauja da\u017enai keisti ar atnaujinti, tod\u0117l ilgainiui taupo tiek laik\u0105, tiek pinigus.<\/p>\n<ol start=\"4\">\n<li>\n<h4><strong>Mink\u0161tumas ir \u0161velnumas odai<\/strong><\/h4>\n<\/li>\n<\/ol>\n<p>Mikropluo\u0161to audinys yra nepaprastai \u0161velnus, tod\u0117l mikropluo\u0161to rank\u0161luostis plaukams kreminis yra puikus pasirinkimas jautriai galvos odai. Naudojant \u0161\u012f rank\u0161luost\u012f, plaukai nebus pa\u017eeid\u017eiami d\u0117l \u0161iurk\u0161taus trinimo, o oda nebus sudirginta. Tai itin aktualu \u017emon\u0117ms, kurie turi jautri\u0105 ar problemati\u0161k\u0105 od\u0105, taip pat vaikams, kuri\u0173 oda yra dar jautresn\u0117.<\/p>\n<h3><strong>Prakti\u0161kumas ir lengva prie\u017ei\u016bra<\/strong><\/h3>\n<p>Mikropluo\u0161to rank\u0161luostis plaukams kreminis yra lengvai pri\u017ei\u016brimas. J\u012f galima da\u017enai skalbti, ir jis greitai i\u0161d\u017ei\u016bsta, tod\u0117l visuomet bus pasiruo\u0161\u0119s naudoti. \u0160is rank\u0161luostis nei\u0161blunka ir nepraranda savo formos, tod\u0117l i\u0161laikys estetin\u012f patrauklum\u0105 net po ilgo naudojimo. Tai ne tik prakti\u0161kas, bet ir ekonomi\u0161kas pasirinkimas, leid\u017eiantis ilgainiui sutaupyti, nes nereikia da\u017enai keisti nusid\u0117v\u0117jusi\u0173 rank\u0161luos\u010di\u0173.<\/p>\n<h3><strong>Kur \u012fsigyti mikropluo\u0161to rank\u0161luost\u012f plaukams kremin\u012f?<\/strong><\/h3>\n<p>Mikropluo\u0161to rank\u0161luost\u012f plaukams kremin\u012f galite \u012fsigyti <a href=\"https:\/\/www.eliashome.eu\/dovanu-parduotuve\/ranksluosciai-plaukams\/ranksluostis-plaukams-kreminis\/\">Elia&#8217;s HOME<\/a> internetin\u0117je parduotuv\u0117je, kurioje rasite \u012fvair\u0173 mikropluo\u0161to produkt\u0173 asortiment\u0105. \u0160is rank\u0161luostis ne tik puikiai tarnaus j\u016bs\u0173 kasdien\u0117je rutinoje, bet ir papildys j\u016bs\u0173 namus subtilia elegancija bei \u0161iuolaiki\u0161ku stiliumi. Investuodami \u012f mikropluo\u0161to rank\u0161luost\u012f plaukams kremin\u012f, pasirinksite kokyb\u0119, patogum\u0105 ir ilgaam\u017ei\u0161kum\u0105.<\/p>\n<p>Pasirink\u0119 mikropluo\u0161to rank\u0161luost\u012f plaukams kremin\u012f, j\u016bs ne tik r\u016bpinsit\u0117s savo plaukais, bet ir sukursite maloni\u0105 aplink\u0105 savo vonios kambaryje. \u0160is rank\u0161luostis puikiai tiks tiek suaugusiems, tiek vaikams, suteikdamas komfort\u0105 ir estetik\u0105.<\/p>\n<\/div>\n<\/div>\n<\/div>\n<\/div>\n<p>Skalbimo metu rekomenduojama nenaudoti skalavimo priemoni\u0173. Skalbti su pana\u0161ios spalvos gaminiais.<\/p>\n<p>50&#215;90 cm &#8211; skirtas \u0161lapiems plaukams nusausinti, taip pat ir veidui sausinti<\/p>\n","protected":false},"excerpt":{"rendered":"<p>\u0160velnus ir mink\u0161tas mikropluo\u0161to rank\u0161luostis:<br \/>\n\u2022 I\u0161skirtinai greitai sugeria dr\u0117gm\u0119;<br \/>\n\u2022 Greitai i\u0161sausina plaukus;<br \/>\n\u2022 I\u0161d\u017ei\u016bv\u0119s lieka \u0161velnus ir mink\u0161tas;<br \/>\n\u2022 Lengvai i\u0161siskalbia, ne\u012fgeria d\u0117mi\u0173, nelaiko blogo kvapo;<\/p>","protected":false},"featured_media":8322,"comment_status":"open","ping_status":"closed","template":"","meta":{"_kad_blocks_custom_css":"","_kad_blocks_head_custom_js":"","_kad_blocks_body_custom_js":"","_kad_blocks_footer_custom_js":""},"product_brand":[],"product_cat":[635],"product_tag":[],"class_list":{"0":"post-8391","1":"product","2":"type-product","3":"status-publish","4":"has-post-thumbnail","6":"product_cat-ranksluosciai-plaukams","8":"first","9":"instock","10":"shipping-taxable","11":"purchasable","12":"product-type-simple"},"ct_brands":[],"taxonomy_info":{"product_cat":[{"value":635,"label":"Rank\u0161luos\u010diai plaukams"}]},"featured_image_src_large":["https:\/\/www.eliashome.eu\/wp-content\/uploads\/2024\/01\/Ranksluostis-plauku-kreminis-1-1024x768.png",1024,768,true],"author_info":[],"comment_info":0,"jetpack_sharing_enabled":true,"_links":{"self":[{"href":"https:\/\/www.eliashome.eu\/en\/wp-json\/wp\/v2\/product\/8391","targetHints":{"allow":["GET"]}}],"collection":[{"href":"https:\/\/www.eliashome.eu\/en\/wp-json\/wp\/v2\/product"}],"about":[{"href":"https:\/\/www.eliashome.eu\/en\/wp-json\/wp\/v2\/types\/product"}],"replies":[{"embeddable":true,"href":"https:\/\/www.eliashome.eu\/en\/wp-json\/wp\/v2\/comments?post=8391"}],"wp:featuredmedia":[{"embeddable":true,"href":"https:\/\/www.eliashome.eu\/en\/wp-json\/wp\/v2\/media\/8322"}],"wp:attachment":[{"href":"https:\/\/www.eliashome.eu\/en\/wp-json\/wp\/v2\/media?parent=8391"}],"wp:term":[{"taxonomy":"product_brand","embeddable":true,"href":"https:\/\/www.eliashome.eu\/en\/wp-json\/wp\/v2\/product_brand?post=8391"},{"taxonomy":"product_cat","embeddable":true,"href":"https:\/\/www.eliashome.eu\/en\/wp-json\/wp\/v2\/product_cat?post=8391"},{"taxonomy":"product_tag","embeddable":true,"href":"https:\/\/www.eliashome.eu\/en\/wp-json\/wp\/v2\/product_tag?post=8391"}],"curies":[{"name":"wp","href":"https:\/\/api.w.org\/{rel}","templated":true}]}}