{"id":8390,"date":"2024-01-18T00:25:21","date_gmt":"2024-01-18T00:25:21","guid":{"rendered":"https:\/\/svetainiuseo.lt\/?post_type=product&#038;p=8390"},"modified":"2026-04-12T18:01:49","modified_gmt":"2026-04-12T18:01:49","slug":"ranksluostis-plaukams-smaragdinis","status":"publish","type":"product","link":"https:\/\/www.eliashome.eu\/en\/dovanu-parduotuve\/ranksluosciai-plaukams\/ranksluostis-plaukams-smaragdinis\/","title":{"rendered":"Mikropluo\u0161to rank\u0161luostis plaukams smaragdinis"},"content":{"rendered":"<div class=\"flex max-w-full flex-col flex-grow\">\n<div class=\"min-h-[20px] text-message flex w-full flex-col items-end gap-2 whitespace-normal break-words [.text-message+&amp;]:mt-5\" dir=\"auto\" data-message-author-role=\"assistant\" data-message-id=\"fbeda359-d9f5-44e4-ad58-c8a128c127cd\">\n<div class=\"flex w-full flex-col gap-1 empty:hidden first:pt-[3px]\">\n<div class=\"markdown prose w-full break-words dark:prose-invert light\">\n<h2><strong>Mikropluo\u0161to rank\u0161luostis plaukams smaragdinis: modernumas ir prakti\u0161kumas<\/strong><\/h2>\n<p>Ar ie\u0161kote veiksmingo b\u016bdo greitai ir \u0161velniai nusausinti plaukus? Mikropluo\u0161to rank\u0161luostis plaukams smaragdinis \u2013 tai idealus sprendimas, kuris ne tik efektyviai sugeria dr\u0117gm\u0119, bet ir u\u017etikrina <a href=\"https:\/\/www.sciencedirect.com\/topics\/chemistry\/microfiber\" target=\"_blank\" rel=\"noopener\">\u00a0funkcionalum\u0105<\/a>, lengv\u0105 prie\u017ei\u016br\u0105 ir ekologi\u0161kum\u0105.<\/p>\n<h3><strong>Kod\u0117l verta rinktis mikropluo\u0161to rank\u0161luost\u012f?<\/strong><\/h3>\n<p>Mikropluo\u0161to rank\u0161luostis plaukams smaragdinis pasi\u017eymi i\u0161skirtin\u0117mis savyb\u0117mis, kurios j\u012f i\u0161kelia auk\u0161\u010diau nei tradicinius medvilninius rank\u0161luos\u010dius. Mikropluo\u0161tas gars\u0117ja savo geb\u0117jimu itin efektyviai sugerti dr\u0117gm\u0119, i\u0161laikydamas plaukus sveikus ir spindin\u010dius. D\u0117l \u0161ios savyb\u0117s jis yra tobulas pasirinkimas tiek suaugusiems, tiek vaikams. Be to, smaragdin\u0117 spalva suteikia vonios kambariui gaivumo ir modernumo, puikiai derindamasi su \u012fvairiausiais interjero sprendimais.<\/p>\n<h3><strong>Smaragdin\u0117 spalva: prabanga ir gaivumas<\/strong><\/h3>\n<p>Smaragdin\u0117 spalva simbolizuoja gamtos gaivum\u0105 ir harmonij\u0105, tod\u0117l ji idealiai dera tiek moderniuose, tiek klasikinio stiliaus interjeruose. Mikropluo\u0161to rank\u0161luostis plaukams smaragdinis suteiks j\u016bs\u0173 vonios kambariui gyvybingumo ir estetikos, nesvarbu, kokios spalvos dominuoja j\u016bs\u0173 aplinkoje. \u0160i sodri ir eleganti\u0161ka spalva padaro rank\u0161luost\u012f ne tik funkcionaliu, bet ir puo\u0161nia interjero detale, kuri prisid\u0117s prie jaukios ir stilingos aplinkos k\u016brimo.<\/p>\n<h3><strong>Mikropluo\u0161to rank\u0161luos\u010dio privalumai<\/strong><\/h3>\n<ol>\n<li>\n<h4><strong>Puikus dr\u0117gm\u0117s sugeriamumas<\/strong><\/h4>\n<\/li>\n<\/ol>\n<p>Viena did\u017eiausi\u0173 mikropluo\u0161to rank\u0161luos\u010di\u0173 prana\u0161um\u0173 \u2013 geb\u0117jimas efektyviai sugerti dr\u0117gm\u0119. Mikropluo\u0161to rank\u0161luostis plaukams smaragdinis gali sugerti kelis kartus daugiau vandens nei jo svoris, tod\u0117l po galvos plovimo j\u016bs\u0173 plaukai bus nusausinti grei\u010diau ir patogiau. \u0160i savyb\u0117 yra ypatingai naudinga \u017emon\u0117ms, kurie skuba arba nori kuo ma\u017eiau laiko praleisti d\u017eiovinant plaukus su plauk\u0173 d\u017eiovintuvu. Be to, greitesnis d\u017eiovinimas suma\u017eina plauk\u0173 pa\u017eeidimo rizik\u0105.<\/p>\n<ol start=\"2\">\n<li>\n<h4><strong>Greitas d\u017ei\u016bvimas<\/strong><\/h4>\n<\/li>\n<\/ol>\n<p>Dar viena svarbi mikropluo\u0161to rank\u0161luos\u010dio savyb\u0117 \u2013 itin greitas d\u017ei\u016bvimas. Mikropluo\u0161tas ne tik efektyviai sugeria dr\u0117gm\u0119, bet ir greitai j\u0105 i\u0161garina, tod\u0117l rank\u0161luostis i\u0161lieka \u0161varus ir malonus naudoti net da\u017enai. Mikropluo\u0161to rank\u0161luostis plaukams smaragdinis yra idealus pasirinkimas tiems, kurie vertina higien\u0105 ir komfort\u0105 net sud\u0117tingesn\u0117se situacijose, pavyzd\u017eiui, sporto sal\u0117je ar kelion\u0117se.<\/p>\n<ol start=\"3\">\n<li>\n<h4><strong>Ilgaam\u017ei\u0161kumas<\/strong><\/h4>\n<\/li>\n<\/ol>\n<p>Mikropluo\u0161to audinys yra ypatingai patvarus ir ilgalaikis. Naudodami mikropluo\u0161to rank\u0161luost\u012f plaukams smaragdin\u012f galite b\u016bti tikri, kad jis i\u0161liks toks pat efektyvus ir po daugelio skalbim\u0173. Jo kokyb\u0117 nesuma\u017e\u0117s, o \u0161velnumas i\u0161liks toks pat, kaip ir pirm\u0105 kart\u0105 j\u012f panaudojus. Tai puikus pasirinkimas, jei ie\u0161kote rank\u0161luos\u010dio, kuris ilgai tarnaut\u0173, sutaupyt\u0173 laik\u0105 ir pinigus.<\/p>\n<ol start=\"4\">\n<li>\n<h4><strong>Mink\u0161tumas ir \u0161velnumas odai<\/strong><\/h4>\n<\/li>\n<\/ol>\n<p>Mikropluo\u0161to audinys yra ypa\u010d \u0161velnus ir malonus liesti, tod\u0117l \u0161is rank\u0161luostis idealiai tinka jautriai galvos odai ir plaukams. Naudodami mikropluo\u0161to rank\u0161luost\u012f plaukams smaragdin\u012f, galite b\u016bti tikri, kad j\u016bs\u0173 plaukai bus saug\u016bs nuo \u0161iurk\u0161tumo ir i\u0161saus\u0117jimo, o rank\u0161luostis nesukels odos sudirginimo. Tai ne tik funkcionalus produktas, bet ir komforto bei sveikatos garantas j\u016bs\u0173 plaukams.<\/p>\n<h2><strong>Prakti\u0161kumas ir kokyb\u0117 u\u017e prieinam\u0105 kain\u0105<\/strong><\/h2>\n<p>Mikropluo\u0161to rank\u0161luostis plaukams smaragdinis yra puikus pasirinkimas tiems, kurie siekia derinti kokyb\u0119, funkcionalum\u0105 ir stili\u0173. \u0160is rank\u0161luostis ne tik papuo\u0161 j\u016bs\u0173 vonios kambar\u012f, bet ir u\u017etikrins, kad plauk\u0173 prie\u017ei\u016bra tapt\u0173 lengvesn\u0117 ir greitesn\u0117. Vos u\u017esid\u0117jus \u0161\u012f rank\u0161luost\u012f ant plauk\u0173 po plovimo, dr\u0117gm\u0117 bus greitai pa\u0161alinta, o plaukai pasiruo\u0161\u0119 formavimui. Mikropluo\u0161tas lengvai pri\u017ei\u016brimas \u2013 j\u012f galima da\u017enai skalbti, nesibaiminant d\u0117l nusid\u0117v\u0117jimo. Tai puiki ilgalaik\u0117 investicija, kuri leis sutaupyti laik\u0105 ir pinigus.<\/p>\n<h3><strong>Kur \u012fsigyti smaragdin\u012f mikropluo\u0161to rank\u0161luost\u012f?<\/strong><\/h3>\n<p>Mikropluo\u0161to rank\u0161luost\u012f plaukams smaragdin\u012f galite \u012fsigyti <a href=\"https:\/\/www.eliashome.eu\/dovanu-parduotuve\/ranksluosciai-plaukams\/ranksluostis-plaukams-smaragdinis\/\">Elia&#8217;s HOME<\/a> internetin\u0117je parduotuv\u0117je, kur rasite plat\u0173 mikropluo\u0161to produkt\u0173 asortiment\u0105. Leiskite savo plauk\u0173 prie\u017ei\u016brai tapti lengva ir efektyvia, kartu papildant namus eleganti\u0161ka ir modernia detale. Pasirinkdami mikropluo\u0161to rank\u0161luost\u012f plaukams smaragdin\u012f, investuojate \u012f komfort\u0105, stili\u0173 ir ilgalaik\u0119 kokyb\u0119.<\/p>\n<\/div>\n<\/div>\n<\/div>\n<\/div>\n<p>&nbsp;<\/p>\n<p>Skalbimo metu rekomenduojama nenaudoti skalavimo priemoni\u0173. Skalbti su pana\u0161ios spalvos gaminiais.<\/p>\n<p>50&#215;90 cm &#8211; skirtas \u0161lapiems plaukams nusausinti, taip pat ir veidui sausinti<\/p>\n","protected":false},"excerpt":{"rendered":"<p>\u0160velnus ir mink\u0161tas mikropluo\u0161to rank\u0161luostis:<br \/>\n\u2022 I\u0161skirtinai greitai sugeria dr\u0117gm\u0119;<br \/>\n\u2022 Greitai i\u0161sausina plaukus;<br \/>\n\u2022 I\u0161d\u017ei\u016bv\u0119s lieka \u0161velnus ir mink\u0161tas;<br \/>\n\u2022 Lengvai i\u0161siskalbia, ne\u012fgeria d\u0117mi\u0173, nelaiko blogo kvapo;<\/p>","protected":false},"featured_media":8328,"comment_status":"open","ping_status":"closed","template":"","meta":{"_kad_blocks_custom_css":"","_kad_blocks_head_custom_js":"","_kad_blocks_body_custom_js":"","_kad_blocks_footer_custom_js":""},"product_brand":[],"product_cat":[635],"product_tag":[],"class_list":{"0":"post-8390","1":"product","2":"type-product","3":"status-publish","4":"has-post-thumbnail","6":"product_cat-ranksluosciai-plaukams","8":"first","9":"instock","10":"shipping-taxable","11":"purchasable","12":"product-type-simple"},"ct_brands":[],"taxonomy_info":{"product_cat":[{"value":635,"label":"Rank\u0161luos\u010diai plaukams"}]},"featured_image_src_large":["https:\/\/www.eliashome.eu\/wp-content\/uploads\/2024\/01\/Ranksluostis-plauku-smaragdinis-1-1024x768.png",1024,768,true],"author_info":[],"comment_info":0,"jetpack_sharing_enabled":true,"_links":{"self":[{"href":"https:\/\/www.eliashome.eu\/en\/wp-json\/wp\/v2\/product\/8390","targetHints":{"allow":["GET"]}}],"collection":[{"href":"https:\/\/www.eliashome.eu\/en\/wp-json\/wp\/v2\/product"}],"about":[{"href":"https:\/\/www.eliashome.eu\/en\/wp-json\/wp\/v2\/types\/product"}],"replies":[{"embeddable":true,"href":"https:\/\/www.eliashome.eu\/en\/wp-json\/wp\/v2\/comments?post=8390"}],"wp:featuredmedia":[{"embeddable":true,"href":"https:\/\/www.eliashome.eu\/en\/wp-json\/wp\/v2\/media\/8328"}],"wp:attachment":[{"href":"https:\/\/www.eliashome.eu\/en\/wp-json\/wp\/v2\/media?parent=8390"}],"wp:term":[{"taxonomy":"product_brand","embeddable":true,"href":"https:\/\/www.eliashome.eu\/en\/wp-json\/wp\/v2\/product_brand?post=8390"},{"taxonomy":"product_cat","embeddable":true,"href":"https:\/\/www.eliashome.eu\/en\/wp-json\/wp\/v2\/product_cat?post=8390"},{"taxonomy":"product_tag","embeddable":true,"href":"https:\/\/www.eliashome.eu\/en\/wp-json\/wp\/v2\/product_tag?post=8390"}],"curies":[{"name":"wp","href":"https:\/\/api.w.org\/{rel}","templated":true}]}}