{"id":8386,"date":"2024-01-18T00:22:25","date_gmt":"2024-01-18T00:22:25","guid":{"rendered":"https:\/\/svetainiuseo.lt\/?post_type=product&#038;p=8386"},"modified":"2026-04-12T18:01:34","modified_gmt":"2026-04-12T18:01:34","slug":"ranksluostis-plaukams-rusvas","status":"publish","type":"product","link":"https:\/\/www.eliashome.eu\/en\/dovanu-parduotuve\/ranksluosciai-plaukams\/ranksluostis-plaukams-rusvas\/","title":{"rendered":"Mikropluo\u0161to rank\u0161luostis plaukams rusvas"},"content":{"rendered":"<div class=\"flex max-w-full flex-col flex-grow\">\n<div class=\"min-h-8 text-message flex w-full flex-col items-end gap-2 whitespace-normal break-words [.text-message+&amp;]:mt-5\" dir=\"auto\" data-message-author-role=\"assistant\" data-message-id=\"1487fdd1-6e34-465b-8696-ac28defbc27b\">\n<div class=\"flex w-full flex-col gap-1 empty:hidden first:pt-[3px]\">\n<div class=\"markdown prose w-full break-words dark:prose-invert light\">\n<h2><strong>Mikropluo\u0161to rank\u0161luostis plaukams rusvas: funkcionalumas ir elegancija<\/strong><\/h2>\n<p>Ie\u0161kote prakti\u0161ko ir stilingo sprendimo, kuris greitai ir efektyviai sausint\u0173 j\u016bs\u0173 plaukus? Mikropluo\u0161to rank\u0161luostis plaukams rusvas yra puikus pasirinkimas tiek d\u0117l savo <a href=\"https:\/\/www.quora.com\/Why-are-microfiber-towels-better-for-hair\" target=\"_blank\" rel=\"noopener\">funkcionalumo<\/a>, tiek d\u0117l \u0161iuolaiki\u0161ko dizaino. \u0160is rank\u0161luostis ne tik maloniai d\u017eiugins akis nat\u016bralia, \u0161ilta spalva, bet ir pad\u0117s jums kasdien\u0117je plauk\u0173 prie\u017ei\u016broje.<\/p>\n<h3>Kod\u0117l verta rinktis mikropluo\u0161to rank\u0161luost\u012f?<\/h3>\n<p>Mikropluo\u0161to rank\u0161luostis plaukams rusvas turi daug privalum\u0173, lyginant su tradiciniais rank\u0161luos\u010diais, pagamintais i\u0161 medviln\u0117s ar kit\u0173 audini\u0173. Mikropluo\u0161tas yra ypatingai veiksmingas dr\u0117gm\u0117s sug\u0117rimo srityje, greitai i\u0161d\u017ei\u016bsta ir tarnauja ilg\u0105 laik\u0105. Be to, \u0161is audinys yra \u0161velnus ir draugi\u0161kas tiek jautriai, tiek \u012fprastai odai, tad jis tinkamas visai \u0161eimai. Rusva spalva, \u012fkv\u0117pta nat\u016brali\u0173 \u017eem\u0117s ton\u0173, suteikia j\u016bs\u0173 vonios kambariui jaukumo bei harmonijos.<\/p>\n<h3>Rusva spalva \u2013 \u0161iluma ir universalumas<\/h3>\n<p>Rusva spalva \u2013 tai subtili, nat\u016brali palet\u0117, kuri lengvai dera prie \u012fvairi\u0173 interjero stili\u0173. Mikropluo\u0161to rank\u0161luostis plaukams rusvas puikiai tiks tiek moderniame, minimalistiniame vonios kambaryje, tiek ir klasikinio stiliaus aplinkoje. \u0160ilti, nat\u016bral\u016bs atspalviai sukuria jaukumo jausm\u0105, tad \u0161is rank\u0161luostis harmoningai \u012fsilies \u012f j\u016bs\u0173 erdv\u0119, nepaisant, koki\u0105 spalv\u0173 schem\u0105 naudojate savo nam\u0173 dekoravimui.<\/p>\n<h3>Mikropluo\u0161to rank\u0161luos\u010dio privalumai<\/h3>\n<h4>1. Ne\u012ftik\u0117tinas dr\u0117gm\u0117s sug\u0117rimas<\/h4>\n<p>Viena i\u0161 pagrindini\u0173 prie\u017eas\u010di\u0173, kod\u0117l verta rinktis mikropluo\u0161to rank\u0161luost\u012f, yra jo nepaprastas geb\u0117jimas sugerti dr\u0117gm\u0119. Palyginti su kitais audiniais, mikropluo\u0161to rank\u0161luostis plaukams rusvas gali sugerti daug daugiau vandens, pad\u0117damas greitai ir efektyviai pa\u0161alinti dr\u0117gm\u0119 i\u0161 j\u016bs\u0173 plauk\u0173. Tai itin patogu, kai norite, kad plaukai kuo grei\u010diau i\u0161d\u017ei\u016bt\u0173, ypa\u010d kai turite ribot\u0105 laik\u0105 ruo\u0161damiesi dienos u\u017eduotims.<\/p>\n<h4>2. Greitas d\u017ei\u016bvimas<\/h4>\n<p>Mikropluo\u0161to audinys ne tik pasi\u017eymi dideliu vandens sug\u0117rimo geb\u0117jimu, bet ir labai greitai d\u017ei\u016bsta. Tai ypa\u010d svarbu, nes da\u017enai naudojant rank\u0161luost\u012f plaukams, nenorime, kad jis likt\u0173 dr\u0117gnas ir nemalonus. Mikropluo\u0161to rank\u0161luostis plaukams rusvas ne tik efektyviai d\u017ei\u016bsta, bet ir ilgiau i\u0161laiko \u0161var\u0105 bei gaivum\u0105, nes audinys neleid\u017eia bakterijoms greitai daugintis.<\/p>\n<h4>3. Ilgaam\u017ei\u0161kumas ir atsparumas<\/h4>\n<p>Mikropluo\u0161to audinys \u017einomas d\u0117l savo patvarumo. Mikropluo\u0161to rank\u0161luostis plaukams rusvas i\u0161liks mink\u0161tas ir funkcionalus net po daugelio skalbim\u0173, o tai rei\u0161kia, kad jums nereik\u0117s nuolat jo keisti. \u0160is audinys i\u0161lieka \u0161velnus ir patogus, neprarandantis savo originali\u0173 savybi\u0173, net intensyviai naudojant, tod\u0117l tai yra ilgalaik\u0117 investicija, kuri leis sutaupyti laik\u0105 ir pinigus.<\/p>\n<h4>4. \u0160velnumas ir komfortas odai<\/h4>\n<p>Mikropluo\u0161to rank\u0161luos\u010diai yra ypatingai \u0161veln\u016bs, tod\u0117l jie idealiai tinka jautriai odai. Mikropluo\u0161to rank\u0161luostis plaukams rusvas nesudirgins j\u016bs\u0173 odos ir nesausins plauk\u0173, tod\u0117l puikiai tiks tiek vaikams, tiek suaugusiems. Toks rank\u0161luostis leid\u017eia \u0161velniai ir maloniai pri\u017ei\u016br\u0117ti plaukus bei od\u0105, suteikdamas papildomo komforto kasdienei higienai.<\/p>\n<h3>Prakti\u0161kumas ir stilius u\u017e patraukli\u0105 kain\u0105<\/h3>\n<p>Mikropluo\u0161to rank\u0161luostis plaukams rusvas yra ne tik funkcionalus, bet ir stilingas. Jis lengvai pri\u017ei\u016brimas \u2013 galima da\u017enai skalbti skalbimo ma\u0161inoje, o d\u017eiovinimo procesas yra itin greitas. Mikropluo\u0161tas, b\u016bdamas lengvas ir patogus, nesugeria d\u0117mi\u0173 ir spalv\u0173, tod\u0117l ilg\u0105 laik\u0105 i\u0161laiko nepriekai\u0161ting\u0105 i\u0161vaizd\u0105. Mikropluo\u0161to rank\u0161luostis neabejotinai taps nepakei\u010diamu j\u016bs\u0173 vonios kambario akcentu.<\/p>\n<p>Nesvarbu, ar naudojate rank\u0161luost\u012f kasdien po du\u0161o, ar tik plaukams sausinti po plovimo, mikropluo\u0161to rank\u0161luostis plaukams rusvas u\u017etikrins greit\u0105 ir efektyv\u0173 rezultat\u0105. Vos kelios minut\u0117s su \u0161iuo rank\u0161luos\u010diu, ir j\u016bs\u0173 plaukai bus paruo\u0161ti tolesnei formavimui.<\/p>\n<h3>Kur \u012fsigyti mikropluo\u0161to rank\u0161luost\u012f plaukams rusv\u0105?<\/h3>\n<p>Jei norite \u012fsigyti auk\u0161tos kokyb\u0117s mikropluo\u0161to rank\u0161luost\u012f plaukams rusv\u0105, rekomenduojame apsilankyti m\u016bs\u0173 internetin\u0117je parduotuv\u0117je <a href=\"https:\/\/www.quora.com\/Why-are-microfiber-towels-better-for-hair\" target=\"_blank\" rel=\"noopener\">Elia&#8217;s HOME<\/a>. \u010cia rasite plat\u0173 mikropluo\u0161to gamini\u0173 asortiment\u0105, kuris suteiks j\u016bs\u0173 namams stiliaus ir patogumo. Pasirink\u0119 mikropluo\u0161to rank\u0161luost\u012f plaukams rusv\u0105, j\u016bs ne tik \u012fsigysite ilgaam\u017e\u012f ir kokybi\u0161k\u0105 gamin\u012f, bet ir prid\u0117site savo namams \u0161ilumos bei modernios elegancijos.<\/p>\n<p>Suteikite sau komforto jausm\u0105 ir pasir\u016bpinkite savo plauk\u0173 prie\u017ei\u016bra su stilingu, nat\u016bralios spalvos mikropluo\u0161to rank\u0161luos\u010diu!<\/p>\n<\/div>\n<\/div>\n<\/div>\n<\/div>\n<div class=\"mb-2 flex gap-3 empty:hidden -ml-2\">\n<div class=\"items-center justify-start rounded-xl p-1 flex\">\n<div class=\"flex items-center\">\n<p>&nbsp;<\/p>\n<div class=\"flex\"><\/div>\n<div class=\"flex items-center pb-0\"><span class=\"overflow-hidden text-clip whitespace-nowrap text-sm\">4o<\/span><\/div>\n<\/div>\n<\/div>\n<\/div>\n<p>Skalbimo metu rekomenduojama nenaudoti skalavimo priemoni\u0173. Skalbti su pana\u0161ios spalvos gaminiais.<\/p>\n<p>50&#215;90 cm &#8211; skirtas \u0161lapiems plaukams nusausinti, taip pat ir veidui sausinti<\/p>\n","protected":false},"excerpt":{"rendered":"<p>\u0160velnus ir mink\u0161tas mikropluo\u0161to rank\u0161luostis:<br \/>\n\u2022 I\u0161skirtinai greitai sugeria dr\u0117gm\u0119;<br \/>\n\u2022 Greitai i\u0161sausina plaukus;<br \/>\n\u2022 I\u0161d\u017ei\u016bv\u0119s lieka \u0161velnus ir mink\u0161tas;<br \/>\n\u2022 Lengvai i\u0161siskalbia, ne\u012fgeria d\u0117mi\u0173, nelaiko blogo kvapo;<\/p>","protected":false},"featured_media":8327,"comment_status":"open","ping_status":"closed","template":"","meta":{"_kad_blocks_custom_css":"","_kad_blocks_head_custom_js":"","_kad_blocks_body_custom_js":"","_kad_blocks_footer_custom_js":""},"product_brand":[],"product_cat":[635],"product_tag":[],"class_list":{"0":"post-8386","1":"product","2":"type-product","3":"status-publish","4":"has-post-thumbnail","6":"product_cat-ranksluosciai-plaukams","8":"first","9":"instock","10":"shipping-taxable","11":"purchasable","12":"product-type-simple"},"ct_brands":[],"taxonomy_info":{"product_cat":[{"value":635,"label":"Rank\u0161luos\u010diai plaukams"}]},"featured_image_src_large":["https:\/\/www.eliashome.eu\/wp-content\/uploads\/2024\/01\/Ranksluostis-plauku-rusvas-1-1024x768.png",1024,768,true],"author_info":[],"comment_info":0,"jetpack_sharing_enabled":true,"_links":{"self":[{"href":"https:\/\/www.eliashome.eu\/en\/wp-json\/wp\/v2\/product\/8386","targetHints":{"allow":["GET"]}}],"collection":[{"href":"https:\/\/www.eliashome.eu\/en\/wp-json\/wp\/v2\/product"}],"about":[{"href":"https:\/\/www.eliashome.eu\/en\/wp-json\/wp\/v2\/types\/product"}],"replies":[{"embeddable":true,"href":"https:\/\/www.eliashome.eu\/en\/wp-json\/wp\/v2\/comments?post=8386"}],"wp:featuredmedia":[{"embeddable":true,"href":"https:\/\/www.eliashome.eu\/en\/wp-json\/wp\/v2\/media\/8327"}],"wp:attachment":[{"href":"https:\/\/www.eliashome.eu\/en\/wp-json\/wp\/v2\/media?parent=8386"}],"wp:term":[{"taxonomy":"product_brand","embeddable":true,"href":"https:\/\/www.eliashome.eu\/en\/wp-json\/wp\/v2\/product_brand?post=8386"},{"taxonomy":"product_cat","embeddable":true,"href":"https:\/\/www.eliashome.eu\/en\/wp-json\/wp\/v2\/product_cat?post=8386"},{"taxonomy":"product_tag","embeddable":true,"href":"https:\/\/www.eliashome.eu\/en\/wp-json\/wp\/v2\/product_tag?post=8386"}],"curies":[{"name":"wp","href":"https:\/\/api.w.org\/{rel}","templated":true}]}}