{"id":8371,"date":"2024-01-18T00:02:08","date_gmt":"2024-01-18T00:02:08","guid":{"rendered":"https:\/\/svetainiuseo.lt\/?post_type=product&#038;p=8371"},"modified":"2026-03-20T07:48:26","modified_gmt":"2026-03-20T07:48:26","slug":"ranksluosciu-komplektas-pelenu-rozinis-su-turbanu","status":"publish","type":"product","link":"https:\/\/www.eliashome.eu\/en\/dovanu-parduotuve\/ranksluosciu-komplektai\/ranksluosciu-komplektas-pelenu-rozinis-su-turbanu\/","title":{"rendered":"Rank\u0161luos\u010di\u0173 komplektas pelen\u0173 ro\u017einis su turbanu"},"content":{"rendered":"<div class=\"flex max-w-full flex-col flex-grow\">\n<div class=\"min-h-8 text-message flex w-full flex-col items-end gap-2 whitespace-normal break-words [.text-message+&amp;]:mt-5\" dir=\"auto\" data-message-author-role=\"assistant\" data-message-id=\"20742b7c-55c6-4b92-866b-25de1c3e64b5\" data-message-model-slug=\"gpt-4o\">\n<div class=\"flex w-full flex-col gap-1 empty:hidden first:pt-[3px]\">\n<div class=\"markdown prose w-full break-words dark:prose-invert light\">\n<h2><strong>Mikropluo\u0161to rank\u0161luos\u010di\u0173 komplektas pelen\u0173 ro\u017einis su turbanu \u2013 j\u016bs\u0173 komforto ir stiliaus garantija<\/strong><\/h2>\n<p>Norint kasdien jaustis patogiai ir lepintis kokybe, mikropluo\u0161to rank\u0161luos\u010di\u0173 komplektas pelen\u0173 ro\u017einis su turbanu yra nepakei\u010diamas pasirinkimas. \u0160is komplektas ne tik su\u017eavi subtilia pelen\u0173 ro\u017eine spalva, bet ir stebina savo funkcionalumu, ypatingai d\u0117l pridedamo<a href=\"https:\/\/www.independent.co.uk\/extras\/indybest\/fashion-beauty\/hair\/best-hair-towels-turbans-drying-a9428571.html\" target=\"_blank\" rel=\"noopener\"> turbano<\/a>. Jei ie\u0161kote sprendimo, kaip patogiai pasir\u016bpinti savo oda ir plaukais po maudyni\u0173, \u0161is komplektas puikiai atitiks j\u016bs\u0173 l\u016bkes\u010dius.<\/p>\n<h3>Mikropluo\u0161to privalumai \u2013 kod\u0117l verta rinktis?<\/h3>\n<p>Mikropluo\u0161tas gars\u0117ja savo i\u0161skirtine strukt\u016bra, kuri leid\u017eia efektyviai sugerti dr\u0117gm\u0119, greitai d\u017ei\u016bti ir i\u0161laikyti mink\u0161tum\u0105 net po daugelio skalbim\u0173. Tai puikus pasirinkimas tiems, kurie siekia ne tik kokyb\u0117s, bet ir prakti\u0161kumo. D\u0117l \u0161velnios tekst\u016bros mikropluo\u0161to rank\u0161luos\u010diai nedirgina odos, tod\u0117l tinka net jautriausiems odos tipams.<\/p>\n<p>Svarbu pamin\u0117ti, kad mikropluo\u0161to gaminiai da\u017enai yra lengvesni u\u017e tradicinius medvilninius rank\u0161luos\u010dius. Tai labai praver\u010dia kelion\u0117se, sporto sal\u0117je ar net tuomet, kai tiesiog norite i\u0161vengti dideli\u0173 skalbini\u0173 kr\u016bv\u0173. Rank\u0161luos\u010di\u0173 lengvumas nerei\u0161kia prastesn\u0117s kokyb\u0117s \u2013 prie\u0161ingai, j\u0173 sugeriamumas ir greitas d\u017ei\u016bvimas pranoksta daugel\u012f \u012fprast\u0173 audini\u0173.<\/p>\n<p>Be to, pelen\u0173 ro\u017ein\u0117 spalva yra eleganti\u0161ka ir universali \u2013 ji dera prie \u012fvairi\u0173 vonios kambario interjer\u0173 ir suteikia subtilios prabangos. \u0160is subtilus atspalvis pasi\u017eymi savybe kurti jaukumo ir harmonijos jausm\u0105, tod\u0117l vonios kambarys tampa ne tik prakti\u0161ka, bet ir malonia erdve. Ta\u010diau tikrasis \u0161io komplekto \u201eperlas\u201c \u2013 tai mikropluo\u0161to turbanas, kuris \u017eenkliai palengvina plauk\u0173 prie\u017ei\u016br\u0105.<\/p>\n<h3>Turbano unikalumas \u2013 greitis, patogumas ir apsauga<\/h3>\n<p>Turbano buvimas komplekte yra tai, kas \u0161\u012f gamin\u012f paver\u010dia ypatingu. Jis sukurtas specialiai patogiam\u00a0 plauk\u0173 nusausinimui, tod\u0117l leid\u017eia greitai ir patogiai pasir\u016bpinti \u0161lapiais plaukais. Mikropluo\u0161to audinys sugeria dr\u0117gm\u0119 kelis kartus grei\u010diau nei \u012fprasti rank\u0161luos\u010diai, tod\u0117l plaukai i\u0161d\u017ei\u016bsta \u017eymiai spar\u010diau, suma\u017einant d\u017eiovintuvo naudojimo poreik\u012f.<\/p>\n<p>Turbano ergonomi\u0161ka forma leid\u017eia j\u012f patogiai u\u017ed\u0117ti ir tvirtai pritvirtinti, tod\u0117l gal\u0117site u\u017esiimti kasdien\u0117mis veiklomis be joki\u0173 r\u016bpes\u010di\u0173. Tai puikus pasirinkimas tiems, kurie nori efektyviai i\u0161naudoti laik\u0105 po du\u0161o \u2013 kol plaukai d\u017ei\u016bsta, galima ruo\u0161tis darbui, atlikti makia\u017e\u0105 ar tiesiog m\u0117gautis rytiniu kavos puodeliu.<\/p>\n<p>Dar vienas privalumas \u2013 apsauga nuo l\u016b\u017ein\u0117jimo. Tradiciniai rank\u0161luos\u010diai da\u017enai sukelia trint\u012f, o tai gali pa\u017eeisti plauk\u0173 strukt\u016br\u0105. Naudojant turban\u0105, plaukai i\u0161lieka sveikesni, j\u0173 galiukai ma\u017eiau skilin\u0117ja, o \u0161aknys tampa ma\u017eiau pa\u017eeid\u017eiamos.<\/p>\n<h3>Universalus pasirinkimas kiekvienai dienai<\/h3>\n<p>Be turbano, \u0161iame komplekte esantys rank\u0161luos\u010diai taip pat pasi\u017eymi dideliu sugeriamumu ir greitu d\u017ei\u016bvimu. Tai rei\u0161kia, kad mikropluo\u0161to rank\u0161luos\u010di\u0173 komplektas pelen\u0173 ro\u017einis su turbanu yra ne tik stilingas, bet ir labai prakti\u0161kas pasirinkimas kasdieniniam naudojimui. Galite naudoti \u0161iuos rank\u0161luos\u010dius po du\u0161o, sporto ar kelioni\u0173 metu \u2013 jie u\u017etikrins, kad visada jausit\u0117s patogiai ir sausai.<\/p>\n<p>\u0160is komplektas yra lengvas, greitai d\u017ei\u016bstantis ir kompakti\u0161kas, tod\u0117l puikiai tinka tiek namams, tiek kelion\u0117ms. Net jei jums tenka riboti baga\u017eo svor\u012f, mikropluo\u0161to rank\u0161luos\u010diai u\u017eims ma\u017eai vietos, ta\u010diau atliks visas savo funkcijas.<\/p>\n<p>Investuodami \u012f mikropluo\u0161to rank\u0161luos\u010di\u0173 komplekt\u0105 pelen\u0173 ro\u017ein\u012f su turbanu, j\u016bs pasirenkate stili\u0173, komfort\u0105 ir ilgaam\u017ei\u0161kum\u0105. \u0160ie rank\u0161luos\u010diai ne tik papuo\u0161 j\u016bs\u0173 vonios kambar\u012f, bet ir taps nepakei\u010diamu pagalbininku kasdieniame gyvenime.<\/p>\n<h3>Kaip pri\u017ei\u016br\u0117ti mikropluo\u0161to rank\u0161luos\u010dius?<\/h3>\n<p>Norint u\u017etikrinti, kad mikropluo\u0161to rank\u0161luos\u010di\u0173 komplektas pelen\u0173 ro\u017einis su turbanu ilgai i\u0161likt\u0173 kaip naujas, reik\u0117t\u0173 laikytis keli\u0173 paprast\u0173 prie\u017ei\u016bros taisykli\u0173. Rekomenduojama juos skalbti \u017eemoje temperat\u016broje, naudojant \u0161velnias skalbimo priemones be balikli\u0173 kartu su pana\u0161aus tamsumo r\u016bbais. Nat\u016bralus d\u017eiovinimas yra geriausias pasirinkimas \u2013 taip rank\u0161luos\u010diai ilgiau i\u0161laikys savo strukt\u016br\u0105 ir sugeriamum\u0105, ta\u010diau ir d\u017eiovinimas d\u017eiovykl\u0117je yra tinkamas b\u016bdas.<\/p>\n<p>\u0160ie rank\u0161luos\u010diai yra atspar\u016bs d\u0117v\u0117jimuisi ir nepraranda spalvos, net jei naudojami kasdien. Tai puiki ilgalaik\u0117 investicija tiems, kurie vertina kokyb\u0119 ir ilgaam\u017ei\u0161kum\u0105.<\/p>\n<h3>Kod\u0117l verta \u012fsigyti?<\/h3>\n<p>Mikropluo\u0161to rank\u0161luos\u010di\u0173 komplektas pelen\u0173 ro\u017einis su turbanu yra ne tik prakti\u0161kas, bet ir eleganti\u0161kas pasirinkimas kiekvienam, kuris siekia patogumo. \u0160is komplektas puikiai tiks kaip dovana artimiesiems arba b\u016bdas palepinti save. Nepraleiskite galimyb\u0117s \u012fsigyti \u0161io komplekto ir paverskite savo kasdienyb\u0119 dar malonesne.<\/p>\n<p>Ar pasiruo\u0161\u0119 atnaujinti savo vonios kambar\u012f? Mikropluo\u0161to rank\u0161luos\u010di\u0173 komplektas pelen\u0173 ro\u017einis su turbanu laukia j\u016bs\u0173 <a href=\"https:\/\/www.eliashome.eu\/dovanu-parduotuve\/ranksluosciu-komplektai\/ranksluosciu-komplektas-pelenu-rozinis-su-turbanu\/\">Elia&#8217;s HOME<\/a> elektronin\u0117je parduotuv\u0117je.<\/p>\n<p>&nbsp;<\/p>\n<\/div>\n<\/div>\n<\/div>\n<\/div>\n<p>Skalbimo metu rekomenduojama nenaudoti skalavimo priemoni\u0173. Skalbti su pana\u0161ios spalvos gaminiais.<\/p>\n<p>35&#215;50 &#8211; dydis tinkamas veidui ir virtuv\u0117s indams<\/p>\n<p>50&#215;90 &#8211; turbanas plaukams<\/p>\n<p>70&#215;140 &#8211; dydis tinkamas nusausinti k\u016bnui<\/p>\n<p>*Dovan\u0173 d\u0117\u017eut\u0117je telpa daugiausiai trys rank\u0161luos\u010diai ( 70x140cm, 50x90cm, 35&#215;50 cm)<\/p>\n","protected":false},"excerpt":{"rendered":"<p>\u0160velnus ir mink\u0161tas mikropluo\u0161to rank\u0161luostis:<br \/>\n\u2022 I\u0161skirtinai greitai sugeria dr\u0117gm\u0119;<br \/>\n\u2022 Greitai d\u017ei\u016bsta;<br \/>\n\u2022 I\u0161d\u017ei\u016bv\u0119s lieka \u0161velnus ir mink\u0161tas;<br \/>\n\u2022 Lengvai i\u0161siskalbia, ne\u012fgeria d\u0117mi\u0173;<br \/>\n\u2022 Puikiai i\u0161sausina indus, stikl\u0105, nepalieka vandens d\u0117mi\u0173, smulki\u0173 p\u016bkeli\u0173;<\/p>","protected":false},"featured_media":8313,"comment_status":"open","ping_status":"closed","template":"","meta":{"_kad_blocks_custom_css":"","_kad_blocks_head_custom_js":"","_kad_blocks_body_custom_js":"","_kad_blocks_footer_custom_js":""},"product_brand":[],"product_cat":[633],"product_tag":[],"class_list":{"0":"post-8371","1":"product","2":"type-product","3":"status-publish","4":"has-post-thumbnail","6":"product_cat-ranksluosciu-komplektai","8":"first","9":"instock","10":"shipping-taxable","11":"purchasable","12":"product-type-simple"},"ct_brands":[],"taxonomy_info":{"product_cat":[{"value":633,"label":"Rank\u0161luos\u010di\u0173 komplektai"}]},"featured_image_src_large":["https:\/\/www.eliashome.eu\/wp-content\/uploads\/2024\/01\/Ranksluosciu-komplektas-pelenu-rozinis-su-turbanu-1-1024x477.jpg",1024,477,true],"author_info":[],"comment_info":1,"jetpack_sharing_enabled":true,"_links":{"self":[{"href":"https:\/\/www.eliashome.eu\/en\/wp-json\/wp\/v2\/product\/8371","targetHints":{"allow":["GET"]}}],"collection":[{"href":"https:\/\/www.eliashome.eu\/en\/wp-json\/wp\/v2\/product"}],"about":[{"href":"https:\/\/www.eliashome.eu\/en\/wp-json\/wp\/v2\/types\/product"}],"replies":[{"embeddable":true,"href":"https:\/\/www.eliashome.eu\/en\/wp-json\/wp\/v2\/comments?post=8371"}],"wp:featuredmedia":[{"embeddable":true,"href":"https:\/\/www.eliashome.eu\/en\/wp-json\/wp\/v2\/media\/8313"}],"wp:attachment":[{"href":"https:\/\/www.eliashome.eu\/en\/wp-json\/wp\/v2\/media?parent=8371"}],"wp:term":[{"taxonomy":"product_brand","embeddable":true,"href":"https:\/\/www.eliashome.eu\/en\/wp-json\/wp\/v2\/product_brand?post=8371"},{"taxonomy":"product_cat","embeddable":true,"href":"https:\/\/www.eliashome.eu\/en\/wp-json\/wp\/v2\/product_cat?post=8371"},{"taxonomy":"product_tag","embeddable":true,"href":"https:\/\/www.eliashome.eu\/en\/wp-json\/wp\/v2\/product_tag?post=8371"}],"curies":[{"name":"wp","href":"https:\/\/api.w.org\/{rel}","templated":true}]}}