{"id":8368,"date":"2024-01-17T23:57:27","date_gmt":"2024-01-17T23:57:27","guid":{"rendered":"https:\/\/svetainiuseo.lt\/?post_type=product&#038;p=8368"},"modified":"2026-04-12T17:40:17","modified_gmt":"2026-04-12T17:40:17","slug":"ranksluosciu-komplektas-rozinis","status":"publish","type":"product","link":"https:\/\/www.eliashome.eu\/en\/dovanu-parduotuve\/ranksluosciu-komplektai\/ranksluosciu-komplektas-rozinis\/","title":{"rendered":"Mikropluo\u0161to rank\u0161luos\u010di\u0173 komplektas ro\u017einis"},"content":{"rendered":"<div class=\"flex-1 overflow-hidden\">\n<div class=\"h-full\">\n<div class=\"react-scroll-to-bottom--css-jjbla-79elbk h-full\">\n<div class=\"react-scroll-to-bottom--css-jjbla-1n7m0yu\">\n<div class=\"flex flex-col text-sm md:pb-9\">\n<article class=\"w-full text-token-text-primary focus-visible:outline-2 focus-visible:outline-offset-[-4px]\" dir=\"auto\" data-testid=\"conversation-turn-5\" data-scroll-anchor=\"true\">\n<div class=\"text-base py-[18px] px-3 md:px-4 m-auto w-full md:px-5 lg:px-1 xl:px-5\">\n<div class=\"mx-auto flex flex-1 gap-4 text-base md:gap-5 lg:gap-6 md:max-w-3xl lg:max-w-[40rem] xl:max-w-[48rem]\">\n<div class=\"group\/conversation-turn relative flex w-full min-w-0 flex-col agent-turn\">\n<div class=\"flex-col gap-1 md:gap-3\">\n<div class=\"flex max-w-full flex-col flex-grow\">\n<div class=\"min-h-[20px] text-message flex w-full flex-col items-end gap-2 whitespace-normal break-words [.text-message+&amp;]:mt-5\" dir=\"auto\" data-message-author-role=\"assistant\" data-message-id=\"9e76c99c-9080-4cad-9072-0d6ac2f84164\">\n<div class=\"flex w-full flex-col gap-1 empty:hidden first:pt-[3px]\">\n<div class=\"markdown prose w-full break-words dark:prose-invert light\">\n<h3><strong>Mikropluo\u0161to rank\u0161luos\u010di\u0173 komplektas ro\u017einis \u2013 stilingas ir prakti\u0161kas sprendimas j\u016bs\u0173 vonios kambariui<\/strong><\/h3>\n<p>Jeigu norite ne tik puo\u0161naus, bet ir funkcionalaus sprendimo savo vonios kambariui, mikropluo\u0161to rank\u0161luos\u010di\u0173 komplektas ro\u017einis yra idealus pasirinkimas. \u0160is komplektas ne tik suteiks j\u016bs\u0173 interjerui elegancijos, bet ir u\u017etikrins kasdien\u012f patogum\u0105 bei ilgaam\u017ei\u0161kum\u0105.<\/p>\n<h3><strong>Kod\u0117l verta pasirinkti mikropluo\u0161to rank\u0161luos\u010dius?<\/strong><\/h3>\n<p>Mikropluo\u0161to rank\u0161luos\u010di\u0173 komplektas ro\u017einis i\u0161siskiria savo <a href=\"https:\/\/www.cleanlink.com\/hs\/article\/Differences-Between-Microfiber-And-Cotton--20239\" target=\"_blank\" rel=\"noopener\">ypatingomis savyb\u0117mis<\/a>, kurios gerokai pranoksta tradicinius medvilninius rank\u0161luos\u010dius. Mikropluo\u0161tas yra \u017einomas d\u0117l savo geb\u0117jimo itin gerai sugerti dr\u0117gm\u0119, greitai d\u017ei\u016bti bei b\u016bti itin ilgaam\u017eis. \u0160is komplektas taps neatsiejama vonios dalimi, kuri ne tik d\u017eiugins kasdieniu naudojimu, bet ir suteiks malonumo jausm\u0105. Rank\u0161luos\u010diai yra \u0161veln\u016bs net jautriai odai, tod\u0117l puikiai tinka ir vaikams, ir suaugusiems. Be to, ro\u017ein\u0117 spalva yra m\u0117gstama ne tik ma\u017e\u0173 mergai\u010di\u0173, bet ir vis\u0173, kurie siekia vonios kambariui suteikti \u0161ilumos ir jaukumo.<\/p>\n<h2><strong>Ro\u017ein\u0117 spalva \u2013 m\u0117gstamas pasirinkimas mergait\u0117ms ir stilingas interjero akcentas<\/strong><\/h2>\n<p>Ro\u017ein\u0117 spalva \u2013 tai d\u017eiaugsmingas, \u0161viesus ir jaunatvi\u0161kas atspalvis, kuris vonios kambariui suteiks \u0161vyt\u0117jimo bei \u017eavesio. Mikropluo\u0161to rank\u0161luos\u010di\u0173 komplektas ro\u017einis puikiai dera prie \u012fvairi\u0173 interjero stili\u0173, nesvarbu, ar j\u016bs\u0173 vonios kambarys minimalistinis, ar ry\u0161kesni\u0173 spalv\u0173. Ypatingai m\u0117gstamas tarp ma\u017e\u0173 mergai\u010di\u0173, ro\u017einis komplektas suteiks kambariui gaivumo ir gyvumo. Ro\u017ein\u0117 spalva yra universali, tod\u0117l lengvai der\u0117s tiek prie pastelini\u0173, tiek prie ry\u0161ki\u0173 vonios kambario spalv\u0173, o mikropluo\u0161to rank\u0161luos\u010di\u0173 komplektas ro\u017einis taps stilingu akcentu bet kuriame vonios kambaryje.<\/p>\n<h3><strong>Mikropluo\u0161to rank\u0161luos\u010di\u0173 privalumai<\/strong><\/h3>\n<ul>\n<li><strong>Puikus dr\u0117gm\u0117s sug\u0117rimas:<\/strong> Vienas i\u0161 esmini\u0173 mikropluo\u0161to prana\u0161um\u0173 \u2013 puikus geb\u0117jimas absorbuoti dr\u0117gm\u0119. Palyginus su tradiciniais rank\u0161luos\u010diais, mikropluo\u0161tas gali sugerti gerokai daugiau vandens, tad mikropluo\u0161to rank\u0161luos\u010di\u0173 komplektas ro\u017einis puikiai pasitarnaus po ilgo maudymosi ar baseino. Greitai pa\u0161alindami dr\u0117gm\u0119, \u0161ie rank\u0161luos\u010diai u\u017etikrins greit\u0105 ir komforti\u0161k\u0105 nusausinim\u0105.<\/li>\n<li><strong>Greitas d\u017ei\u016bvimas:<\/strong> Mikropluo\u0161tas pasi\u017eymi itin greitu d\u017ei\u016bvimu, kas yra did\u017eiulis prana\u0161umas, ypa\u010d tiems, kas da\u017enai keliauja arba naudojasi sporto klubuose. Mikropluo\u0161to rank\u0161luos\u010di\u0173 komplektas ro\u017einis greitai i\u0161garina sukaupt\u0105 dr\u0117gm\u0119, tod\u0117l ilgai nelieka dr\u0117gnas, o tai suma\u017eina pel\u0117sio rizik\u0105 ir u\u017etikrina gaiv\u0173 kvap\u0105. Tai ypa\u010d prakti\u0161kas sprendimas aktyv\u0173 gyvenimo b\u016bd\u0105 propaguojantiems \u017emon\u0117ms.<\/li>\n<li><strong>Ilgaam\u017ei\u0161kumas:<\/strong> Mikropluo\u0161tas yra itin patvarus audinys, neprarandantis savo savybi\u0173 net po daugelio skalbim\u0173. Mikropluo\u0161to rank\u0161luos\u010di\u0173 komplektas ro\u017einis i\u0161lieka \u0161velnus, mink\u0161tas ir i\u0161laiko savo form\u0105 ilg\u0105 laik\u0105, net esant da\u017enam naudojimui. Investuodami \u012f \u0161iuos rank\u0161luos\u010dius, galite b\u016bti tikri, kad jie tarnaus ilgai ir i\u0161laikys savo funkcionalum\u0105 bei i\u0161vaizd\u0105.<\/li>\n<li><strong>\u0160velnumas odai:<\/strong> Mikropluo\u0161tas yra labai \u0161velnus ir mink\u0161tas audinys, kuris nekenkia odai ir nesukelia dirginimo. Tai ypatingai aktualu jautriai odai, tod\u0117l mikropluo\u0161to rank\u0161luos\u010di\u0173 komplektas ro\u017einis yra tinkamas naudoti vaikams, taip pat tiems, kurie vertina \u0161velnum\u0105 ir komfort\u0105 po maudyni\u0173. \u0160velni tekst\u016bra u\u017etikrins malon\u0173 jausm\u0105 kiekvien\u0105 kart\u0105 naudojant.<\/li>\n<\/ul>\n<h3><strong>Mikropluo\u0161to rank\u0161luos\u010di\u0173 komplektas ro\u017einis \u2013 prakti\u0161kas ir konkurencingas sprendimas<\/strong><\/h3>\n<p>Mikropluo\u0161to rank\u0161luos\u010di\u0173 komplektas ro\u017einis yra puiki investicija \u012f j\u016bs\u0173 vonios komfort\u0105 ir estetik\u0105. \u0160is komplektas yra lengvai pri\u017ei\u016brimas \u2013 j\u012f galima da\u017enai skalbti, o greitas d\u017ei\u016bvimas u\u017etikrina, kad rank\u0161luos\u010diai ilgai i\u0161laikyt\u0173 savo gaivum\u0105. D\u0117l patvarumo ir ilgaam\u017ei\u0161kumo, \u0161ie rank\u0161luos\u010diai tarnaus ilgai, tad tai ne tik esteti\u0161kas, bet ir ekonomi\u0161kas sprendimas.<\/p>\n<h2><strong>Kod\u0117l verta \u012fsigyti mikropluo\u0161to rank\u0161luos\u010di\u0173 komplekt\u0105 ro\u017ein\u012f?<\/strong><\/h2>\n<ol>\n<li><strong>Ekonomi\u0161kumas:<\/strong> Mikropluo\u0161to rank\u0161luos\u010diai ne tik greitai d\u017ei\u016bsta, bet ir reikalauja ma\u017eiau skalbimo. Tai leid\u017eia suma\u017einti energijos ir vandens s\u0105naudas, o mikropluo\u0161to rank\u0161luos\u010di\u0173 komplektas ro\u017einis tampa ne tik prakti\u0161ku, bet ir ekologi\u0161ku pasirinkimu.<\/li>\n<li><strong>Lengvumas ir patogumas:<\/strong> Mikropluo\u0161to rank\u0161luos\u010diai yra lengvi ir kompakti\u0161ki, tod\u0117l juos lengva ve\u017etis \u012f keliones, sporto sal\u0119 ar basein\u0105. Jie u\u017eima ma\u017eai vietos ir greitai d\u017ei\u016bsta, tod\u0117l mikropluo\u0161to rank\u0161luos\u010di\u0173 komplektas ro\u017einis bus idealus sprendimas tiems, kurie vertina patogum\u0105 ir funkcionalum\u0105 bet kokioje situacijoje.<\/li>\n<li><strong>Platus panaudojimas:<\/strong> Mikropluo\u0161to rank\u0161luos\u010dius galima naudoti ne tik vonioje. Jie puikiai tiks sporto klubuose, kelion\u0117se ar net kaip valymo priemon\u0117, kadangi mikropluo\u0161tas \u0161velniai valo ir sugeria dr\u0117gm\u0119. Mikropluo\u0161to rank\u0161luos\u010di\u0173 komplektas ro\u017einis yra universalus pasirinkimas, kuris suteiks komfort\u0105 ir patogum\u0105 kasdien.<\/li>\n<li><strong>Kur \u012fsigyti mikropluo\u0161to rank\u0161luos\u010di\u0173 komplekt\u0105 ro\u017ein\u012f?<\/strong><\/li>\n<\/ol>\n<p>Ie\u0161kote kokybi\u0161ko, ilgaam\u017eio ir stilingo rank\u0161luos\u010di\u0173 komplekto? Mikropluo\u0161to rank\u0161luos\u010di\u0173 komplekt\u0105 ro\u017ein\u012f galite rasti m\u016bs\u0173 elektronin\u0117je parduotuv\u0117je <a href=\"https:\/\/www.eliashome.eu\/dovanu-parduotuve\/ranksluosciu-komplektai\/ranksluosciu-komplektas-rozinis\/\">Elia&#8217;s HOME<\/a>. Papuo\u0161kite savo vonios kambar\u012f jaukumu ir elegancija su \u0161iuo i\u0161skirtiniu komplektu, kuris taps neatsiejama kasdienyb\u0117s dalimi.<\/p>\n<\/div>\n<\/div>\n<\/div>\n<\/div>\n<\/div>\n<\/div>\n<\/div>\n<\/div>\n<\/article>\n<\/div>\n<\/div>\n<\/div>\n<\/div>\n<\/div>\n<p>Skalbimo metu rekomenduojama nenaudoti skalavimo priemoni\u0173. Skalbti su pana\u0161ios spalvos gaminiais.<\/p>\n<p>35&#215;50 &#8211; dydis tinkamas veidui ir virtuv\u0117s indams<\/p>\n<p>50&#215;90 &#8211; dydis tinkamas veidui ir \u0161lapiems plaukams nusausinti<\/p>\n<p>70&#215;140 &#8211; dydis tinkamas nusausinti k\u016bnui<\/p>\n<p>*Dovan\u0173 d\u0117\u017eut\u0117je telpa daugiausiai trys rank\u0161luos\u010diai ( 70x140cm, 50x90cm, 35x50cm)<\/p>\n","protected":false},"excerpt":{"rendered":"<p>\u0160velnus ir mink\u0161tas mikropluo\u0161to rank\u0161luostis:<br \/>\n\u2022 I\u0161skirtinai greitai sugeria dr\u0117gm\u0119;<br \/>\n\u2022 Greitai d\u017ei\u016bsta;<br \/>\n\u2022 I\u0161d\u017ei\u016bv\u0119s lieka \u0161velnus ir mink\u0161tas;<br \/>\n\u2022 Lengvai i\u0161siskalbia, ne\u012fgeria d\u0117mi\u0173;<br \/>\n\u2022 Puikiai i\u0161sausina indus, stikl\u0105, nepalieka vandens d\u0117mi\u0173, smulki\u0173 p\u016bkeli\u0173;<\/p>","protected":false},"featured_media":8278,"comment_status":"open","ping_status":"closed","template":"","meta":{"_kad_blocks_custom_css":"","_kad_blocks_head_custom_js":"","_kad_blocks_body_custom_js":"","_kad_blocks_footer_custom_js":""},"product_brand":[],"product_cat":[633],"product_tag":[],"class_list":{"0":"post-8368","1":"product","2":"type-product","3":"status-publish","4":"has-post-thumbnail","6":"product_cat-ranksluosciu-komplektai","8":"first","9":"instock","10":"shipping-taxable","11":"purchasable","12":"product-type-simple"},"ct_brands":[],"taxonomy_info":{"product_cat":[{"value":633,"label":"Rank\u0161luos\u010di\u0173 komplektai"}]},"featured_image_src_large":["https:\/\/www.eliashome.eu\/wp-content\/uploads\/2024\/01\/Ranksluosciu-komplektas-rozinis-1024x683.png",1024,683,true],"author_info":[],"comment_info":0,"jetpack_sharing_enabled":true,"_links":{"self":[{"href":"https:\/\/www.eliashome.eu\/en\/wp-json\/wp\/v2\/product\/8368","targetHints":{"allow":["GET"]}}],"collection":[{"href":"https:\/\/www.eliashome.eu\/en\/wp-json\/wp\/v2\/product"}],"about":[{"href":"https:\/\/www.eliashome.eu\/en\/wp-json\/wp\/v2\/types\/product"}],"replies":[{"embeddable":true,"href":"https:\/\/www.eliashome.eu\/en\/wp-json\/wp\/v2\/comments?post=8368"}],"wp:featuredmedia":[{"embeddable":true,"href":"https:\/\/www.eliashome.eu\/en\/wp-json\/wp\/v2\/media\/8278"}],"wp:attachment":[{"href":"https:\/\/www.eliashome.eu\/en\/wp-json\/wp\/v2\/media?parent=8368"}],"wp:term":[{"taxonomy":"product_brand","embeddable":true,"href":"https:\/\/www.eliashome.eu\/en\/wp-json\/wp\/v2\/product_brand?post=8368"},{"taxonomy":"product_cat","embeddable":true,"href":"https:\/\/www.eliashome.eu\/en\/wp-json\/wp\/v2\/product_cat?post=8368"},{"taxonomy":"product_tag","embeddable":true,"href":"https:\/\/www.eliashome.eu\/en\/wp-json\/wp\/v2\/product_tag?post=8368"}],"curies":[{"name":"wp","href":"https:\/\/api.w.org\/{rel}","templated":true}]}}