{"id":8367,"date":"2024-01-17T23:53:20","date_gmt":"2024-01-17T23:53:20","guid":{"rendered":"https:\/\/svetainiuseo.lt\/?post_type=product&#038;p=8367"},"modified":"2026-04-13T09:37:04","modified_gmt":"2026-04-13T09:37:04","slug":"ranksluosciu-komplektas-pilkas","status":"publish","type":"product","link":"https:\/\/www.eliashome.eu\/en\/dovanu-parduotuve\/ranksluosciu-komplektai\/ranksluosciu-komplektas-pilkas\/","title":{"rendered":"Mikropluo\u0161to rank\u0161luos\u010di\u0173 komplektas pilkas"},"content":{"rendered":"<div class=\"flex-shrink-0 flex flex-col relative items-end\">\n<div>\n<div class=\"pt-0\">\n<div class=\"gizmo-bot-avatar flex h-8 w-8 items-center justify-center overflow-hidden rounded-full\">\n<div class=\"relative p-1 rounded-sm flex items-center justify-center bg-token-main-surface-primary text-token-text-primary h-8 w-8\"><\/div>\n<\/div>\n<\/div>\n<\/div>\n<\/div>\n<div class=\"group\/conversation-turn relative flex w-full min-w-0 flex-col agent-turn\">\n<div class=\"flex-col gap-1 md:gap-3\">\n<div class=\"flex max-w-full flex-col flex-grow\">\n<div class=\"min-h-[20px] text-message flex w-full flex-col items-end gap-2 whitespace-normal break-words [.text-message+&amp;]:mt-5\" dir=\"auto\" data-message-author-role=\"assistant\" data-message-id=\"1292caad-0213-418c-ab3e-2948a498516a\">\n<div class=\"flex w-full flex-col gap-1 empty:hidden first:pt-[3px]\">\n<div class=\"markdown prose w-full break-words dark:prose-invert light\">\n<h2><strong>Mikropluo\u0161to rank\u0161luos\u010di\u0173 komplektas pilkas \u2013\u00a0 modernus stilius ir komfortas j\u016bs\u0173 vonios erdvei<\/strong><\/h2>\n<p>Atraskite nepriekai\u0161ting\u0105 dizaino ir funkcionalumo derin\u012f su m\u016bs\u0173 pilku mikropluo\u0161to rank\u0161luos\u010di\u0173 komplektu. \u0160is eleganti\u0161kas pasirinkimas ne tik suteiks j\u016bs\u0173 vonios kambariui \u0161iuolaiki\u0161ko stiliaus, bet ir garantuos auk\u0161\u010diausi\u0105 komfort\u0105 kasdieniniam naudojimui.<\/p>\n<\/div>\n<\/div>\n<\/div>\n<\/div>\n<\/div>\n<\/div>\n<h3>Kod\u0117l verta rinktis mikropluo\u0161to rank\u0161luos\u010dius?<\/h3>\n<p>Mikropluo\u0161to rank\u0161luos\u010diai i\u0161siskiria savo unikaliu audiniu, kuris u\u017etikrina puik\u0173 sugeriamum\u0105, greit\u0105 d\u017ei\u016bvim\u0105 ir nepaprast\u0105 ilgaam\u017ei\u0161kum\u0105. Tai ypa\u010d vertina tie, kurie ie\u0161ko patikim\u0173 vonios aksesuar\u0173, i\u0161laikan\u010di\u0173 savo kokyb\u0119 net ir po daugelio skalbim\u0173. Be to, \u0161ie rank\u0161luos\u010diai yra itin \u0161veln\u016bs ir \u0161veln\u016bs jautriai odai, tod\u0117l jie tiks visiems \u0161eimos nariams.<\/p>\n<h3><strong>Pilka spalva \u2013 modernumo ir rafinuotumo derinys<\/strong><\/h3>\n<p>Pilka spalva \u2013 tai subtilus atspalvis, kuris j\u016bs\u0173 vonios kambariui suteiks rafinuotumo, modernumo ir harmonijos. Nesvarbu, ar j\u016bs\u0173 interjeras minimalistinis, ar klasikinis, \u0161is pilkas rank\u0161luos\u010di\u0173 komplektas puikiai prisitaikys prie bet kokio stiliaus, prid\u0117damas unikal\u0173 ir stiling\u0105 akcent\u0105. Mikropluo\u0161to rank\u0161luos\u010di\u0173 komplektas pilkas visada geras pasirinkimas, kai norisi ka\u017eko prakti\u0161ko.<\/p>\n<h3>Mikropluo\u0161to rank\u0161luos\u010di\u0173 prana\u0161umai:<\/h3>\n<ul>\n<li><strong>Didelis sugeriamumas<\/strong>: Mikropluo\u0161to audinys pasi\u017eymi geresniu vandens sug\u0117rimu nei \u012fprasti medvilniniai rank\u0161luos\u010diai, tod\u0117l jie yra puikus pasirinkimas po maudyni\u0173.<\/li>\n<li><strong>Spartus d\u017ei\u016bvimas<\/strong>: D\u0117l ypatingos mikropluo\u0161to audinio strukt\u016bros \u0161ie rank\u0161luos\u010diai i\u0161d\u017ei\u016bsta grei\u010diau, pad\u0117dami i\u0161vengti dr\u0117gm\u0117s kaupimosi ir nemaloni\u0173 kvap\u0173.<\/li>\n<li><strong>Tvirtumas<\/strong>: Mikropluo\u0161to rank\u0161luos\u010diai yra labai atspar\u016bs d\u0117v\u0117jimuisi, tod\u0117l i\u0161liks kokybi\u0161ki net ir po da\u017eno naudojimo.<\/li>\n<li><strong>Mink\u0161tumas<\/strong>: \u0160velni mikropluo\u0161to tekst\u016bra yra \u0161velni ir saugi net pa\u010diai jautriausiai odai.<\/li>\n<\/ul>\n<h2>Pilko mikropluo\u0161to rank\u0161luos\u010di\u0173 komplekto kaina<\/h2>\n<p>Mikropluo\u0161to rank\u0161luos\u010di\u0173 komplektas pilkas visada d\u017eiugina klientus gera kaina. \u0160is komplektas yra geros kokyb\u0117s ir prieinamos kainos duetas, kuris prad\u017eiugins pirk\u0117jus, kurie kelia rank\u0161luos\u010diui auk\u0161tus reikalavimus.<\/p>\n<p><strong>Kod\u0117l verta rinktis pilkus mikropluo\u0161to rank\u0161luos\u010dius?<\/strong><\/p>\n<p><a href=\"https:\/\/www.google.com\/search?sca_esv=80d0c53c31f1ba3c&amp;rlz=1C1GCEA_enLT926LT926&amp;sxsrf=ADLYWIKS9IpT-4vhldl3WV5cJIG-9eMjiA:1725894404436&amp;q=pilkas+mikropluo%C5%A1to+rank%C5%A1luos%C4%8Di%C5%B3+komplektas&amp;udm=2&amp;fbs=AEQNm0D4BRq2huTi5Rv9j80l_K0H0xk-I2TCIza9my118kcty1grEys_T7XHnWfhpdLSK_EcXrPkYwWK6gYgjidue83LzV_lRfb9aELKuEi_qHBPy-hsre6aYqdflaLcfyQtyDIQEggbztt4QA4yvMXXC1Jvz0yc_k1jfZZRM_ydfHVRo8V7RxZHRXSfv84HUHorlzClSB-X&amp;sa=X&amp;ved=2ahUKEwjdgI_XkbaIAxV7QvEDHfXEAEQQtKgLegQIFRAB&amp;biw=1745&amp;bih=781&amp;dpr=1.1#vhid=HeCmGy_lxD1RIM&amp;vssid=mosaic\" target=\"_blank\" rel=\"noopener\">Pilkos spalvos mikropluo\u0161to rank\u0161luos\u010diai<\/a> vis labiau vertinami d\u0117l savo i\u0161skirtini\u0173 savybi\u0173, kurios skiriasi nuo tradicini\u0173 medvilnini\u0173 gamini\u0173. Nors i\u0161 prad\u017ei\u0173 jie gali atrodyti kaip \u012fprastas audinys, mikropluo\u0161tas yra pa\u017eangios technologijos ir inovacij\u0173 rezultatas, suteikiantis \u0161iems rank\u0161luos\u010diams i\u0161skirtin\u012f funkcionalum\u0105 bei komfort\u0105. \u0160tai kelios prie\u017eastys, kod\u0117l verta rinktis pilkus mikropluo\u0161to rank\u0161luos\u010dius:<\/p>\n<h4><strong>1. Ypatingas sugeriamumas<\/strong><\/h4>\n<p>Pilki mikropluo\u0161to rank\u0161luos\u010diai pagaminti i\u0161 itin smulki\u0173 sintetini\u0173 pluo\u0161t\u0173, kurie yra kur kas plonesni nei medviln\u0117s pluo\u0161tai. D\u0117l \u0161ios strukt\u016bros mikropluo\u0161to audinys gali sugerti kelis kartus daugiau vandens nei jo paties svoris. Tai daro \u0161iuos rank\u0161luos\u010dius puikiu pasirinkimu po du\u0161o, maudyni\u0173 ar baseino, greitai ir veiksmingai pa\u0161alinant dr\u0117gm\u0119 nuo odos.<\/p>\n<h4><strong>2. Spartus d\u017ei\u016bvimas<\/strong><\/h4>\n<p>Vienas i\u0161 pagrindini\u0173 pilk\u0173 mikropluo\u0161to rank\u0161luos\u010di\u0173 privalum\u0173 yra j\u0173 greitas d\u017ei\u016bvimas. Skirtingai nuo tradicini\u0173 medvilnini\u0173 rank\u0161luos\u010di\u0173, kurie gali ilgai likti dr\u0117gni, mikropluo\u0161tas d\u0117l savo strukt\u016bros d\u017ei\u016bsta daug spar\u010diau. Tai padeda suma\u017einti pel\u0117sio ir bakterij\u0173 atsiradimo rizik\u0105, tod\u0117l \u0161ie rank\u0161luos\u010diai yra puikus sprendimas kelion\u0117se ar po treniruot\u0117s.<\/p>\n<h4><strong>3. Lengvumas ir kompakti\u0161kumas<\/strong><\/h4>\n<p>Pilki mikropluo\u0161to rank\u0161luos\u010diai ne tik yra lengvi, bet ir labai kompakti\u0161ki. Jie u\u017eima ma\u017eiau vietos nei \u012fprasti rank\u0161luos\u010diai, tod\u0117l idealiai tinka tiek kelion\u0117ms, tiek sporto sal\u0117ms ar i\u0161kyloms. Juos lengva sulankstyti ir \u012fsid\u0117ti \u012f bet kok\u012f krep\u0161\u012f, o tai u\u017etikrina patogum\u0105 ir prakti\u0161kum\u0105 bet kurioje situacijoje.<\/p>\n<h4><strong>4. Atsparumas ir ilgaam\u017ei\u0161kumas<\/strong><\/h4>\n<p>Mikropluo\u0161to rank\u0161luos\u010diai pasi\u017eymi ilgaam\u017ei\u0161kumu ir atsparumu nusid\u0117v\u0117jimui. Prie\u0161ingai nei medviln\u0117, mikropluo\u0161tas i\u0161laiko savo savybes net po daugelio skalbim\u0173, tod\u0117l \u012fsigijus kokybi\u0161k\u0105 pilk\u0105 mikropluo\u0161to rank\u0161luost\u012f, galite tik\u0117tis, kad jis tarnaus ilgus metus. Be to, juos lengva pri\u017ei\u016br\u0117ti \u2013 tereikia skalbti \u017eemoje temperat\u016broje ir nat\u016braliai d\u017eiovinti.<\/p>\n<h4><strong>5. Mink\u0161tumas ir odos komfortas<\/strong><\/h4>\n<p>Pilki mikropluo\u0161to rank\u0161luos\u010diai yra nepaprastai mink\u0161ti ir malon\u016bs prisilietimui. \u0160velni audinio tekst\u016bra idealiai tinka jautriai odai, nes nesukelia jokio dirginimo ar tempimo. Tai puikus pasirinkimas vaikams, \u017emon\u0117ms su jautria oda arba tiems, kurie vertina malon\u0173 ir komforti\u0161k\u0105 poj\u016bt\u012f po maudyni\u0173.<\/p>\n<h4><strong>6. Draugi\u0161kumas aplinkai<\/strong><\/h4>\n<p>Nors mikropluo\u0161tas yra sintetinis pluo\u0161tas, jo ilgaam\u017ei\u0161kumas ir ma\u017eesnis poreikis skalbti gali tur\u0117ti ma\u017eesn\u012f poveik\u012f aplinkai nei tradiciniai rank\u0161luos\u010diai. Kadangi pilki mikropluo\u0161to rank\u0161luos\u010diai greitai d\u017ei\u016bsta, suma\u017e\u0117ja energijos s\u0105naudos d\u017eiovinant, be to, jie reikalauja ma\u017eiau vandens ir chemini\u0173 priemoni\u0173 skalbiant, tod\u0117l yra <a href=\"https:\/\/www.microfiberwholesale.com\/blogs\/blog\/is-microfiber-green-comparing-microfibers-environmental-impact-with-cotton-and-paper?igTg=9c995629-2bdb-4705-b293-ac4bcd4bc101\" target=\"_blank\" rel=\"noopener\">ekologi\u0161kesnis<\/a> pasirinkimas.<\/p>\n<h4><strong>7. Universalumas<\/strong><\/h4>\n<p>Pilkas mikropluo\u0161to rank\u0161luos\u010di\u0173 komplektas yra universalus ir tinkamas \u012fvairiausioms reikm\u0117ms. Jie puikiai tinka ne tik po maudymosi, bet ir sportuojant, kelion\u0117se, jogos metu ar net nam\u0173 valymui. Mikropluo\u0161to audinys puikiai sugeria ne tik dr\u0117gm\u0119, bet ir dulkes, tod\u0117l \u0161iuos rank\u0161luos\u010dius galima naudoti ir kaip valymo \u0161luostes.<\/p>\n<p><strong>Kur \u012fsigyti pilk\u0105 mikropluo\u0161to rank\u0161luos\u010di\u0173 komplekt\u0105?<\/strong><\/p>\n<p>Jei ie\u0161kote kokybi\u0161ko, eleganti\u0161ko ir prakti\u0161ko rank\u0161luos\u010di\u0173 komplekto, pilk\u0105 mikropluo\u0161to rank\u0161luos\u010di\u0173 komplekt\u0105 galite \u012fsigyti m\u016bs\u0173 elektronin\u0117je parduotuv\u0117je <a href=\"https:\/\/www.eliashome.eu\/dovanu-parduotuve\/ranksluosciu-komplektai\/ranksluosciu-komplektas-pilkas\/\">\u201eElia\u2019s Home\u201c<\/a>. Pasirinkite stiling\u0105 komfort\u0105 kiekvienai dienai!<\/p>\n<p>Skalbimo metu rekomenduojama nenaudoti skalavimo priemoni\u0173. Skalbti su pana\u0161ios spalvos gaminiais.<\/p>\n<p>35&#215;50 &#8211; dydis tinkamas veidui ir virtuv\u0117s indams<\/p>\n<p>50&#215;90 &#8211; dydis tinkamas veidui ir \u0161lapiems plaukams nusausinti<\/p>\n<p>70&#215;140 &#8211; dydis tinkamas nusausinti k\u016bnui<\/p>\n<p>*Dovan\u0173 d\u0117\u017eut\u0117je telpa daugiausiai trys rank\u0161luos\u010diai ( 70x140cm, 50x90cm, 35x50cm)<\/p>\n","protected":false},"excerpt":{"rendered":"<p>\u0160velnus ir mink\u0161tas mikropluo\u0161to rank\u0161luostis:<br \/>\n\u2022 I\u0161skirtinai greitai sugeria dr\u0117gm\u0119;<br \/>\n\u2022 Greitai d\u017ei\u016bsta;<br \/>\n\u2022 I\u0161d\u017ei\u016bv\u0119s lieka \u0161velnus ir mink\u0161tas;<br \/>\n\u2022 Lengvai i\u0161siskalbia, ne\u012fgeria d\u0117mi\u0173;<br \/>\n\u2022 Puikiai i\u0161sausina indus, stikl\u0105, nepalieka vandens d\u0117mi\u0173, smulki\u0173 p\u016bkeli\u0173;<\/p>","protected":false},"featured_media":8276,"comment_status":"open","ping_status":"closed","template":"","meta":{"_kad_blocks_custom_css":"","_kad_blocks_head_custom_js":"","_kad_blocks_body_custom_js":"","_kad_blocks_footer_custom_js":""},"product_brand":[],"product_cat":[633],"product_tag":[],"class_list":{"0":"post-8367","1":"product","2":"type-product","3":"status-publish","4":"has-post-thumbnail","6":"product_cat-ranksluosciu-komplektai","8":"first","9":"instock","10":"shipping-taxable","11":"purchasable","12":"product-type-simple"},"ct_brands":[],"taxonomy_info":{"product_cat":[{"value":633,"label":"Rank\u0161luos\u010di\u0173 komplektai"}]},"featured_image_src_large":["https:\/\/www.eliashome.eu\/wp-content\/uploads\/2024\/01\/Ranksluosciu-komplektas-pilkas-1024x683.png",1024,683,true],"author_info":[],"comment_info":0,"jetpack_sharing_enabled":true,"_links":{"self":[{"href":"https:\/\/www.eliashome.eu\/en\/wp-json\/wp\/v2\/product\/8367","targetHints":{"allow":["GET"]}}],"collection":[{"href":"https:\/\/www.eliashome.eu\/en\/wp-json\/wp\/v2\/product"}],"about":[{"href":"https:\/\/www.eliashome.eu\/en\/wp-json\/wp\/v2\/types\/product"}],"replies":[{"embeddable":true,"href":"https:\/\/www.eliashome.eu\/en\/wp-json\/wp\/v2\/comments?post=8367"}],"wp:featuredmedia":[{"embeddable":true,"href":"https:\/\/www.eliashome.eu\/en\/wp-json\/wp\/v2\/media\/8276"}],"wp:attachment":[{"href":"https:\/\/www.eliashome.eu\/en\/wp-json\/wp\/v2\/media?parent=8367"}],"wp:term":[{"taxonomy":"product_brand","embeddable":true,"href":"https:\/\/www.eliashome.eu\/en\/wp-json\/wp\/v2\/product_brand?post=8367"},{"taxonomy":"product_cat","embeddable":true,"href":"https:\/\/www.eliashome.eu\/en\/wp-json\/wp\/v2\/product_cat?post=8367"},{"taxonomy":"product_tag","embeddable":true,"href":"https:\/\/www.eliashome.eu\/en\/wp-json\/wp\/v2\/product_tag?post=8367"}],"curies":[{"name":"wp","href":"https:\/\/api.w.org\/{rel}","templated":true}]}}