{"id":8366,"date":"2024-01-17T23:53:15","date_gmt":"2024-01-17T23:53:15","guid":{"rendered":"https:\/\/svetainiuseo.lt\/?post_type=product&#038;p=8366"},"modified":"2026-04-12T18:04:40","modified_gmt":"2026-04-12T18:04:40","slug":"ranksluosciu-komplektas-bordinis","status":"publish","type":"product","link":"https:\/\/www.eliashome.eu\/en\/dovanu-parduotuve\/ranksluosciu-komplektai\/ranksluosciu-komplektas-bordinis\/","title":{"rendered":"Mikropluo\u0161to rank\u0161luos\u010di\u0173 komplektas bordinis"},"content":{"rendered":"<h2><strong><b>Mikropluo\u0161to rank\u0161luos\u010di\u0173 komplektas bordinis \u2013 stilingas ir funkcionalus pasirinkimas j\u016bs\u0173 vonios kambariui<\/b><\/strong><\/h2>\n<p><em><i>\u00a0<\/i><\/em>Atraskite kokybi\u0161k\u0105 mikropluo\u0161to rank\u0161luos\u010di\u0173 komplekt\u0105 bordin\u0117s spalvos , kuris suteiks j\u016bs\u0173 vonios kambariui elegancijos ir komforto. Skaitykite daugiau apie \u0161\u012f stiling\u0105 ir prakti\u0161k\u0105 produkt\u0105. Kai renkat\u0117s vonios aksesuarus, ne tik estetika, bet ir kokyb\u0117 turi didel\u0119 reik\u0161m\u0119.<\/p>\n<h3>Kod\u0117l rinktis mikropluo\u0161to rank\u0161luos\u010dius?<\/h3>\n<p>Mikropluo\u0161to rank\u0161luos\u010diai yra ypatingi d\u0117l savo audinio, kuris pasi\u017eymi puikiu sugeriamumu, greitu d\u017ei\u016bvimu ir ilgaam\u017ei\u0161kumu. Tai itin svarbu tiems, kurie nori \u012fsigyti patikimus vonios aksesuarus, kurie nepraranda savo savybi\u0173 net po daugelio skalbim\u0173. Taip pat \u0161ie rank\u0161luos\u010diai yra labai \u0161veln\u016bs ir tinkami jautriai odai, tod\u0117l puikiai tinka kiekvienam \u0161eimos nariui.<\/p>\n<h3><strong><b>Mikropluo\u0161to rank\u0161luos\u010di\u0173 komplektas bordinis<\/b><\/strong><strong> &#8211; puikus pasirinkimas tiems, kurie ie\u0161ko elegancijos ir funkcionalumo viename. <\/strong><\/h3>\n<p>Bordin\u0117 spalva \u2013 ry\u0161kus, i\u0161skirtinis atspalvis, kuris suteikia vonios kambariui ry\u0161kumo, elegancijos ir \u017eaismingumo. \u0160is komplektas ne tik puikiai dera prie \u012fvairi\u0173 interjero stili\u0173, bet ir suteikia praktini\u0173 privalum\u0173, kuriuos teikia mikropluo\u0161to med\u017eiaga.<\/p>\n<h3><strong><b>Mikropluo\u0161to rank\u0161luos\u010di\u0173 privalumai<\/b><\/strong><\/h3>\n<ul>\n<li><b><\/b><strong><b>Auk\u0161tas sugeriamumas:<\/b><\/strong>Mikropluo\u0161to rank\u0161luos\u010diai sugeria daugiau vandens nei tradiciniai medvilniniai rank\u0161luos\u010diai, tod\u0117l jie yra itin prakti\u0161ki.<\/li>\n<li><b><\/b><strong><b>Greitas d\u017ei\u016bvimas:<\/b><\/strong>D\u0117l savo strukt\u016bros mikropluo\u0161to rank\u0161luos\u010diai d\u017ei\u016bsta grei\u010diau, tod\u0117l juos galima da\u017enai naudoti.<\/li>\n<li><b><\/b><strong><b>Ilgaam\u017ei\u0161kumas:<\/b><\/strong>\u0160ie rank\u0161luos\u010diai yra atspar\u016bs nusid\u0117v\u0117jimui, net po daugelio skalbim\u0173 jie i\u0161laiko savo savybes.<\/li>\n<li><b><\/b><strong><b>Mink\u0161tumas:<\/b><\/strong>Mikropluo\u0161to med\u017eiaga yra itin mink\u0161ta ir \u0161velni, tod\u0117l puikiai tinka jautriai odai.<\/li>\n<\/ul>\n<h2>Bordininis mikropluo\u0161to rank\u0161luos\u010di\u0173 komplekto kaina<\/h2>\n<p>\u0160is prabangus bordin\u0117s spalvos mikropluo\u0161to rank\u0161luos\u010di\u0173 komplektas yra prieinamas u\u017e itin palanki\u0105 kain\u0105. Tai puikus pasirinkimas tiems, kurie vertina kokyb\u0119 ir ilgaam\u017ei\u0161kum\u0105 u\u017e prieinam\u0105 kain\u0105. \u012esigykite \u0161\u012f komplekt\u0105 jau \u0161iandien ir paverskite savo vonios kambar\u012f i\u0161skirtiniu.<\/p>\n<h3><strong><b>Kod\u0117l verta rinktis <\/b><\/strong><strong><b>bordin\u012f <\/b><\/strong><strong><b>mikropluo\u0161to rank\u0161luos\u010di\u0173 komplekt\u0105?<\/b><\/strong><\/h3>\n<p>Bordin\u0117s spalvos mikropluo\u0161to rank\u0161luos\u010diai vis labiau populiar\u0117ja d\u0117l savo unikali\u0173 savybi\u0173, kurios i\u0161skiria juos i\u0161 \u012fprast\u0173 medvilnini\u0173 rank\u0161luos\u010di\u0173. Nors jie gali atrodyti kaip paprastas audinys, mikropluo\u0161tas yra technologini\u0173 naujovi\u0173 rezultatas, u\u017etikrinantis neprilygstam\u0105 funkcionalum\u0105 ir patogum\u0105. \u0160tai kelios prie\u017eastys, kod\u0117l verta rinktis bordin\u0117s spalvos mikropluo\u0161to rank\u0161luos\u010dius.<\/p>\n<h4>1. Neprilygstamas sugeriamumas<\/h4>\n<p>Bordiniai mikropluo\u0161to rank\u0161luos\u010diai yra pagaminti i\u0161 itin smulki\u0173 sintetini\u0173 pluo\u0161t\u0173, kurie yra daug ma\u017eesni nei medviln\u0117s. D\u0117l \u0161ios savyb\u0117s mikropluo\u0161to audinys gali sugerti kelis kartus daugiau vandens nei pats sveria, tod\u0117l \u0161ie rank\u0161luos\u010diai yra puikus pasirinkimas po du\u0161o, vonios ar maudyni\u0173 baseine. Jie greitai ir veiksmingai pa\u0161alina dr\u0117gm\u0119 nuo odos, tod\u0117l vos kelis kartus perbraukus jau\u010diat\u0117s sausai ir patogiai.<\/p>\n<h4>2. Greitas d\u017ei\u016bvimas<\/h4>\n<p>Viena i\u0161 pagrindini\u0173 pelen\u0173 ro\u017eini\u0173 mikropluo\u0161to rank\u0161luos\u010di\u0173 privalum\u0173 yra j\u0173 geb\u0117jimas greitai d\u017ei\u016bti. Tradiciniai medvilniniai rank\u0161luos\u010diai da\u017enai ilgai lieka dr\u0117gni, ypa\u010d jei yra laikomi dr\u0117gnoje aplinkoje, tokioje kaip vonios kambarys. Tuo tarpu pelen\u0173 ro\u017einiai mikropluo\u0161to rank\u0161luos\u010diai d\u0117l savo strukt\u016bros d\u017ei\u016bsta daug grei\u010diau, suma\u017eindami pel\u0117sio ir bakterij\u0173 dauginimosi rizik\u0105. Tai ypa\u010d naudinga kelion\u0117se ar sportuojant, kai reikia greitai d\u017ei\u016bvan\u010dio ir visada \u0161varaus rank\u0161luos\u010dio.<\/p>\n<h4><strong><b>3. Stilius ir elegancija<\/b><\/strong><\/h4>\n<p>Bordin\u0117 spalva vonios kambariui suteikia \u0161ilumos ir prabangos. \u0160is spalvinis pasirinkimas yra universalus ir tinka tiek moderniam, tiek klasikiniam interjerui.<\/p>\n<h4><strong><b>4.Kokyb\u0117 ir patogumas<\/b><\/strong><\/h4>\n<p>Kokybi\u0161kas mikropluo\u0161to rank\u0161luos\u010di\u0173 komplektas\u00a0u\u017etikrina ne tik patogum\u0105, bet ir stili\u0173 kiekvien\u0105 dien\u0105. \u0160ie rank\u0161luos\u010diai puikiai tinka tiek kasdieniam naudojimui, tiek kaip eleganti\u0161ka dovana.<\/p>\n<h4>5. Ekologi\u0161kumas<\/h4>\n<p>Nors mikropluo\u0161tas yra sintetinis pluo\u0161tas, jo ilgaam\u017ei\u0161kumas ir ma\u017eesnis poreikis skalbimui gali tur\u0117ti ma\u017eesn\u012f poveik\u012f aplinkai nei tradiciniai rank\u0161luos\u010diai. Kadangi bordiniai mikropluo\u0161to rank\u0161luos\u010diai grei\u010diau d\u017ei\u016bsta, suma\u017e\u0117ja energijos s\u0105naudos d\u017eiovinant. Be to, jie reikalauja ma\u017eiau vandens ir chemini\u0173 priemoni\u0173 skalbiant, kas daro juos ekologi\u0161kesniu pasirinkimu.<\/p>\n<h4>6. Universalumas<\/h4>\n<p>Bordiniai mikropluo\u0161to rank\u0161luos\u010diai yra labai universal\u016bs ir gali b\u016bti naudojami \u012fvairioms reikm\u0117ms. Jie puikiai tinka ne tik po maudymosi, bet ir sportui, kelion\u0117ms, jogos praktikoms ar net nam\u0173 ruo\u0161ai. Mikropluo\u0161to audinys efektyviai sugeria ne tik dr\u0117gm\u0119, bet ir dulkes, tod\u0117l jie gali b\u016bti naudojami kaip valymo \u0161luost\u0117s.<\/p>\n<h2><strong><b>Kur galiu \u012fsigyti kokybi\u0161k\u0105 mikropluo\u0161to rank\u0161luos\u010di\u0173 komplekt\u0105?<\/b><\/strong><\/h2>\n<p>Kokybi\u0161k\u0105 mikropluo\u0161to rank\u0161luos\u010di\u0173 komplekt\u0105 galite \u012fsigyti elektronin\u0117je parduotuv\u0117je <a href=\"https:\/\/www.eliashome.eu\/en\/dovanu-parduotuve\/ranksluosciu-komplektai\/ranksluosciu-komplektas-bordinis\/\">Elia\u2019s Home<\/a><\/p>\n<p>35&#215;50 &#8211; dydis tinkamas veidui ir virtuv\u0117s indams<\/p>\n<p>50&#215;90 &#8211; dydis tinkamas veidui ir \u0161lapiems plaukams nusausinti<\/p>\n<p>70&#215;140 &#8211; dydis tinkamas nusausinti k\u016bnui<\/p>\n<p>*Dovan\u0173 d\u0117\u017eut\u0117je telpa daugiausiai trys rank\u0161luos\u010diai ( 70x140cm, 50x90cm, 35x50cm)<\/p>","protected":false},"excerpt":{"rendered":"<p>\u0160velnus ir mink\u0161tas mikropluo\u0161to rank\u0161luostis:<br \/>\n\u2022 I\u0161skirtinai greitai sugeria dr\u0117gm\u0119;<br \/>\n\u2022 Greitai d\u017ei\u016bsta;<br \/>\n\u2022 I\u0161d\u017ei\u016bv\u0119s lieka \u0161velnus ir mink\u0161tas;<br \/>\n\u2022 Lengvai i\u0161siskalbia, ne\u012fgeria d\u0117mi\u0173;<br \/>\n\u2022 Puikiai i\u0161sausina indus, stikl\u0105, nepalieka vandens d\u0117mi\u0173, smulki\u0173 p\u016bkeli\u0173;<\/p>","protected":false},"featured_media":8311,"comment_status":"open","ping_status":"closed","template":"","meta":{"_kad_blocks_custom_css":"","_kad_blocks_head_custom_js":"","_kad_blocks_body_custom_js":"","_kad_blocks_footer_custom_js":""},"product_brand":[],"product_cat":[633],"product_tag":[],"class_list":{"0":"post-8366","1":"product","2":"type-product","3":"status-publish","4":"has-post-thumbnail","6":"product_cat-ranksluosciu-komplektai","8":"first","9":"instock","10":"featured","11":"shipping-taxable","12":"purchasable","13":"product-type-simple"},"ct_brands":[],"taxonomy_info":{"product_cat":[{"value":633,"label":"Rank\u0161luos\u010di\u0173 komplektai"}]},"featured_image_src_large":["https:\/\/www.eliashome.eu\/wp-content\/uploads\/2024\/01\/Ranksluosciu-komplektas-bordinis-1-1024x683.png",1024,683,true],"author_info":[],"comment_info":1,"jetpack_sharing_enabled":true,"_links":{"self":[{"href":"https:\/\/www.eliashome.eu\/en\/wp-json\/wp\/v2\/product\/8366","targetHints":{"allow":["GET"]}}],"collection":[{"href":"https:\/\/www.eliashome.eu\/en\/wp-json\/wp\/v2\/product"}],"about":[{"href":"https:\/\/www.eliashome.eu\/en\/wp-json\/wp\/v2\/types\/product"}],"replies":[{"embeddable":true,"href":"https:\/\/www.eliashome.eu\/en\/wp-json\/wp\/v2\/comments?post=8366"}],"wp:featuredmedia":[{"embeddable":true,"href":"https:\/\/www.eliashome.eu\/en\/wp-json\/wp\/v2\/media\/8311"}],"wp:attachment":[{"href":"https:\/\/www.eliashome.eu\/en\/wp-json\/wp\/v2\/media?parent=8366"}],"wp:term":[{"taxonomy":"product_brand","embeddable":true,"href":"https:\/\/www.eliashome.eu\/en\/wp-json\/wp\/v2\/product_brand?post=8366"},{"taxonomy":"product_cat","embeddable":true,"href":"https:\/\/www.eliashome.eu\/en\/wp-json\/wp\/v2\/product_cat?post=8366"},{"taxonomy":"product_tag","embeddable":true,"href":"https:\/\/www.eliashome.eu\/en\/wp-json\/wp\/v2\/product_tag?post=8366"}],"curies":[{"name":"wp","href":"https:\/\/api.w.org\/{rel}","templated":true}]}}