{"id":8363,"date":"2024-01-17T23:53:03","date_gmt":"2024-01-17T23:53:03","guid":{"rendered":"https:\/\/svetainiuseo.lt\/?post_type=product&#038;p=8363"},"modified":"2026-04-12T18:04:51","modified_gmt":"2026-04-12T18:04:51","slug":"ranksluosciu-komplektas-kreminis","status":"publish","type":"product","link":"https:\/\/www.eliashome.eu\/en\/dovanu-parduotuve\/ranksluosciu-komplektai\/ranksluosciu-komplektas-kreminis\/","title":{"rendered":"Mikropluo\u0161to rank\u0161luos\u010di\u0173 komplektas kreminis"},"content":{"rendered":"<div class=\"flex-1 overflow-hidden\">\n<div class=\"h-full\">\n<div class=\"react-scroll-to-bottom--css-jhliw-79elbk h-full\">\n<div class=\"react-scroll-to-bottom--css-jhliw-1n7m0yu\">\n<div class=\"flex flex-col text-sm md:pb-9\">\n<article class=\"w-full text-token-text-primary focus-visible:outline-2 focus-visible:outline-offset-[-4px]\" dir=\"auto\" data-testid=\"conversation-turn-9\" data-scroll-anchor=\"true\">\n<div class=\"text-base py-[18px] px-3 md:px-4 m-auto w-full md:px-5 lg:px-1 xl:px-5\">\n<div class=\"mx-auto flex flex-1 gap-4 text-base md:gap-5 lg:gap-6 md:max-w-3xl lg:max-w-[40rem] xl:max-w-[48rem]\">\n<div class=\"group\/conversation-turn relative flex w-full min-w-0 flex-col agent-turn\">\n<div class=\"flex-col gap-1 md:gap-3\">\n<div class=\"flex max-w-full flex-col flex-grow\">\n<div class=\"min-h-[20px] text-message flex w-full flex-col items-end gap-2 whitespace-normal break-words [.text-message+&amp;]:mt-5\" dir=\"auto\" data-message-author-role=\"assistant\" data-message-id=\"48bae4da-83fb-49f3-afee-7638c4587dc3\">\n<div class=\"flex w-full flex-col gap-1 empty:hidden first:pt-[3px]\">\n<div class=\"markdown prose w-full break-words dark:prose-invert light\">\n<h2><strong>Mikropluo\u0161to rank\u0161luos\u010di\u0173 komplektas kreminis 480 g\/m\u00b2 tankio \u2013 eleganti\u0161kas ir prakti\u0161kas pasirinkimas j\u016bs\u0173 vonios kambariui<\/strong><\/h2>\n<p>Atraskite ne tik stili\u0173, bet ir funkcionalum\u0105 savo vonios kambariui su m\u016bs\u0173 mikropluo\u0161to rank\u0161luos\u010di\u0173 komplektu kreminiu. \u0160is stilingas komplektas puikiai papildys j\u016bs\u0173 vonios interjer\u0105, suteikdamas prabangos poj\u016bt\u012f bei ypating\u0105 komfort\u0105 kasdieniam naudojimui.<\/p>\n<h3><strong>Kod\u0117l verta rinktis mikropluo\u0161to rank\u0161luos\u010dius?<\/strong><\/h3>\n<p>Mikropluo\u0161to rank\u0161luos\u010di\u0173 komplektas kreminis yra i\u0161skirtinis d\u0117l savo <a href=\"https:\/\/www.sciencedirect.com\/topics\/chemistry\/microfiber\" target=\"_blank\" rel=\"noopener\">unikali\u0173 savybi\u0173<\/a>, kurias sunku rasti tradiciniuose medvilniniuose rank\u0161luos\u010diuose. Mikropluo\u0161tas pasi\u017eymi puikiu dr\u0117gm\u0117s sug\u0117rimu, greitu d\u017ei\u016bvimu ir ilgaam\u017ei\u0161kumu, tod\u0117l \u0161ie rank\u0161luos\u010diai yra idealus pasirinkimas tiems, kurie ie\u0161ko kokybi\u0161k\u0173 ir patvari\u0173 vonios aksesuar\u0173. Be to, \u0161ie rank\u0161luos\u010diai yra \u0161veln\u016bs, tod\u0117l tinka net jautriai odai, o kremin\u0117 spalva suteiks subtilaus rafinuotumo bet kokiam vonios kambario dizainui.<\/p>\n<h3><strong>Kremin\u0117 spalva \u2013 \u0161velnus ir rafinuotas pasirinkimas<\/strong><\/h3>\n<p>Kremin\u0117 spalva yra universalus ir eleganti\u0161kas pasirinkimas, kuris tinka tiek moderniems, tiek klasikiniams interjerams. Ji suteikia prabangos ir jaukumo poj\u016bt\u012f, ta\u010diau i\u0161lieka subtili ir nei\u0161\u0161aukianti. Mikropluo\u0161to rank\u0161luos\u010di\u0173 komplektas kreminis lengvai \u012fsilieja \u012f bet kok\u012f vonios dizain\u0105, papildydamas j\u012f \u0161velnumu ir gaiva. Nesvarbu, ar j\u016bs\u0173 vonios kambarys minimalistinis, ar kupinas spalv\u0173, kreminis atspalvis taps puikiu interjero akcentu.<\/p>\n<h3><strong>Mikropluo\u0161to rank\u0161luos\u010di\u0173 privalumai<\/strong><\/h3>\n<p>Mikropluo\u0161to rank\u0161luos\u010di\u0173 komplektas kreminis turi daugyb\u0119 privalum\u0173, d\u0117l kuri\u0173 jis i\u0161siskiria tarp kit\u0173 vonios aksesuar\u0173:<\/p>\n<ul>\n<li><strong>Auk\u0161tas sugeriamumas:<\/strong> Mikropluo\u0161to audinys yra nepaprastai sugeriantis, galintis sugerti daug daugiau vandens nei tradiciniai medvilniniai rank\u0161luos\u010diai. Tai ypa\u010d svarbu po du\u0161o ar maudyni\u0173, kai reikia greitai ir efektyviai nuvalyti dr\u0117gm\u0119 nuo odos. \u0160is savybi\u0173 derinys padaro mikropluo\u0161to rank\u0161luos\u010di\u0173 komplekt\u0105 kremin\u012f puikiu pasirinkimu po treniruo\u010di\u0173 ar saunoje, kai svarbu greitai sugerti perteklin\u0119 dr\u0117gm\u0119.<\/li>\n<li><strong>Spartus d\u017ei\u016bvimas:<\/strong> Vienas i\u0161 did\u017eiausi\u0173 mikropluo\u0161to prana\u0161um\u0173 yra jo geb\u0117jimas greitai i\u0161d\u017ei\u016bti. Skirtingai nei medvilniniai rank\u0161luos\u010diai, kurie ilgai i\u0161lieka dr\u0117gni, mikropluo\u0161to rank\u0161luos\u010di\u0173 komplektas kreminis i\u0161d\u017ei\u016bsta \u017eymiai grei\u010diau. Tai suma\u017eina dr\u0117gm\u0117s kaupimosi rizik\u0105, kuri gali sukelti pel\u0117s\u012f ar nemalonius kvapus. \u0160i savyb\u0117 daro \u0161iuos rank\u0161luos\u010dius ypa\u010d tinkamus kelion\u0117ms, sporto sal\u0117ms ar kitoms situacijoms, kur svarbus greitas d\u017ei\u016bvimas ir \u0161vara.<\/li>\n<li><strong>Ilgaam\u017ei\u0161kumas:<\/strong> Mikropluo\u0161to audinys yra \u017einomas d\u0117l savo tvirtumo ir ilgaam\u017ei\u0161kumo. \u0160ie rank\u0161luos\u010diai ne tik i\u0161laiko savo form\u0105 ir spalv\u0105 net po daugelio skalbim\u0173, bet ir ilgai tarnauja. Mikropluo\u0161to rank\u0161luos\u010di\u0173 komplektas kreminis atsparus d\u0117v\u0117jimuisi ir d\u0117m\u0117ms, tod\u0117l i\u0161laiko savo pradin\u0119 i\u0161vaizd\u0105 ilg\u0105 laik\u0105. Jie neblunka ir nepraranda savo savybi\u0173, tod\u0117l investicija \u012f \u0161\u012f komplekt\u0105 atsiperka per ilg\u0105 tarnavimo laik\u0105.<\/li>\n<li><strong>\u0160velnumas odai:<\/strong> D\u0117l savo ypatingos tekst\u016bros mikropluo\u0161tas yra labai \u0161velnus ir malonus liesti. <em>Mikropluo\u0161to rank\u0161luos\u010di\u0173 komplektas kreminis<\/em> yra idealus pasirinkimas jautriai odai, nes nesukelia dirginimo ar sausumo poj\u016b\u010dio. Jie puikiai tinka tiek vaikams, tiek suaugusiems, kurie siekia maksimalaus komforto kasdien\u0117je prie\u017ei\u016broje.<\/li>\n<\/ul>\n<h2><strong>Mikropluo\u0161to rank\u0161luos\u010di\u0173 komplektas kreminis u\u017e konkurencing\u0105 kain\u0105<\/strong><\/h2>\n<p>Norintiems suderinti prabang\u0105, kokyb\u0119 ir prieinam\u0105 kain\u0105, <em>mikropluo\u0161to rank\u0161luos\u010di\u0173 komplektas kreminis<\/em> yra puikus sprendimas. \u0160is komplektas ne tik suteikia j\u016bs\u0173 vonios kambariui i\u0161skirtinumo, bet ir u\u017etikrina prakti\u0161kum\u0105 kasdien. Mikropluo\u0161tas yra efektyvus, ilgaam\u017eis ir lengvai pri\u017ei\u016brimas, tod\u0117l \u0161is komplektas yra vertingas pasirinkimas kiekvienai \u0161eimai. Be to, d\u0117l savo tvirtumo ir atsparumo d\u0117v\u0117jimuisi jis i\u0161lieka kaip naujas net po daugyb\u0117s skalbim\u0173, tod\u0117l ilgainiui sutaupysite tiek laiko, tiek pinig\u0173.<\/p>\n<h2><strong>Kod\u0117l verta rinktis mikropluo\u0161to rank\u0161luos\u010di\u0173 komplekt\u0105 kremin\u012f?<\/strong><\/h2>\n<ol>\n<li><strong>Ekonomi\u0161kumas:<\/strong> Mikropluo\u0161to rank\u0161luos\u010diai grei\u010diau d\u017ei\u016bsta ir reikalauja ma\u017eiau skalbimo, tod\u0117l j\u0173 prie\u017ei\u016bra yra ne tik paprasta, bet ir ekonomi\u0161ka. Be to, greitas d\u017ei\u016bvimas rei\u0161kia ma\u017eesn\u012f energijos suvartojim\u0105, tod\u0117l mikropluo\u0161to rank\u0161luos\u010di\u0173 komplektas kreminis gali b\u016bti laikomas ekologi\u0161ku pasirinkimu.<\/li>\n<li><strong>Lengvumas ir patogumas:<\/strong> \u0160ie rank\u0161luos\u010diai yra ne tik lengvi, bet ir kompakti\u0161ki, tod\u0117l jie puikiai tinka tiek namuose, tiek kelion\u0117se. Jie u\u017eima ma\u017eiau vietos spintoje ar lagamine, tod\u0117l juos lengva pasiimti su savimi, kur beeitum\u0117te.<\/li>\n<li><strong>Platus pritaikymas:<\/strong> Mikropluo\u0161to rank\u0161luos\u010diai gali b\u016bti naudojami ne tik po maudyni\u0173. D\u0117l savo savybi\u0173 jie tinka sportui, kelion\u0117ms, baseinams ar net nam\u0173 valymui. Mikropluo\u0161to rank\u0161luos\u010di\u0173 komplektas kreminis yra universalus pasirinkimas, kuris suteikia galimyb\u0119 naudoti rank\u0161luos\u010dius \u012fvairioms reikm\u0117ms.<\/li>\n<\/ol>\n<p><strong>Kur \u012fsigyti mikropluo\u0161to rank\u0161luos\u010di\u0173 komplekt\u0105 kremin\u012f?<\/strong><\/p>\n<p>Jei ie\u0161kote eleganti\u0161ko, kokybi\u0161ko ir ilgaam\u017eio rank\u0161luos\u010di\u0173 komplekto,<em> mikropluo\u0161to rank\u0161luos\u010di\u0173 komplekt\u0105 kremin\u012f<\/em> galite rasti m\u016bs\u0173 elektronin\u0117je parduotuv\u0117je <a href=\"https:\/\/www.eliashome.eu\/dovanu-parduotuve\/ranksluosciu-komplektai\/ranksluosciu-komplektas-kreminis\/\">\u201eElia\u2019s Home\u201c<\/a>. Suteikite savo vonios kambariui prabangos poj\u016bt\u012f ir u\u017etikrinkite kasdienin\u012f komfort\u0105 su \u0161iuo i\u0161skirtiniu komplektu.<\/p>\n<\/div>\n<\/div>\n<\/div>\n<\/div>\n<\/div>\n<\/div>\n<\/div>\n<\/div>\n<\/article>\n<\/div>\n<\/div>\n<\/div>\n<\/div>\n<\/div>\n<div class=\"md:pt-0 dark:border-white\/20 md:border-transparent md:dark:border-transparent w-full\">\n<div class=\"\">\n<div class=\"relative w-full px-2 py-2 text-center text-xs text-token-text-secondary empty:hidden md:px-[60px]\">\n<div class=\"min-h-4\">\n<div><\/div>\n<\/div>\n<\/div>\n<\/div>\n<\/div>\n<p>Skalbimo metu rekomenduojama nenaudoti skalavimo priemoni\u0173. Skalbti su pana\u0161ios spalvos gaminiais.<\/p>\n<p>35&#215;50 &#8211; dydis tinkamas veidui ir virtuv\u0117s indams<\/p>\n<p>50&#215;90 &#8211; dydis tinkamas veidui ir \u0161lapiems plaukams nusausinti<\/p>\n<p>70&#215;140 &#8211; dydis tinkamas nusausinti k\u016bnui<\/p>\n<p>*Dovan\u0173 d\u0117\u017eut\u0117je telpa daugiausiai trys rank\u0161luos\u010diai ( 70x140cm, 50x90cm, 35x50cm)<\/p>\n","protected":false},"excerpt":{"rendered":"<p>\u0160velnus ir mink\u0161tas mikropluo\u0161to rank\u0161luostis:<br \/>\n\u2022 I\u0161skirtinai greitai sugeria dr\u0117gm\u0119;<br \/>\n\u2022 Greitai d\u017ei\u016bsta;<br \/>\n\u2022 I\u0161d\u017ei\u016bv\u0119s lieka \u0161velnus ir mink\u0161tas;<br \/>\n\u2022 Lengvai i\u0161siskalbia, ne\u012fgeria d\u0117mi\u0173;<br \/>\n\u2022 Puikiai i\u0161sausina indus, stikl\u0105, nepalieka vandens d\u0117mi\u0173, smulki\u0173 p\u016bkeli\u0173;<\/p>","protected":false},"featured_media":8273,"comment_status":"open","ping_status":"closed","template":"","meta":{"_kad_blocks_custom_css":"","_kad_blocks_head_custom_js":"","_kad_blocks_body_custom_js":"","_kad_blocks_footer_custom_js":""},"product_brand":[],"product_cat":[633],"product_tag":[],"class_list":{"0":"post-8363","1":"product","2":"type-product","3":"status-publish","4":"has-post-thumbnail","6":"product_cat-ranksluosciu-komplektai","8":"first","9":"instock","10":"shipping-taxable","11":"purchasable","12":"product-type-simple"},"ct_brands":[],"taxonomy_info":{"product_cat":[{"value":633,"label":"Rank\u0161luos\u010di\u0173 komplektai"}]},"featured_image_src_large":["https:\/\/www.eliashome.eu\/wp-content\/uploads\/2024\/01\/Ranksluosciu-komplektas-kreminis-1024x683.png",1024,683,true],"author_info":[],"comment_info":1,"jetpack_sharing_enabled":true,"_links":{"self":[{"href":"https:\/\/www.eliashome.eu\/en\/wp-json\/wp\/v2\/product\/8363","targetHints":{"allow":["GET"]}}],"collection":[{"href":"https:\/\/www.eliashome.eu\/en\/wp-json\/wp\/v2\/product"}],"about":[{"href":"https:\/\/www.eliashome.eu\/en\/wp-json\/wp\/v2\/types\/product"}],"replies":[{"embeddable":true,"href":"https:\/\/www.eliashome.eu\/en\/wp-json\/wp\/v2\/comments?post=8363"}],"wp:featuredmedia":[{"embeddable":true,"href":"https:\/\/www.eliashome.eu\/en\/wp-json\/wp\/v2\/media\/8273"}],"wp:attachment":[{"href":"https:\/\/www.eliashome.eu\/en\/wp-json\/wp\/v2\/media?parent=8363"}],"wp:term":[{"taxonomy":"product_brand","embeddable":true,"href":"https:\/\/www.eliashome.eu\/en\/wp-json\/wp\/v2\/product_brand?post=8363"},{"taxonomy":"product_cat","embeddable":true,"href":"https:\/\/www.eliashome.eu\/en\/wp-json\/wp\/v2\/product_cat?post=8363"},{"taxonomy":"product_tag","embeddable":true,"href":"https:\/\/www.eliashome.eu\/en\/wp-json\/wp\/v2\/product_tag?post=8363"}],"curies":[{"name":"wp","href":"https:\/\/api.w.org\/{rel}","templated":true}]}}