{"id":8362,"date":"2024-01-17T23:52:51","date_gmt":"2024-01-17T23:52:51","guid":{"rendered":"https:\/\/svetainiuseo.lt\/?post_type=product&#038;p=8362"},"modified":"2026-04-13T09:37:03","modified_gmt":"2026-04-13T09:37:03","slug":"ranksluosciu-komplektas-juodas","status":"publish","type":"product","link":"https:\/\/www.eliashome.eu\/en\/dovanu-parduotuve\/ranksluosciu-komplektai\/ranksluosciu-komplektas-juodas\/","title":{"rendered":"Mikropluo\u0161to rank\u0161luos\u010di\u0173 komplektas juodas"},"content":{"rendered":"<div class=\"flex max-w-full flex-col flex-grow\">\n<div class=\"min-h-[20px] text-message flex w-full flex-col items-end gap-2 whitespace-normal break-words [.text-message+&amp;]:mt-5\" dir=\"auto\" data-message-author-role=\"assistant\" data-message-id=\"b28e79f1-4ef3-4603-a362-a6b8f6ee4692\">\n<div class=\"flex w-full flex-col gap-1 empty:hidden first:pt-[3px]\">\n<div class=\"markdown prose w-full break-words dark:prose-invert light\">\n<h2><strong>Mikropluo\u0161to rank\u0161luos\u010di\u0173 komplektas juodas \u2013 modernus ir prakti\u0161kas pasirinkimas j\u016bs\u0173 vonios kambariui<\/strong><\/h2>\n<p>Juoda spalva vonios kambario interjere tampa vis populiaresn\u0117 ir laikoma modernumo simboliu. Jei siekiate stilingo ir funkcionalaus sprendimo, mikropluo\u0161to rank\u0161luos\u010di\u0173 komplektas juodas gali tapti tobulu pasirinkimu. \u0160is komplektas ne tik puikiai atrodo, bet ir pasi\u017eymi puikiomis savyb\u0117mis, d\u0117l kuri\u0173 juo naudotis itin patogu.<\/p>\n<h3><strong>Kod\u0117l verta rinktis mikropluo\u0161to rank\u0161luos\u010di\u0173 komplekt\u0105?<\/strong><\/h3>\n<p>Mikropluo\u0161tas yra audinys, kuris ypa\u010d vertinamas d\u0117l savo puiki\u0173 dr\u0117gm\u0117s sug\u0117rimo, greito d\u017ei\u016bvimo ir ilgaam\u017ei\u0161kumo savybi\u0173. Mikropluo\u0161to rank\u0161luos\u010di\u0173 komplektas juodas tinka tiek kasdieniam naudojimui, tiek kelion\u0117ms ar sportui. Be to, mikropluo\u0161to rank\u0161luos\u010diai yra \u0161veln\u016bs odai ir puikiai tinka visai \u0161eimai, \u012fskaitant ir jautriausi\u0105 od\u0105 turin\u010dius asmenis. O juoda spalva vonios kambaryje suteikia i\u0161skirtinumo ir elegancijos, ypa\u010d derinant prie <a href=\"https:\/\/www.ccl-wetrooms.co.uk\/blog\/how-to-clean-matte-black-bathroom-taps-and-fixtures\/\" target=\"_blank\" rel=\"noopener\">juodos santechnikos.<\/a><\/p>\n<h3><strong>Juoda spalva \u2013 modernus ir prabangus pasirinkimas<\/strong><\/h3>\n<p>Juoda yra viena moderniausi\u0173 ir eleganti\u0161kiausi\u0173 spalv\u0173, kuri\u0105 vis da\u017eniau renkasi tie, kurie nori suteikti savo vonios kambariui i\u0161skirtinumo. Mikropluo\u0161to rank\u0161luos\u010di\u0173 komplektas juodas yra ne tik prakti\u0161kas, bet ir stilingas pasirinkimas. Juoda spalva ypa\u010d gra\u017eiai atrodo \u0161iuolaikiniuose interjeruose, kur vyrauja minimalizmas ir kontrastai. Ji puikiai dera su juodos spalvos santechnika, suteikdama interjerui prabangos ir solidumo poj\u016bt\u012f.<\/p>\n<h2><strong>Mikropluo\u0161to rank\u0161luos\u010di\u0173 privalumai<\/strong><\/h2>\n<p>Mikropluo\u0161to rank\u0161luos\u010di\u0173 komplektas juodas turi daugyb\u0119 privalum\u0173, d\u0117l kuri\u0173 jis i\u0161siskiria i\u0161 kit\u0173 rinkoje esan\u010di\u0173 rank\u0161luos\u010di\u0173:<\/p>\n<ul>\n<li><strong>Puikus dr\u0117gm\u0117s sug\u0117rimas<\/strong>: Mikropluo\u0161tas \u017einomas d\u0117l savo geb\u0117jimo greitai ir efektyviai sugerti dr\u0117gm\u0119. Lyginant su \u012fprastais medvilniniais rank\u0161luos\u010diais, jis gali sugerti daug daugiau vandens, tod\u0117l po maudyni\u0173 j\u016bs\u0173 oda bus greitai ir \u0161velniai nusausinta.<\/li>\n<li><strong>Spartus d\u017ei\u016bvimas<\/strong>: Mikropluo\u0161to rank\u0161luos\u010diai d\u017ei\u016bsta daug grei\u010diau nei tradiciniai. Tai ypa\u010d aktualu tiems, kurie ie\u0161ko rank\u0161luos\u010di\u0173 kelion\u0117ms ar sportui, nes jie i\u0161lieka sausi net da\u017enai naudojami. Mikropluo\u0161to rank\u0161luos\u010di\u0173 komplektas juodas i\u0161vengia dr\u0117gm\u0117s kaupimosi, tod\u0117l suma\u017e\u0117ja pel\u0117sio ir nemaloni\u0173 kvap\u0173 rizika.<\/li>\n<li><strong>Ilgaam\u017ei\u0161kumas<\/strong>: Mikropluo\u0161tas yra ypa\u010d patvarus, tod\u0117l rank\u0161luos\u010diai i\u0161laiko savo savybes net po daugyb\u0117s skalbim\u0173. Mikropluo\u0161to rank\u0161luos\u010di\u0173 komplektas juodas nepraranda savo \u0161velnumo ir formos net po intensyvaus naudojimo, kas ilgainiui taupo pinigus.<\/li>\n<li><strong>\u0160velnumas odai<\/strong>: Mikropluo\u0161tas yra nepaprastai \u0161velnus ir nedirgina odos. Tai ypa\u010d svarbu jautriai odai, tod\u0117l \u0161iuos rank\u0161luos\u010dius gali naudoti ir ma\u017ei vaikai, ir suaugusieji, kurie nori maksimalaus komforto po maudyni\u0173.<\/li>\n<\/ul>\n<h3><strong>Juoda spalva \u2013 universalus sprendimas bet kokiam interjerui<\/strong><\/h3>\n<p>Juoda spalva, nors ir moderni, yra itin universali. Mikropluo\u0161to rank\u0161luos\u010di\u0173 komplektas juodas puikiai der\u0117s su \u012fvairi\u0173 stili\u0173 vonios kambariais. Nesvarbu, ar j\u016bs\u0173 vonios kambaryje vyrauja minimalistinis, ar labiau ekstravaganti\u0161kas dizainas, juodi rank\u0161luos\u010diai suteiks interjerui \u0161iuolaiki\u0161ko ir i\u0161skirtinio akcento. Jie gali b\u016bti derinami su juoda ar kita spalvota santechnika, kad sukurtum\u0117te vientis\u0105 ir harmoning\u0105 dizain\u0105.<\/p>\n<h2><strong>Mikropluo\u0161to rank\u0161luos\u010di\u0173 komplektas juodas u\u017e patraukli\u0105 kain\u0105<\/strong><\/h2>\n<p>Ie\u0161kote auk\u0161tos kokyb\u0117s ir ilgaam\u017ei\u0173 rank\u0161luos\u010di\u0173? Mikropluo\u0161to rank\u0161luos\u010di\u0173 komplektas juodas yra puikus sprendimas. D\u0117l savo patvarumo ir paprastos prie\u017ei\u016bros, mikropluo\u0161to rank\u0161luos\u010diai ilgai i\u0161lieka kaip nauji net po daugelio skalbim\u0173. Jie greitai d\u017ei\u016bsta, tod\u0117l nereik\u0117s j\u0173 da\u017enai keisti, o tai leis sutaupyti tiek laiko, tiek pinig\u0173.<\/p>\n<p>Be to, \u0161is komplektas ne tik u\u017etikrina j\u016bs\u0173 kasdienin\u012f komfort\u0105, bet ir yra labai patrauklus d\u0117l savo kainos. Mikropluo\u0161to rank\u0161luos\u010di\u0173 komplektas yra ne tik esteti\u0161kai patrauklus, bet ir ekonomi\u0161kas pasirinkimas tiems, kurie siekia kokyb\u0117s u\u017e prieinam\u0105 kain\u0105.<\/p>\n<p><strong>Kod\u0117l verta rinktis mikropluo\u0161to rank\u0161luos\u010di\u0173 komplekt\u0105 juod\u0105?<\/strong><\/p>\n<ul>\n<li><strong>Ekonomi\u0161kumas<\/strong>: Mikropluo\u0161to rank\u0161luos\u010diai yra lengvai pri\u017ei\u016brimi ir ilgaam\u017eiai, tod\u0117l j\u0173 prie\u017ei\u016bra reikalauja ma\u017eiau laiko ir pastang\u0173.<\/li>\n<li><strong>Lengvumas ir patogumas<\/strong>: Jie u\u017eima ma\u017eai vietos ir yra lengvi, tod\u0117l puikiai tinka ne tik namuose, bet ir kelion\u0117se.<\/li>\n<li><strong>Platus pritaikymas<\/strong>: Jie tinka ne tik po du\u0161o, bet ir sportui, kelion\u0117ms, baseinui ar net nam\u0173 valymui.<\/li>\n<\/ul>\n<h3><strong>Kur \u012fsigyti mikropluo\u0161to rank\u0161luos\u010di\u0173 komplekt\u0105 juod\u0105?<\/strong><\/h3>\n<p>Norintiems suteikti savo vonios kambariui modernumo ir stilingumo, mikropluo\u0161to rank\u0161luos\u010di\u0173 komplektas juodas yra prieinamas m\u016bs\u0173 elektronin\u0117je parduotuv\u0117je <a href=\"https:\/\/www.eliashome.eu\/dovanu-parduotuve\/ranksluosciu-komplektai\/ranksluosciu-komplektas-juodas\/\">\u201eElia\u2019s Home<\/a>\u201c. Investuokite \u012f \u0161iuolaiki\u0161k\u0105 ir funkcional\u0173 sprendim\u0105, kuris ne tik puikiai atrodys, bet ir u\u017etikrins j\u016bs\u0173 kasdien\u012f komfort\u0105.<\/p>\n<\/div>\n<\/div>\n<\/div>\n<\/div>\n<div class=\"mt-1 flex gap-3 empty:hidden -ml-2\">\n<div class=\"items-center justify-start rounded-xl p-1 flex\">\n<div class=\"flex items-center\">Skalbimo metu rekomenduojama nenaudoti skalavimo priemoni\u0173. Skalbti su pana\u0161ios spalvos gaminiais.<\/div>\n<\/div>\n<\/div>\n<p>35&#215;50 &#8211; dydis tinkamas veidui ir virtuv\u0117s indams<\/p>\n<p>50&#215;90 &#8211; dydis tinkamas veidui ir \u0161lapiems plaukams nusausinti<\/p>\n<p>70&#215;140 &#8211; dydis tinkamas nusausinti k\u016bnui<\/p>\n<p>*Dovan\u0173 d\u0117\u017eut\u0117je telpa daugiausiai trys rank\u0161luos\u010diai ( 70x140cm, 50x90cm, 35x50cm)<\/p>\n","protected":false},"excerpt":{"rendered":"<p>\u0160velnus ir mink\u0161tas mikropluo\u0161to rank\u0161luostis:<br \/>\n\u2022 I\u0161skirtinai greitai sugeria dr\u0117gm\u0119;<br \/>\n\u2022 Greitai d\u017ei\u016bsta;<br \/>\n\u2022 I\u0161d\u017ei\u016bv\u0119s lieka \u0161velnus ir mink\u0161tas;<br \/>\n\u2022 Lengvai i\u0161siskalbia, ne\u012fgeria d\u0117mi\u0173;<br \/>\n\u2022 Puikiai i\u0161sausina indus, stikl\u0105, nepalieka vandens d\u0117mi\u0173, smulki\u0173 p\u016bkeli\u0173;<\/p>","protected":false},"featured_media":8271,"comment_status":"open","ping_status":"closed","template":"","meta":{"_kad_blocks_custom_css":"","_kad_blocks_head_custom_js":"","_kad_blocks_body_custom_js":"","_kad_blocks_footer_custom_js":""},"product_brand":[],"product_cat":[633],"product_tag":[],"class_list":{"0":"post-8362","1":"product","2":"type-product","3":"status-publish","4":"has-post-thumbnail","6":"product_cat-ranksluosciu-komplektai","8":"first","9":"instock","10":"shipping-taxable","11":"purchasable","12":"product-type-simple"},"ct_brands":[],"taxonomy_info":{"product_cat":[{"value":633,"label":"Rank\u0161luos\u010di\u0173 komplektai"}]},"featured_image_src_large":["https:\/\/www.eliashome.eu\/wp-content\/uploads\/2024\/01\/Ranksluosciu-komplektas-juodas-1024x768.png",1024,768,true],"author_info":[],"comment_info":1,"jetpack_sharing_enabled":true,"_links":{"self":[{"href":"https:\/\/www.eliashome.eu\/en\/wp-json\/wp\/v2\/product\/8362","targetHints":{"allow":["GET"]}}],"collection":[{"href":"https:\/\/www.eliashome.eu\/en\/wp-json\/wp\/v2\/product"}],"about":[{"href":"https:\/\/www.eliashome.eu\/en\/wp-json\/wp\/v2\/types\/product"}],"replies":[{"embeddable":true,"href":"https:\/\/www.eliashome.eu\/en\/wp-json\/wp\/v2\/comments?post=8362"}],"wp:featuredmedia":[{"embeddable":true,"href":"https:\/\/www.eliashome.eu\/en\/wp-json\/wp\/v2\/media\/8271"}],"wp:attachment":[{"href":"https:\/\/www.eliashome.eu\/en\/wp-json\/wp\/v2\/media?parent=8362"}],"wp:term":[{"taxonomy":"product_brand","embeddable":true,"href":"https:\/\/www.eliashome.eu\/en\/wp-json\/wp\/v2\/product_brand?post=8362"},{"taxonomy":"product_cat","embeddable":true,"href":"https:\/\/www.eliashome.eu\/en\/wp-json\/wp\/v2\/product_cat?post=8362"},{"taxonomy":"product_tag","embeddable":true,"href":"https:\/\/www.eliashome.eu\/en\/wp-json\/wp\/v2\/product_tag?post=8362"}],"curies":[{"name":"wp","href":"https:\/\/api.w.org\/{rel}","templated":true}]}}