{"id":72,"date":"2022-04-11T12:53:40","date_gmt":"2022-04-11T12:53:40","guid":{"rendered":"https:\/\/demo.creativethemes.com\/blocksy\/home-decor\/?page_id=72"},"modified":"2024-01-15T23:54:05","modified_gmt":"2024-01-15T23:54:05","slug":"grazinimai","status":"publish","type":"page","link":"https:\/\/www.eliashome.eu\/en\/grazinimai\/","title":{"rendered":"Returns"},"content":{"rendered":"<style>.kb-row-layout-id72_0d0315-2c > .kt-row-column-wrap{align-content:start;}:where(.kb-row-layout-id72_0d0315-2c > .kt-row-column-wrap) > .wp-block-kadence-column{justify-content:start;}.kb-row-layout-id72_0d0315-2c > .kt-row-column-wrap{column-gap:var(--global-kb-gap-md, 2rem);row-gap:var(--global-kb-gap-md, 2rem);max-width:1396px;margin-left:auto;margin-right:auto;padding-top:var(--global-kb-spacing-md, 2rem);padding-bottom:var(--global-kb-spacing-sm, 1.5rem);grid-template-columns:minmax(0, 1fr);}.kb-row-layout-id72_0d0315-2c > .kt-row-layout-overlay{opacity:0.30;}@media all and (max-width: 1024px){.kb-row-layout-id72_0d0315-2c > .kt-row-column-wrap{padding-top:var(--global-kb-spacing-xs, 1rem);grid-template-columns:minmax(0, 1fr);}}@media all and (max-width: 767px){.kb-row-layout-id72_0d0315-2c > .kt-row-column-wrap{grid-template-columns:minmax(0, 1fr);}}<\/style><div class=\"kb-row-layout-wrap kb-row-layout-id72_0d0315-2c alignnone wp-block-kadence-rowlayout\"><div class=\"kt-row-column-wrap kt-has-1-columns kt-row-layout-equal kt-tab-layout-inherit kt-mobile-layout-row kt-row-valign-top\">\n<style>.kadence-column72_fad965-e9 > .kt-inside-inner-col,.kadence-column72_fad965-e9 > .kt-inside-inner-col:before{border-top-left-radius:0px;border-top-right-radius:0px;border-bottom-right-radius:0px;border-bottom-left-radius:0px;}.kadence-column72_fad965-e9 > .kt-inside-inner-col{column-gap:var(--global-kb-gap-sm, 1rem);}.kadence-column72_fad965-e9 > .kt-inside-inner-col{flex-direction:column;}.kadence-column72_fad965-e9 > .kt-inside-inner-col > .aligncenter{width:100%;}.kadence-column72_fad965-e9 > .kt-inside-inner-col:before{opacity:0.3;}.kadence-column72_fad965-e9{position:relative;}@media all and (max-width: 1024px){.kadence-column72_fad965-e9 > .kt-inside-inner-col{flex-direction:column;justify-content:center;}}@media all and (max-width: 767px){.kadence-column72_fad965-e9 > .kt-inside-inner-col{flex-direction:column;justify-content:center;}}<\/style>\n<div class=\"wp-block-kadence-column kadence-column72_fad965-e9\"><div class=\"kt-inside-inner-col\"><style>.wp-block-kadence-advancedheading.kt-adv-heading72_7cb522-da, .wp-block-kadence-advancedheading.kt-adv-heading72_7cb522-da[data-kb-block=\"kb-adv-heading72_7cb522-da\"]{padding-top:0px;text-align:center;font-style:normal;}.wp-block-kadence-advancedheading.kt-adv-heading72_7cb522-da mark.kt-highlight, .wp-block-kadence-advancedheading.kt-adv-heading72_7cb522-da[data-kb-block=\"kb-adv-heading72_7cb522-da\"] mark.kt-highlight{font-style:normal;color:#f76a0c;-webkit-box-decoration-break:clone;box-decoration-break:clone;padding-top:0px;padding-right:0px;padding-bottom:0px;padding-left:0px;}.wp-block-kadence-advancedheading.kt-adv-heading72_7cb522-da img.kb-inline-image, .wp-block-kadence-advancedheading.kt-adv-heading72_7cb522-da[data-kb-block=\"kb-adv-heading72_7cb522-da\"] img.kb-inline-image{width:150px;vertical-align:baseline;}@media all and (max-width: 1024px){.wp-block-kadence-advancedheading.kt-adv-heading72_7cb522-da, .wp-block-kadence-advancedheading.kt-adv-heading72_7cb522-da[data-kb-block=\"kb-adv-heading72_7cb522-da\"]{padding-top:var(--global-kb-spacing-sm, 1.5rem);}}@media all and (max-width: 767px){.wp-block-kadence-advancedheading.kt-adv-heading72_7cb522-da, .wp-block-kadence-advancedheading.kt-adv-heading72_7cb522-da[data-kb-block=\"kb-adv-heading72_7cb522-da\"]{padding-top:var(--global-kb-spacing-sm, 1.5rem);}}<\/style>\n<h3 class=\"kt-adv-heading72_7cb522-da wp-block-kadence-advancedheading\" data-kb-block=\"kb-adv-heading72_7cb522-da\">Gr\u0105\u017einimai<\/h3>\n\n\n\n<p><em>GR\u0104\u017dINAMA AR KEI\u010cIAMA PREK\u0116 TURI B\u016aTI:<\/em><\/p>\n\n\n\n<p><br>Nepakeitusi savo prekin\u0117s i\u0161vaizdos, nesugadinta ir nenaudota.<\/p>\n\n\n\n<p>Su visomis prie prek\u0117s pritvirtintomis etiket\u0117ms.<\/p>\n\n\n\n<p>Mai\u0161eli\u0173, d\u0117\u017eu\u010di\u0173, reklamini\u0173 buklet\u0173 gr\u0105\u017einti nereikia.<\/p>\n\n\n\n<p>Jei d\u0117l koki\u0173 nors prie\u017eas\u010di\u0173 nusprend\u0117te gr\u0105\u017einti prek\u0119, kuri\u0105 \u012fsigijote \u201eElia\u2018s HOME\u201c elektronin\u0117je parduotuv\u0117je, pra\u0161ome per 14 dien\u0173 nuo jos gavimo informuoti mus el. pa\u0161tu: <em><a href=\"mailto:eliashomeinfo@gmail.com\">eliashomeinfo@gmail.com<\/a>.<\/em><\/p>\n\n\n\n<p>1. Bendros preki\u0173 gr\u0105\u017einimo ir keitimo taisykl\u0117s<br><br>1.1. Preki\u0173 gr\u0105\u017einimas vyksta vadovaujantis 2001m. bir\u017eelio 29d. Lietuvos Respublikos \u016akio ministro \u012fsakymu Nr. 217 &#8220;D\u0117l daikt\u0173 gr\u0105\u017einimo ir keitimo taisykli\u0173 patvirtinimo&#8221;.<br>1.2. Gr\u0105\u017einam\u0173 kokybi\u0161k\u0173 arba kei\u010diam\u0173 preki\u0173 gr\u0105\u017einimo i\u0161laidas apmoka pirk\u0117jas. Pirk\u0117jui gr\u0105\u017einama tik u\u017e prek\u0119 sumok\u0117ta pinig\u0173 suma.<br>1.3. Nor\u0117damas gr\u0105\u017einti prek\u0119 (-es), Pirk\u0117jas gali tai padaryti per 14 (keturiolika) dien\u0173 nuo preki\u0173 pristatymo Pirk\u0117jui dienos, informuodamas Pardav\u0117j\u0105 el. pa\u0161tu, pridedant prek\u0117s ir\/arba siuntinio nuotraukas ar video, apra\u0161an\u010dias i\u0161kilusi\u0105 problem\u0105.<br>1.4. Gr\u0105\u017einama prek\u0117 turi b\u016bti originalioje tvarkingoje pakuot\u0117je: nesugadinta, nenaudota, tos pa\u010dios komplektacijos, kokios Pirk\u0117jas j\u0105 gavo, nepraradusi prekin\u0117s i\u0161vaizdos (nepa\u017eeistos etiket\u0117s, nenupl\u0117\u0161tos apsaugin\u0117s pl\u0117vel\u0117s ir kt.). Gr\u0105\u017einant prek\u0119 b\u016btina pateikti popierin\u012f (atspausdint\u0105) jos \u012fsigijimo dokument\u0105 (u\u017esakymo, pavedimo kopij\u0105).<br>1.5. Gr\u0105\u017einant kokybi\u0161k\u0105 prek\u0119, siuntimo i\u0161laidos pirk\u0117jui n\u0117ra gr\u0105\u017einamos.<br>1.6. Gr\u0105\u017einant gaut\u0105 ne t\u0105 prek\u0119, Pardav\u0117jas \u012fsipareigoja pakeisti toki\u0105 prek\u0119 reikalinga preke. Neturint reikalingos prek\u0117s, Pirk\u0117jui gr\u0105\u017einami visi pinigai (u\u017e prek\u0119, ir patirtas faktines siuntimo i\u0161laidas).<br>1.7. Kai gr\u0105\u017einama nekokybi\u0161ka prek\u0117, Pardav\u0117jas \u012fsipareigoja pakeisti nekokybi\u0161k\u0105 prek\u0119 analogi\u0161ka preke arba gr\u0105\u017einti Pirk\u0117jui pinigus.<br>1.8. Vadovaujantis LR \u016bkio ministro 2001m. bir\u017eelio 29d. \u012fsakymu Nr. 217 \u201eD\u0117l daikt\u0173 gr\u0105\u017einimo ir keitimo taisykli\u0173 patvirtinimo\u201c patvirtintomis Daikt\u0173 gr\u0105\u017einimo ir keitimo taisykl\u0117mis, pirk\u0117jo reikalavimas pakeisti nusipirkt\u0105 prek\u0119 analogi\u0161komis prek\u0117mis arba gr\u0105\u017einti sumok\u0117tus pinigus, jeigu pirk\u0117jui nepatinka nusipirktos prek\u0117s forma, dydis, spalva, modelis ar komplekti\u0161kumas gali b\u016bti tenkinamas tik pardav\u0117jui sutikus \u012fsigijus tokias prekes:<br>Audinius;<br>K\u016bdiki\u0173 drabu\u017e\u0117lius (iki 86 cm \u016bgio arba 24 m\u0117n.)<br>Patalyn\u0117s reikmenis;<br>\u017daislus;<br>Sveriamas ir matuojamas prekes, kurios pirk\u0117jo pageidavimu buvo specialiai paruo\u0161tos.<br><br>Pardav\u0117jas turi teis\u0119 nepriimti Pirk\u0117jo gr\u0105\u017einam\u0173 preki\u0173, jei Pirk\u0117jas nesilaiko \u0161i\u0173 Taisykli\u0173 1.2-1.5, 1.9-1.10 punktuose nustatytos preki\u0173 gr\u0105\u017einimo tvarkos.<br>1.9. Jeigu u\u017e prek\u0119 Pirk\u0117jas mok\u0117jo dovan\u0173 kuponu, tai gr\u0105\u017einamas kuponas ir kita papildomai sumok\u0117ta suma (jei ji buvo sumok\u0117ta).<br>1.10. Jeigu Pirk\u0117jas gr\u0105\u017eina prek\u0119, pirkt\u0105 su nuolaida, gr\u0105\u017einama u\u017e prek\u0119 sumok\u0117ta suma su galiojusia nuolaida.<br>1.11. U\u017e gr\u0105\u017einamas prekes sumok\u0117ti pinigai gr\u0105\u017einami per 5 darbo dienas nuo u\u017esakymo at\u0161aukimo dienos.<br><br>2. Baigiamosios nuostatos.<br><br>2.1. \u0160ios preki\u0173 gr\u0105\u017einimo Taisykl\u0117s sudarytos vadovaujantis LR \u012fstatymais ir teis\u0117s aktais.<br>2.2. Visi nesutarimai, kil\u0119 d\u0117l \u0161i\u0173 taisykli\u0173 vykdymo, yra sprend\u017eiami deryb\u0173 keliu. Nepavykus susitarti, nesutarimai yra sprend\u017eiami LR \u012fstatym\u0173 nustatyta tvarka.<\/p>\n<\/div><\/div>\n\n<\/div><\/div>\n\n\n<p class=\"has-text-align-center\"><strong>GR\u0104\u017dINIM\u0172 FORMA<\/strong><\/p>\n\n\n<div class='fluentform ff-default fluentform_wrapper_4 ffs_default_wrap'><form data-form_id=\"4\" id=\"fluentform_4\" class=\"frm-fluent-form fluent_form_4 ff-el-form-top ff_form_instance_4_1 ff-form-loading ff_has_v3_recptcha ffs_default\" data-form_instance=\"ff_form_instance_4_1\" method=\"POST\" data-recptcha_key=\"6LcqSfYqAAAAAJBkebr5GPmbSKDC-zw7JNCQ8Ssr\" ><fieldset  style=\"border: none!important;margin: 0!important;padding: 0!important;background-color: transparent!important;box-shadow: none!important;outline: none!important; min-inline-size: 100%;\">\n                    <legend class=\"ff_screen_reader_title\" style=\"display: block; margin: 0!important;padding: 0!important;height: 0!important;text-indent: -999999px;width: 0!important;overflow:hidden;\">Grazinimai<\/legend><input type='hidden' name='__fluent_form_embded_post_id' value='72' \/><input type=\"hidden\" id=\"_fluentform_4_fluentformnonce\" name=\"_fluentform_4_fluentformnonce\" value=\"4a3457d45f\" \/><input type=\"hidden\" name=\"_wp_http_referer\" value=\"\/en\/wp-json\/wp\/v2\/pages\/72\" \/><div data-type=\"name-element\" data-name=\"names\" class=\" ff-field_container ff-name-field-wrapper\" ><div class='ff-t-container'><div class='ff-t-cell '><div class='ff-el-group  ff-el-form-top'><div class=\"ff-el-input--label ff-el-is-required asterisk-right\"><label for='ff_4_names_first_name_' id='label_ff_4_names_first_name_' >Vardas<\/label><\/div><div class='ff-el-input--content'><input type=\"text\" name=\"names[first_name]\" id=\"ff_4_names_first_name_\" class=\"ff-el-form-control\" placeholder=\"Vardas\" aria-invalid=\"false\" aria-required=true><\/div><\/div><\/div><div class='ff-t-cell '><div class='ff-el-group  ff-el-form-top'><div class=\"ff-el-input--label ff-el-is-required asterisk-right\"><label for='ff_4_names_last_name_' id='label_ff_4_names_last_name_' >Pavard\u0117<\/label><\/div><div class='ff-el-input--content'><input type=\"text\" name=\"names[last_name]\" id=\"ff_4_names_last_name_\" class=\"ff-el-form-control\" placeholder=\"Pavard\u0117\" aria-invalid=\"false\" aria-required=true><\/div><\/div><\/div><\/div><\/div><div class='ff-el-group'><div class=\"ff-el-input--label ff-el-is-required asterisk-right\"><label for='ff_4_email' id='label_ff_4_email' aria-label=\"El.pa\u0161to adresas\">El.pa\u0161to adresas<\/label><\/div><div class='ff-el-input--content'><input type=\"email\" name=\"email\" id=\"ff_4_email\" class=\"ff-el-form-control\" placeholder=\"El.pa\u0161to adresas\" data-name=\"email\"  aria-invalid=\"false\" aria-required=true><\/div><\/div><div class='ff-el-group'><div class=\"ff-el-input--label ff-el-is-required asterisk-right\"><label for='ff_4_input_text_1' id='label_ff_4_input_text_1' aria-label=\"Tel.numeris\">Tel.numeris<\/label><\/div><div class='ff-el-input--content'><input type=\"text\" name=\"input_text_1\" class=\"ff-el-form-control\" placeholder=\"Tel.numeris\" data-name=\"input_text_1\" id=\"ff_4_input_text_1\"  aria-invalid=\"false\" aria-required=true><\/div><\/div><div class='ff-el-group'><div class=\"ff-el-input--label ff-el-is-required asterisk-right\"><label for='ff_4_input_text_2' id='label_ff_4_input_text_2' aria-label=\"U\u017esakymo numeris\">U\u017esakymo numeris<\/label><\/div><div class='ff-el-input--content'><input type=\"text\" name=\"input_text_2\" class=\"ff-el-form-control\" placeholder=\"U\u017esakymo numeris\" data-name=\"input_text_2\" id=\"ff_4_input_text_2\"  aria-invalid=\"false\" aria-required=true><\/div><\/div><div class='ff-el-group'><div class=\"ff-el-input--label ff-el-is-required asterisk-right\"><label for='ff_4_input_text' id='label_ff_4_input_text' aria-label=\"Gr\u0105\u017einimo prie\u017eastis\">Gr\u0105\u017einimo prie\u017eastis<\/label><\/div><div class='ff-el-input--content'><input type=\"text\" name=\"input_text\" class=\"ff-el-form-control\" placeholder=\"Gr\u0105\u017einimo prie\u017eastis\" data-name=\"input_text\" id=\"ff_4_input_text\"  aria-invalid=\"false\" aria-required=true><\/div><\/div><div class='ff-el-group'><div class=\"ff-el-input--label ff-el-is-required asterisk-right\"><label for='ff_4_input_text_3' id='label_ff_4_input_text_3' aria-label=\"Gr\u0105\u017einamos prek\u0117s pavadinimas\">Gr\u0105\u017einamos prek\u0117s pavadinimas<\/label><\/div><div class='ff-el-input--content'><input type=\"text\" name=\"input_text_3\" class=\"ff-el-form-control\" placeholder=\"Pavadinimas\" data-name=\"input_text_3\" id=\"ff_4_input_text_3\"  aria-invalid=\"false\" aria-required=true><\/div><\/div><div class='ff-el-group'><div class=\"ff-el-input--label ff-el-is-required asterisk-right\"><label for='ff_4_input_text_6' id='label_ff_4_input_text_6' aria-label=\"Prek\u0117s kaina\">Prek\u0117s kaina<\/label><\/div><div class='ff-el-input--content'><input type=\"text\" name=\"input_text_6\" class=\"ff-el-form-control\" data-name=\"input_text_6\" id=\"ff_4_input_text_6\"  aria-invalid=\"false\" aria-required=true><\/div><\/div><div class='ff-el-group'><div class=\"ff-el-input--label ff-el-is-required asterisk-right\"><label for='ff_4_dropdown' id='label_ff_4_dropdown' aria-label=\"Norite:\">Norite:<\/label><\/div><div class='ff-el-input--content'><select name=\"dropdown\" id=\"ff_4_dropdown\" class=\"ff-el-form-control\" data-name=\"dropdown\" data-calc_value=\"0\"  aria-invalid=\"false\" aria-required=\"true\" aria-labelledby=\"label_ff_4_dropdown\"><option value=\"\">- pasirinkti -<\/option><option value=\"pakeisti kita preke\"  >pakeisti kita preke<\/option><option value=\"atgauti sumok\u0117tus pinigus\"  >atgauti sumok\u0117tus pinigus<\/option><\/select><\/div><\/div><div class='ff-el-group'><div class=\"ff-el-input--label asterisk-right\"><label for='ff_4_input_text_5' id='label_ff_4_input_text_5' aria-label=\"Jeigu norite pakeisti prek\u0119, \u012fra\u0161ykite kit\u0105 dyd\u012f, spalv\u0105 ar prek\u0117s pavadinim\u0105\">Jeigu norite pakeisti prek\u0119, \u012fra\u0161ykite kit\u0105 dyd\u012f, spalv\u0105 ar prek\u0117s pavadinim\u0105 <\/label><\/div><div class='ff-el-input--content'><input type=\"text\" name=\"input_text_5\" class=\"ff-el-form-control\" data-name=\"input_text_5\" id=\"ff_4_input_text_5\"  aria-invalid=\"false\" aria-required=false><\/div><\/div><div class='ff-el-group'><div class=\"ff-el-input--label ff-el-is-required asterisk-right\"><label for='ff_4_input_text_4' id='label_ff_4_input_text_4' aria-label=\"Banko s\u0105skaita\">Banko s\u0105skaita<\/label><\/div><div class='ff-el-input--content'><input type=\"text\" name=\"input_text_4\" class=\"ff-el-form-control\" placeholder=\"Banko s\u0105skaita\" data-name=\"input_text_4\" id=\"ff_4_input_text_4\"  aria-invalid=\"false\" aria-required=true><\/div><\/div><div class='ff-el-group ff-text-center ff_submit_btn_wrapper'><button type=\"submit\" class=\"ff-btn ff-btn-submit ff-btn-md ff_btn_style wpf_has_custom_css\"  aria-label=\"Gr\u0105\u017einti prek\u0119\">Gr\u0105\u017einti prek\u0119<\/button><\/div><\/fieldset><\/form><div id='fluentform_4_errors' class='ff-errors-in-stack ff_form_instance_4_1 ff-form-loading_errors ff_form_instance_4_1_errors'><\/div><\/div>            <script type=\"text\/javascript\">\n                window.fluent_form_ff_form_instance_4_1 = {\"id\":\"4\",\"settings\":{\"layout\":{\"labelPlacement\":\"top\",\"helpMessagePlacement\":\"with_label\",\"errorMessagePlacement\":\"inline\",\"asteriskPlacement\":\"asterisk-right\"},\"restrictions\":{\"denyEmptySubmission\":{\"enabled\":false}}},\"form_instance\":\"ff_form_instance_4_1\",\"form_id_selector\":\"fluentform_4\",\"rules\":{\"names[first_name]\":{\"required\":{\"value\":true,\"message\":\"\\u0160is laukas privalomas\",\"global\":false,\"global_message\":\"This field is required\"}},\"names[middle_name]\":{\"required\":{\"value\":false,\"message\":\"This field is required\",\"global\":false,\"global_message\":\"This field is required\"}},\"names[last_name]\":{\"required\":{\"value\":true,\"message\":\"\\u0160is laukas privalomas\",\"global\":false,\"global_message\":\"This field is required\"}},\"email\":{\"required\":{\"value\":true,\"message\":\"\\u0160is laukas privalomas\",\"global\":false,\"global_message\":\"This field is required\"},\"email\":{\"value\":true,\"message\":\"Pra\\u0161ome \\u012fvesti tinkam\\u0105 el pa\\u0161to adres\\u0105\",\"global\":false,\"global_message\":\"This field must contain a valid email\"}},\"input_text_1\":{\"required\":{\"value\":true,\"message\":\"\\u0160is laukas privalomas\",\"global\":false,\"global_message\":\"This field is required\"}},\"input_text_2\":{\"required\":{\"value\":true,\"message\":\"\\u0160is laukas privalomas\",\"global\":false,\"global_message\":\"This field is required\"}},\"input_text\":{\"required\":{\"value\":true,\"message\":\"\\u0160is laukas privalomas\",\"global\":false,\"global_message\":\"This field is required\"}},\"input_text_3\":{\"required\":{\"value\":true,\"message\":\"\\u0160is laukas privalomas\",\"global\":false,\"global_message\":\"This field is required\"}},\"input_text_6\":{\"required\":{\"value\":true,\"message\":\"Privalomas laukas\",\"global\":false,\"global_message\":\"This field is required\"}},\"dropdown\":{\"required\":{\"value\":true,\"message\":\"Privalomas laukas\",\"global\":false,\"global_message\":\"This field is required\"}},\"input_text_5\":{\"required\":{\"value\":false,\"message\":\"This field is required\",\"global\":false,\"global_message\":\"This field is required\"}},\"input_text_4\":{\"required\":{\"value\":true,\"message\":\"\\u0160is laukas privalomas\",\"global\":false,\"global_message\":\"This field is required\"}},\"g-recaptcha-response\":[]},\"debounce_time\":300};\n                            <\/script>\n            \n","protected":false},"excerpt":{"rendered":"<p>Gr\u0105\u017einimai GR\u0104\u017dINAMA AR KEI\u010cIAMA PREK\u0116 TURI B\u016aTI: Nepakeitusi savo prekin\u0117s i\u0161vaizdos, nesugadinta ir nenaudota. Su visomis prie prek\u0117s pritvirtintomis etiket\u0117ms. Mai\u0161eli\u0173, d\u0117\u017eu\u010di\u0173, reklamini\u0173 buklet\u0173 gr\u0105\u017einti nereikia. Jei d\u0117l koki\u0173 nors prie\u017eas\u010di\u0173 nusprend\u0117te gr\u0105\u017einti prek\u0119, kuri\u0105 \u012fsigijote \u201eElia\u2018s HOME\u201c elektronin\u0117je parduotuv\u0117je, pra\u0161ome per 14 dien\u0173 nuo jos gavimo informuoti mus el. pa\u0161tu: eliashomeinfo@gmail.com. 1. Bendros preki\u0173 [&hellip;]<\/p>\n","protected":false},"author":1,"featured_media":0,"parent":0,"menu_order":0,"comment_status":"closed","ping_status":"closed","template":"","meta":{"_kad_blocks_custom_css":"","_kad_blocks_head_custom_js":"","_kad_blocks_body_custom_js":"","_kad_blocks_footer_custom_js":"","footnotes":""},"class_list":["post-72","page","type-page","status-publish","hentry"],"blocksy_meta":{"styles_descriptor":{"styles":{"desktop":"","tablet":"","mobile":""},"google_fonts":[],"version":6},"has_hero_section":"disabled"},"taxonomy_info":[],"featured_image_src_large":false,"author_info":{"display_name":"Tavo Dovanos","author_link":"https:\/\/www.eliashome.eu\/en\/author\/agministratorius\/"},"comment_info":0,"jetpack_sharing_enabled":true,"_links":{"self":[{"href":"https:\/\/www.eliashome.eu\/en\/wp-json\/wp\/v2\/pages\/72","targetHints":{"allow":["GET"]}}],"collection":[{"href":"https:\/\/www.eliashome.eu\/en\/wp-json\/wp\/v2\/pages"}],"about":[{"href":"https:\/\/www.eliashome.eu\/en\/wp-json\/wp\/v2\/types\/page"}],"author":[{"embeddable":true,"href":"https:\/\/www.eliashome.eu\/en\/wp-json\/wp\/v2\/users\/1"}],"replies":[{"embeddable":true,"href":"https:\/\/www.eliashome.eu\/en\/wp-json\/wp\/v2\/comments?post=72"}],"version-history":[{"count":9,"href":"https:\/\/www.eliashome.eu\/en\/wp-json\/wp\/v2\/pages\/72\/revisions"}],"predecessor-version":[{"id":8264,"href":"https:\/\/www.eliashome.eu\/en\/wp-json\/wp\/v2\/pages\/72\/revisions\/8264"}],"wp:attachment":[{"href":"https:\/\/www.eliashome.eu\/en\/wp-json\/wp\/v2\/media?parent=72"}],"curies":[{"name":"wp","href":"https:\/\/api.w.org\/{rel}","templated":true}]}}