{"id":3,"date":"2022-06-23T14:19:10","date_gmt":"2022-06-23T14:19:10","guid":{"rendered":"http:\/\/tavodovanos.lt\/?page_id=3"},"modified":"2024-01-15T23:56:13","modified_gmt":"2024-01-15T23:56:13","slug":"privatumo-politika","status":"publish","type":"page","link":"https:\/\/www.eliashome.eu\/en\/privatumo-politika\/","title":{"rendered":"Privacy policy"},"content":{"rendered":"<style>.kb-row-layout-id3_b76a03-0e > .kt-row-column-wrap{align-content:start;}:where(.kb-row-layout-id3_b76a03-0e > .kt-row-column-wrap) > .wp-block-kadence-column{justify-content:start;}.kb-row-layout-id3_b76a03-0e > .kt-row-column-wrap{column-gap:var(--global-kb-gap-md, 2rem);row-gap:var(--global-kb-gap-md, 2rem);max-width:1396px;margin-left:auto;margin-right:auto;padding-top:var(--global-kb-spacing-md, 2rem);padding-bottom:var(--global-kb-spacing-sm, 1.5rem);grid-template-columns:minmax(0, 1fr);}.kb-row-layout-id3_b76a03-0e > .kt-row-layout-overlay{opacity:0.30;}@media all and (max-width: 1024px){.kb-row-layout-id3_b76a03-0e > .kt-row-column-wrap{padding-top:var(--global-kb-spacing-xs, 1rem);grid-template-columns:minmax(0, 1fr);}}@media all and (max-width: 767px){.kb-row-layout-id3_b76a03-0e > .kt-row-column-wrap{grid-template-columns:minmax(0, 1fr);}}<\/style><div class=\"kb-row-layout-wrap kb-row-layout-id3_b76a03-0e alignnone wp-block-kadence-rowlayout\"><div class=\"kt-row-column-wrap kt-has-1-columns kt-row-layout-equal kt-tab-layout-inherit kt-mobile-layout-row kt-row-valign-top\">\n<style>.kadence-column3_ebd829-09 > .kt-inside-inner-col,.kadence-column3_ebd829-09 > .kt-inside-inner-col:before{border-top-left-radius:0px;border-top-right-radius:0px;border-bottom-right-radius:0px;border-bottom-left-radius:0px;}.kadence-column3_ebd829-09 > .kt-inside-inner-col{column-gap:var(--global-kb-gap-sm, 1rem);}.kadence-column3_ebd829-09 > .kt-inside-inner-col{flex-direction:column;}.kadence-column3_ebd829-09 > .kt-inside-inner-col > .aligncenter{width:100%;}.kadence-column3_ebd829-09 > .kt-inside-inner-col:before{opacity:0.3;}.kadence-column3_ebd829-09{position:relative;}@media all and (max-width: 1024px){.kadence-column3_ebd829-09 > .kt-inside-inner-col{flex-direction:column;justify-content:center;}}@media all and (max-width: 767px){.kadence-column3_ebd829-09 > .kt-inside-inner-col{flex-direction:column;justify-content:center;}}<\/style>\n<div class=\"wp-block-kadence-column kadence-column3_ebd829-09\"><div class=\"kt-inside-inner-col\"><style>.wp-block-kadence-advancedheading.kt-adv-heading3_b65b0c-d2, .wp-block-kadence-advancedheading.kt-adv-heading3_b65b0c-d2[data-kb-block=\"kb-adv-heading3_b65b0c-d2\"]{padding-top:0px;text-align:center;font-style:normal;}.wp-block-kadence-advancedheading.kt-adv-heading3_b65b0c-d2 mark.kt-highlight, .wp-block-kadence-advancedheading.kt-adv-heading3_b65b0c-d2[data-kb-block=\"kb-adv-heading3_b65b0c-d2\"] mark.kt-highlight{font-style:normal;color:#f76a0c;-webkit-box-decoration-break:clone;box-decoration-break:clone;padding-top:0px;padding-right:0px;padding-bottom:0px;padding-left:0px;}.wp-block-kadence-advancedheading.kt-adv-heading3_b65b0c-d2 img.kb-inline-image, .wp-block-kadence-advancedheading.kt-adv-heading3_b65b0c-d2[data-kb-block=\"kb-adv-heading3_b65b0c-d2\"] img.kb-inline-image{width:150px;vertical-align:baseline;}@media all and (max-width: 1024px){.wp-block-kadence-advancedheading.kt-adv-heading3_b65b0c-d2, .wp-block-kadence-advancedheading.kt-adv-heading3_b65b0c-d2[data-kb-block=\"kb-adv-heading3_b65b0c-d2\"]{padding-top:var(--global-kb-spacing-sm, 1.5rem);}}@media all and (max-width: 767px){.wp-block-kadence-advancedheading.kt-adv-heading3_b65b0c-d2, .wp-block-kadence-advancedheading.kt-adv-heading3_b65b0c-d2[data-kb-block=\"kb-adv-heading3_b65b0c-d2\"]{padding-top:var(--global-kb-spacing-sm, 1.5rem);}}<\/style>\n<h3 class=\"kt-adv-heading3_b65b0c-d2 wp-block-kadence-advancedheading\" data-kb-block=\"kb-adv-heading3_b65b0c-d2\">Privatumo taisykl\u0117s<\/h3>\n\n\n\n<p>1. Pirk\u0117jas u\u017esakydamas prekes atitinkamuose Pardav\u0117jo pateikiamuose informacijos laukuose turi nurodyti preki\u0173 u\u017esakymo tinkamam \u012fvykdymui b\u016btinus savo asmens duomenis: vard\u0105, pavard\u0119, preki\u0173 pristatymo adres\u0105, telefono numer\u012f ir elektroninio pa\u0161to adres\u0105.<br><br>2. Pirk\u0117jas patvirtindamas \u0161ias Taisykles sutinka, jog 1. punkte nurodyti jo asmens duomenys b\u016bt\u0173 tvarkomi preki\u0173 ir paslaug\u0173 pardavimo elektronin\u0117je parduotuv\u0117je \u201cElia\u2018s HOME\u201d tiesiogin\u0117s rinkodaros ir tinkamos elektronin\u0117s prekybos vykdymo tikslu.<br><br>3. Pirk\u0117jas, sutikdamas, kad jo asmens duomenys b\u016bt\u0173 tvarkomi preki\u0173 ir paslaug\u0173 pardavimo Pardav\u0117jo elektronin\u0117je parduotuv\u0117je tikslu, taip pat sutinka, kad jo nurodytais elektroninio pa\u0161to adresu ir telefono numeriu b\u016bt\u0173 siun\u010diami informaciniai prane\u0161imai, kurie b\u016btini preki\u0173 u\u017esakymui \u012fvykdyti.<br><br>4. Pirk\u0117jas, nepageidaujantis, kad jo elektroninio pa\u0161to adresas ir\/ar telefono numeris b\u016bt\u0173 naudojami tiesiogin\u0117s rinkodaros tikslu, turi informuoti apie tai Pardav\u0117j\u0105, i\u0161si\u0173sdamas prane\u0161im\u0105 adresu&nbsp;<em>eliashomeinfo@gmail.com.<\/em><br><br>5. Pardav\u0117jas patvirtina, jog Pirk\u0117jo nurodyti asmens duomenys bus tvarkomi tik preki\u0173 ir paslaug\u0173 pardavimo elektronin\u0117je parduotuv\u0117je \u201cElia\u2018s HOME\u201d, Pardav\u0117jo tiesiogin\u0117s rinkodaros ir tinkamos elektronin\u0117s prekybos vykdymo tikslu. Pardav\u0117jas \u012fsipareigoja neatskleisti Pirk\u0117jo asmens duomen\u0173 tretiesiems asmenims, i\u0161skyrus Pardav\u0117jo partnerius, teikian\u010dius preki\u0173 pristatymo ar kitas, su Pirk\u0117jo u\u017esakymo tinkamu \u012fvykdymu susijusias paslaugas. Visais kitais atvejais Pirk\u0117jo asmens duomenys tretiesiems asmenims gali b\u016bti atskleid\u017eiami tik LR teis\u0117s akt\u0173 numatyta tvarka.<br><br>6. Pardav\u0117jo, Lietuvos pa\u0161to ar pristatymo Kurjeri\u0173 tarnybos darbuotojui pateiktas Pirk\u0117jo asmens tapatyb\u0119 patvirtinantis dokumentas ir jame esantys Pirk\u0117jo duomenys naudojami tik tinkamam asmens tapatyb\u0117s identifikavimui.<\/p>\n<\/div><\/div>\n\n<\/div><\/div>","protected":false},"excerpt":{"rendered":"<p>Privatumo taisykl\u0117s 1. Pirk\u0117jas u\u017esakydamas prekes atitinkamuose Pardav\u0117jo pateikiamuose informacijos laukuose turi nurodyti preki\u0173 u\u017esakymo tinkamam \u012fvykdymui b\u016btinus savo asmens duomenis: vard\u0105, pavard\u0119, preki\u0173 pristatymo adres\u0105, telefono numer\u012f ir elektroninio pa\u0161to adres\u0105. 2. Pirk\u0117jas patvirtindamas \u0161ias Taisykles sutinka, jog 1. punkte nurodyti jo asmens duomenys b\u016bt\u0173 tvarkomi preki\u0173 ir paslaug\u0173 pardavimo elektronin\u0117je parduotuv\u0117je \u201cElia\u2018s HOME\u201d [&hellip;]<\/p>\n","protected":false},"author":1,"featured_media":0,"parent":0,"menu_order":0,"comment_status":"closed","ping_status":"closed","template":"","meta":{"_kad_blocks_custom_css":"","_kad_blocks_head_custom_js":"","_kad_blocks_body_custom_js":"","_kad_blocks_footer_custom_js":"","footnotes":""},"class_list":["post-3","page","type-page","status-publish","hentry"],"blocksy_meta":{"styles_descriptor":{"styles":{"desktop":"","tablet":"","mobile":""},"google_fonts":[],"version":6},"has_hero_section":"disabled"},"taxonomy_info":[],"featured_image_src_large":false,"author_info":{"display_name":"Tavo Dovanos","author_link":"https:\/\/www.eliashome.eu\/en\/author\/agministratorius\/"},"comment_info":0,"jetpack_sharing_enabled":true,"_links":{"self":[{"href":"https:\/\/www.eliashome.eu\/en\/wp-json\/wp\/v2\/pages\/3","targetHints":{"allow":["GET"]}}],"collection":[{"href":"https:\/\/www.eliashome.eu\/en\/wp-json\/wp\/v2\/pages"}],"about":[{"href":"https:\/\/www.eliashome.eu\/en\/wp-json\/wp\/v2\/types\/page"}],"author":[{"embeddable":true,"href":"https:\/\/www.eliashome.eu\/en\/wp-json\/wp\/v2\/users\/1"}],"replies":[{"embeddable":true,"href":"https:\/\/www.eliashome.eu\/en\/wp-json\/wp\/v2\/comments?post=3"}],"version-history":[{"count":14,"href":"https:\/\/www.eliashome.eu\/en\/wp-json\/wp\/v2\/pages\/3\/revisions"}],"predecessor-version":[{"id":8266,"href":"https:\/\/www.eliashome.eu\/en\/wp-json\/wp\/v2\/pages\/3\/revisions\/8266"}],"wp:attachment":[{"href":"https:\/\/www.eliashome.eu\/en\/wp-json\/wp\/v2\/media?parent=3"}],"curies":[{"name":"wp","href":"https:\/\/api.w.org\/{rel}","templated":true}]}}