{"id":2,"date":"2022-03-02T09:54:53","date_gmt":"2022-03-02T09:54:53","guid":{"rendered":"https:\/\/demo.creativethemes.com\/blocksy\/home-decor\/?page_id=2"},"modified":"2024-01-15T23:55:08","modified_gmt":"2024-01-15T23:55:08","slug":"pristatymas","status":"publish","type":"page","link":"https:\/\/www.eliashome.eu\/en\/pristatymas\/","title":{"rendered":"Preki\u0173 pristatymo kainos"},"content":{"rendered":"<style>.kb-row-layout-id2_563ff7-cc > .kt-row-column-wrap{align-content:start;}:where(.kb-row-layout-id2_563ff7-cc > .kt-row-column-wrap) > .wp-block-kadence-column{justify-content:start;}.kb-row-layout-id2_563ff7-cc > .kt-row-column-wrap{column-gap:var(--global-kb-gap-md, 2rem);row-gap:var(--global-kb-gap-md, 2rem);max-width:1396px;margin-left:auto;margin-right:auto;padding-top:var(--global-kb-spacing-md, 2rem);padding-bottom:var(--global-kb-spacing-sm, 1.5rem);grid-template-columns:minmax(0, 1fr);}.kb-row-layout-id2_563ff7-cc > .kt-row-layout-overlay{opacity:0.30;}@media all and (max-width: 1024px){.kb-row-layout-id2_563ff7-cc > .kt-row-column-wrap{padding-top:var(--global-kb-spacing-xs, 1rem);grid-template-columns:minmax(0, 1fr);}}@media all and (max-width: 767px){.kb-row-layout-id2_563ff7-cc > .kt-row-column-wrap{grid-template-columns:minmax(0, 1fr);}}<\/style><div class=\"kb-row-layout-wrap kb-row-layout-id2_563ff7-cc alignnone wp-block-kadence-rowlayout\"><div class=\"kt-row-column-wrap kt-has-1-columns kt-row-layout-equal kt-tab-layout-inherit kt-mobile-layout-row kt-row-valign-top\">\n<style>.kadence-column2_d7a662-4b > .kt-inside-inner-col,.kadence-column2_d7a662-4b > .kt-inside-inner-col:before{border-top-left-radius:0px;border-top-right-radius:0px;border-bottom-right-radius:0px;border-bottom-left-radius:0px;}.kadence-column2_d7a662-4b > .kt-inside-inner-col{column-gap:var(--global-kb-gap-sm, 1rem);}.kadence-column2_d7a662-4b > .kt-inside-inner-col{flex-direction:column;}.kadence-column2_d7a662-4b > .kt-inside-inner-col > .aligncenter{width:100%;}.kadence-column2_d7a662-4b > .kt-inside-inner-col:before{opacity:0.3;}.kadence-column2_d7a662-4b{position:relative;}@media all and (max-width: 1024px){.kadence-column2_d7a662-4b > .kt-inside-inner-col{flex-direction:column;justify-content:center;}}@media all and (max-width: 767px){.kadence-column2_d7a662-4b > .kt-inside-inner-col{flex-direction:column;justify-content:center;}}<\/style>\n<div class=\"wp-block-kadence-column kadence-column2_d7a662-4b\"><div class=\"kt-inside-inner-col\"><style>.wp-block-kadence-advancedheading.kt-adv-heading2_6b2dcc-b5, .wp-block-kadence-advancedheading.kt-adv-heading2_6b2dcc-b5[data-kb-block=\"kb-adv-heading2_6b2dcc-b5\"]{padding-top:0px;text-align:center;font-style:normal;}.wp-block-kadence-advancedheading.kt-adv-heading2_6b2dcc-b5 mark.kt-highlight, .wp-block-kadence-advancedheading.kt-adv-heading2_6b2dcc-b5[data-kb-block=\"kb-adv-heading2_6b2dcc-b5\"] mark.kt-highlight{font-style:normal;color:#f76a0c;-webkit-box-decoration-break:clone;box-decoration-break:clone;padding-top:0px;padding-right:0px;padding-bottom:0px;padding-left:0px;}.wp-block-kadence-advancedheading.kt-adv-heading2_6b2dcc-b5 img.kb-inline-image, .wp-block-kadence-advancedheading.kt-adv-heading2_6b2dcc-b5[data-kb-block=\"kb-adv-heading2_6b2dcc-b5\"] img.kb-inline-image{width:150px;vertical-align:baseline;}@media all and (max-width: 1024px){.wp-block-kadence-advancedheading.kt-adv-heading2_6b2dcc-b5, .wp-block-kadence-advancedheading.kt-adv-heading2_6b2dcc-b5[data-kb-block=\"kb-adv-heading2_6b2dcc-b5\"]{padding-top:var(--global-kb-spacing-sm, 1.5rem);}}@media all and (max-width: 767px){.wp-block-kadence-advancedheading.kt-adv-heading2_6b2dcc-b5, .wp-block-kadence-advancedheading.kt-adv-heading2_6b2dcc-b5[data-kb-block=\"kb-adv-heading2_6b2dcc-b5\"]{padding-top:var(--global-kb-spacing-sm, 1.5rem);}}<\/style>\n<h3 class=\"kt-adv-heading2_6b2dcc-b5 wp-block-kadence-advancedheading\" data-kb-block=\"kb-adv-heading2_6b2dcc-b5\">Preki\u0173 pristatymo kainos<\/h3>\n\n\n\n<p class=\"has-text-align-center\">U\u017esakydami prekes, galite pasirinkti Jums patogiausi\u0105 pristatymo b\u016bd\u0105!<br>Priklausomai nuo pasirinkto apmok\u0117jimo b\u016bdo, prekes gausite per 2-4 darbo dienas!<\/p>\n<\/div><\/div>\n\n<\/div><\/div>","protected":false},"excerpt":{"rendered":"<p>Preki\u0173 pristatymo kainos U\u017esakydami prekes, galite pasirinkti Jums patogiausi\u0105 pristatymo b\u016bd\u0105!Priklausomai nuo pasirinkto apmok\u0117jimo b\u016bdo, prekes gausite per 2-4 darbo dienas!<\/p>","protected":false},"author":1,"featured_media":0,"parent":0,"menu_order":0,"comment_status":"closed","ping_status":"closed","template":"","meta":{"_kad_blocks_custom_css":"","_kad_blocks_head_custom_js":"","_kad_blocks_body_custom_js":"","_kad_blocks_footer_custom_js":"","footnotes":""},"class_list":["post-2","page","type-page","status-publish","hentry"],"blocksy_meta":{"styles_descriptor":{"styles":{"desktop":"","tablet":"","mobile":""},"google_fonts":[],"version":6},"has_hero_section":"disabled"},"taxonomy_info":[],"featured_image_src_large":false,"author_info":{"display_name":"Tavo Dovanos","author_link":"https:\/\/www.eliashome.eu\/en\/author\/agministratorius\/"},"comment_info":0,"jetpack_sharing_enabled":true,"_links":{"self":[{"href":"https:\/\/www.eliashome.eu\/en\/wp-json\/wp\/v2\/pages\/2","targetHints":{"allow":["GET"]}}],"collection":[{"href":"https:\/\/www.eliashome.eu\/en\/wp-json\/wp\/v2\/pages"}],"about":[{"href":"https:\/\/www.eliashome.eu\/en\/wp-json\/wp\/v2\/types\/page"}],"author":[{"embeddable":true,"href":"https:\/\/www.eliashome.eu\/en\/wp-json\/wp\/v2\/users\/1"}],"replies":[{"embeddable":true,"href":"https:\/\/www.eliashome.eu\/en\/wp-json\/wp\/v2\/comments?post=2"}],"version-history":[{"count":4,"href":"https:\/\/www.eliashome.eu\/en\/wp-json\/wp\/v2\/pages\/2\/revisions"}],"predecessor-version":[{"id":8265,"href":"https:\/\/www.eliashome.eu\/en\/wp-json\/wp\/v2\/pages\/2\/revisions\/8265"}],"wp:attachment":[{"href":"https:\/\/www.eliashome.eu\/en\/wp-json\/wp\/v2\/media?parent=2"}],"curies":[{"name":"wp","href":"https:\/\/api.w.org\/{rel}","templated":true}]}}