{"id":1500,"date":"2022-03-02T09:54:53","date_gmt":"2022-03-02T09:54:53","guid":{"rendered":"https:\/\/demo.creativethemes.com\/blocksy\/home-decor\/?page_id=3"},"modified":"2025-01-10T07:33:33","modified_gmt":"2025-01-10T07:33:33","slug":"bendrosios-taisykles","status":"publish","type":"page","link":"https:\/\/www.eliashome.eu\/en\/bendrosios-taisykles\/","title":{"rendered":"Bendrosios taisykl\u0117s"},"content":{"rendered":"<style>.kb-row-layout-id1500_4f0c1a-eb > .kt-row-column-wrap{align-content:start;}:where(.kb-row-layout-id1500_4f0c1a-eb > .kt-row-column-wrap) > .wp-block-kadence-column{justify-content:start;}.kb-row-layout-id1500_4f0c1a-eb > .kt-row-column-wrap{column-gap:var(--global-kb-gap-md, 2rem);row-gap:var(--global-kb-gap-md, 2rem);max-width:1396px;margin-left:auto;margin-right:auto;padding-top:var(--global-kb-spacing-md, 2rem);padding-bottom:var(--global-kb-spacing-sm, 1.5rem);grid-template-columns:minmax(0, 1fr);}.kb-row-layout-id1500_4f0c1a-eb > .kt-row-layout-overlay{opacity:0.30;}@media all and (max-width: 1024px){.kb-row-layout-id1500_4f0c1a-eb > .kt-row-column-wrap{padding-top:var(--global-kb-spacing-xs, 1rem);grid-template-columns:minmax(0, 1fr);}}@media all and (max-width: 767px){.kb-row-layout-id1500_4f0c1a-eb > .kt-row-column-wrap{grid-template-columns:minmax(0, 1fr);}}<\/style><div class=\"kb-row-layout-wrap kb-row-layout-id1500_4f0c1a-eb alignnone wp-block-kadence-rowlayout\"><div class=\"kt-row-column-wrap kt-has-1-columns kt-row-layout-equal kt-tab-layout-inherit kt-mobile-layout-row kt-row-valign-top\">\n<style>.kadence-column1500_46d634-e0 > .kt-inside-inner-col,.kadence-column1500_46d634-e0 > .kt-inside-inner-col:before{border-top-left-radius:0px;border-top-right-radius:0px;border-bottom-right-radius:0px;border-bottom-left-radius:0px;}.kadence-column1500_46d634-e0 > .kt-inside-inner-col{column-gap:var(--global-kb-gap-sm, 1rem);}.kadence-column1500_46d634-e0 > .kt-inside-inner-col{flex-direction:column;}.kadence-column1500_46d634-e0 > .kt-inside-inner-col > .aligncenter{width:100%;}.kadence-column1500_46d634-e0 > .kt-inside-inner-col:before{opacity:0.3;}.kadence-column1500_46d634-e0{position:relative;}@media all and (max-width: 1024px){.kadence-column1500_46d634-e0 > .kt-inside-inner-col{flex-direction:column;justify-content:center;}}@media all and (max-width: 767px){.kadence-column1500_46d634-e0 > .kt-inside-inner-col{flex-direction:column;justify-content:center;}}<\/style>\n<div class=\"wp-block-kadence-column kadence-column1500_46d634-e0\"><div class=\"kt-inside-inner-col\"><style>.wp-block-kadence-advancedheading.kt-adv-heading1500_5c948a-1f, .wp-block-kadence-advancedheading.kt-adv-heading1500_5c948a-1f[data-kb-block=\"kb-adv-heading1500_5c948a-1f\"]{padding-top:0px;text-align:center;font-style:normal;}.wp-block-kadence-advancedheading.kt-adv-heading1500_5c948a-1f mark.kt-highlight, .wp-block-kadence-advancedheading.kt-adv-heading1500_5c948a-1f[data-kb-block=\"kb-adv-heading1500_5c948a-1f\"] mark.kt-highlight{font-style:normal;color:#f76a0c;-webkit-box-decoration-break:clone;box-decoration-break:clone;padding-top:0px;padding-right:0px;padding-bottom:0px;padding-left:0px;}.wp-block-kadence-advancedheading.kt-adv-heading1500_5c948a-1f img.kb-inline-image, .wp-block-kadence-advancedheading.kt-adv-heading1500_5c948a-1f[data-kb-block=\"kb-adv-heading1500_5c948a-1f\"] img.kb-inline-image{width:150px;vertical-align:baseline;}@media all and (max-width: 1024px){.wp-block-kadence-advancedheading.kt-adv-heading1500_5c948a-1f, .wp-block-kadence-advancedheading.kt-adv-heading1500_5c948a-1f[data-kb-block=\"kb-adv-heading1500_5c948a-1f\"]{padding-top:var(--global-kb-spacing-sm, 1.5rem);}}@media all and (max-width: 767px){.wp-block-kadence-advancedheading.kt-adv-heading1500_5c948a-1f, .wp-block-kadence-advancedheading.kt-adv-heading1500_5c948a-1f[data-kb-block=\"kb-adv-heading1500_5c948a-1f\"]{padding-top:var(--global-kb-spacing-sm, 1.5rem);}}<\/style>\n<h3 class=\"kt-adv-heading1500_5c948a-1f wp-block-kadence-advancedheading\" data-kb-block=\"kb-adv-heading1500_5c948a-1f\"><strong>Pirkimo taisykl\u0117s<\/strong><\/h3>\n\n\n\n<p><br>I. Bendrosios nuostatos<br><br>\u0160ios preki\u0173 pirkimo \u2013 pardavimo taisykl\u0117s (toliau \u201eTaisykl\u0117s\u201c), jas akceptavus Pirk\u0117jui (susipa\u017einus su Taisykl\u0117mis bei pa\u017eym\u0117jus varnel\u0119 prie teiginio \u201eSusipa\u017einau su \u201cElia\u2018s HOME\u201d taisykl\u0117mis ir su jomis sutinku\u201c), yra \u0161alims privalomas teisinis dokumentas, kuriame nustatomos Pirk\u0117jo ir Pardav\u0117jo &#8211; Editos Liaugaudien\u0117s IDV. NR. 993723 &#8211; parduodan\u010dios prekes parduotuv\u0117je www.eliashome.eu, teis\u0117s bei pareigos, preki\u0173 \u012fsigijimo bei apmok\u0117jimo u\u017e jas s\u0105lygos, preki\u0173 pristatymo ir gr\u0105\u017einimo tvarka, \u0161ali\u0173 atsakomyb\u0117 bei kitos su preki\u0173 pirkimu \u2013 pardavimu \u201cElia\u2018s HOME\u201d internetin\u0117je parduotuv\u0117je susijusios nuostatos.<br>Pardav\u0117jas pasilieka teis\u0119 bet kuriuo metu pakeisti, taisyti ar papildyti Taisykles, atsi\u017evelgdamas \u012f teis\u0117s akt\u0173 nustatytus reikalavimus.<br>Pirkti m\u016bs\u0173 elektronin\u0117je parduotuv\u0117je turi teis\u0119:<br>veiksn\u016bs fiziniai asmenys, t.y. asmenys, sulauk\u0119 pilnametyst\u0117s, kuri\u0173 veiksnumas n\u0117ra apribotas teismo tvarka;<br>nepilname\u010diai nuo keturiolikos iki a\u0161tuoniolikos met\u0173 am\u017eiaus, tik tur\u0117dami t\u0117v\u0173 arba r\u016bpintoj\u0173 sutikim\u0105, i\u0161skyrus tuos atvejus, kai jie savaranki\u0161kai disponuoja savo pajamomis;<br>juridiniai asmenys;<br>vis\u0173 auk\u0161\u010diau nurodyt\u0173 asmen\u0173 \u012fgalioti atstovai.<br>Pirk\u0117jas, akceptuodamas Taisykles, patvirtina, kad, remiantis \u0161io skyriaus 3 punktu, jis turi teis\u0119 pirkti prekes \u201cElia\u2018s HOME\u201d internetin\u0117je parduotuv\u0117je.<br><br><br>II. Asmens duomen\u0173 apsauga<br>Pirk\u0117jas u\u017esakydamas prekes atitinkamuose Pardav\u0117jo pateikiamuose informacijos laukuose turi nurodyti preki\u0173 u\u017esakymo tinkamam \u012fvykdymui b\u016btinus savo asmens duomenis: vard\u0105, pavard\u0119, preki\u0173 pristatymo adres\u0105, telefono numer\u012f ir elektroninio pa\u0161to adres\u0105.<br>Pirk\u0117jas patvirtindamas \u0161ias Taisykles sutinka, jog \u0161io skyriaus 1 punkte nurodyti jo asmens duomenys b\u016bt\u0173 tvarkomi preki\u0173 ir paslaug\u0173 pardavimo elektronin\u0117je parduotuv\u0117je \u201cElia\u2018s HOME\u201d tiesiogin\u0117s rinkodaros ir tinkamos elektronin\u0117s prekybos vykdymo tikslu.<br>Pirk\u0117jas, sutikdamas, kad jo asmens duomenys b\u016bt\u0173 tvarkomi preki\u0173 ir paslaug\u0173 pardavimo Pardav\u0117jo elektronin\u0117je parduotuv\u0117je tikslu, taip pat sutinka, kad jo nurodytais elektroninio pa\u0161to adresu ir telefono numeriu b\u016bt\u0173 siun\u010diami informaciniai prane\u0161imai, kurie b\u016btini preki\u0173 u\u017esakymui \u012fvykdyti.<br>Pirk\u0117jas, nepageidaujantis, kad jo elektroninio pa\u0161to adresas ir\/ar telefono numeris b\u016bt\u0173 naudojami tiesiogin\u0117s rinkodaros tikslu, turi informuoti apie tai Pardav\u0117j\u0105, i\u0161si\u0173sdamas prane\u0161im\u0105 adresu <em>eliashomeinfo@gmail.com.<\/em><br>Pardav\u0117jas patvirtina, jog Pirk\u0117jo nurodyti asmens duomenys bus tvarkomi tik preki\u0173 ir paslaug\u0173 pardavimo elektronin\u0117je parduotuv\u0117je \u201cElia\u2018s HOME\u201d, Pardav\u0117jo tiesiogin\u0117s rinkodaros ir tinkamos elektronin\u0117s prekybos vykdymo tikslu. Pardav\u0117jas \u012fsipareigoja neatskleisti Pirk\u0117jo asmens duomen\u0173 tretiesiems asmenims, i\u0161skyrus Pardav\u0117jo partnerius, teikian\u010dius preki\u0173 pristatymo ar kitas, su Pirk\u0117jo u\u017esakymo tinkamu \u012fvykdymu susijusias paslaugas. Visais kitais atvejais Pirk\u0117jo asmens duomenys tretiesiems asmenims gali b\u016bti atskleid\u017eiami tik LR teis\u0117s akt\u0173 numatyta tvarka.<br>Remiantis Taisykli\u0173 IX skyriaus 2 punktu, Pardav\u0117jo ar Lietuvos pa\u0161to darbuotojui pateiktas Pirk\u0117jo asmens tapatyb\u0119 patvirtinantis dokumentas ir jame esantys Pirk\u0117jo duomenys naudojami tik tinkamam asmens tapatyb\u0117s identifikavimui.<br><br><br>III.Pirkimo \u2013 pardavimo sutarties sudarymo momentas<br>Sutartis tarp Pirk\u0117jo ir Pardav\u0117jo laikoma sudaryta nuo to momento, kai Pirk\u0117jas, i\u0161sirink\u0119s perkam\u0105 (as) prek\u0119(es) ir suformav\u0119s preki\u0173 krep\u0161el\u012f, paspaud\u017eia nuorod\u0105 \u201eApmok\u0117ti\u201c.<br>Kiekviena tarp Pirk\u0117jo ir Pardav\u0117jo sudaryta pirkimo \u2013 pardavimo sutartis yra registruojama ir saugoma \u201cElia\u2018s HOME\u201d internetin\u0117s parduotuv\u0117s duomen\u0173 baz\u0117je.<br><br><br>IV.Pirk\u0117jo teis\u0117s<br>Pirk\u0117jas turi teis\u0119 pirkti prekes \u201cElia\u2018s HOME\u201d internetin\u0117je parduotuv\u0117je \u0161i\u0173 Taisykli\u0173 ir kitose Pardav\u0117jo internetin\u0117s parduotuv\u0117s informacijos skiltyse nustatyta tvarka.<br>Vadovaujantis LR teis\u0117s akt\u0173 nuostatomis, reglamentuojan\u010diomis Pardav\u0117jo ir Pirk\u0117jo teisinius santykius, Pirk\u0117jas turi teis\u0119 atsisakyti preki\u0173 pirkimo \u2013 pardavimo sutarties, sudarytos su \u201cElia\u2018s HOME\u201d internetine parduotuve, prane\u0161damas apie tai Pardav\u0117jui ra\u0161tu (elektroniniu pa\u0161tu, nurodant pageidaujam\u0105 gr\u0105\u017einti prek\u0119 ir jos u\u017esakymo numer\u012f) ne v\u0117liau kaip per 7 (septynias) darbo dienas nuo daikto pristatymo dienos.<br>Taisykli\u0173 \u0161io skyriaus 2 punkte numatyta teise Pirk\u0117jas gali pasinaudoti tik tuo atveju, jeigu prek\u0117 nebuvo sugadinta arba i\u0161 esm\u0117s nepasikeit\u0117 jos i\u0161vaizda, taip pat ji nebuvo naudojama.<br>V. Pirk\u0117jo \u012fsipareigojimai<br>Pirk\u0117jas privalo sumok\u0117ti u\u017e prekes ir priimti jas \u0161i\u0173 Taisykli\u0173 nustatyta tvarka.<br>Jeigu pasikei\u010dia u\u017esiregistravusio Pirk\u0117jo registracijos formoje pateikti duomenys, jis privalo nedelsdamas juos atnaujinti.<br>Pirk\u0117jas, naudodamasis \u201cElia\u2018s HOME\u201d internetine parduotuve, \u012fsipareigoja laikytis \u0161i\u0173 Taisykli\u0173, kit\u0173 s\u0105lyg\u0173, ai\u0161kiai nurodyt\u0173 internetin\u0117je parduotuv\u0117je, bei nepa\u017eeisti Lietuvos Respublikos teis\u0117s akt\u0173.<br>VI. Pardav\u0117jo teis\u0117s<br>Jei Pirk\u0117jas bando pakenkti internetin\u0117s parduotuv\u0117s darbo stabilumui ir saugumui ar pa\u017eeid\u017eia savo \u012fsipareigojimus, Pardav\u0117jas turi teis\u0119 nedelsiant ir be persp\u0117jimo apriboti ar sustabdyti jam galimyb\u0119 naudotis internetine parduotuve arba i\u0161skirtiniais atvejais panaikinti Pirk\u0117jo registracij\u0105.<br>Susidarius svarbioms aplinkyb\u0117ms, Pardav\u0117jas gali laikinai arba i\u0161 viso nutraukti internetin\u0117s parduotuv\u0117s veikl\u0105, apie tai i\u0161 anksto neprane\u0161\u0119 Pirk\u0117jui.<br>Pardav\u0117jas turi teis\u0119 i\u0161 anksto neprane\u0161\u0119s Pirk\u0117jui anuliuoti jo u\u017esakym\u0105, jeigu Pirk\u0117jas nesumoka u\u017e prekes per 14 (keturiolika) darbo dien\u0173.<br><br><br>VII. Pardav\u0117jo \u012fsipareigojimai<br>Pardav\u0117jas \u012fsipareigoja \u0161iose Taisykl\u0117se ir internetin\u0117je parduotuv\u0117je nustatytomis s\u0105lygomis sudaryti Pirk\u0117jui galimyb\u0119 naudotis internetin\u0117s parduotuv\u0117s \u201cElia\u2018s HOME\u201d teikiamomis paslaugomis.<br>Pardav\u0117jas \u012fsipareigoja gerbti Pirk\u0117jo privatumo teis\u0119 \u012f jam priklausan\u010di\u0105 asmenin\u0119 informacij\u0105, t.y. Pirk\u0117jo nurodytus asmens duomenis tvarkyti tik Taisykli\u0173 II skyriuje ir Lietuvos Respublikos teis\u0117s akt\u0173 nustatyta tvarka.<br>Pardav\u0117jas \u012fsipareigoja pristatyti Pirk\u0117jo u\u017esakytas prekes jo nurodytu adresu IX Taisykli\u0173 skyriuje nurodytomis s\u0105lygomis.<br>Pardav\u0117jas, d\u0117l svarbi\u0173 aplinkybi\u0173 negal\u0117damas pristatyti Pirk\u0117jui u\u017esakytos prek\u0117s, \u012fsipareigoja pasi\u016blyti analogi\u0161k\u0105 ar kiek \u012fmanoma savo savyb\u0117mis pana\u0161esn\u0119 prek\u0119. Pirk\u0117jui atsisakius priimti analogi\u0161k\u0105 ar savo savyb\u0117mis pana\u0161iausi\u0105 prek\u0119, Pardav\u0117jas \u012fsipareigoja gr\u0105\u017einti Pirk\u0117jui sumok\u0117tus pinigus per 3 (tris) darbo dienas, jeigu buvo atliktas i\u0161ankstinis apmok\u0117jimas.<br>Pirk\u0117jui pasinaudojus Taisykli\u0173 IV skyriaus 2 punkte numatyta teise ir esant Taisykli\u0173 IX skyriaus 3 punkte numatytai s\u0105lygai, Pardav\u0117jas \u012fsipareigoja gr\u0105\u017einti Pirk\u0117jui sumok\u0117tus pinigus per 10 (de\u0161imt) darbo dien\u0173, skai\u010diuojam\u0173 nuo gr\u0105\u017einamos prek\u0117s gavimo dienos.<br>VIII. Preki\u0173 kainos, apmok\u0117jimo tvarka ir terminai<br>Preki\u0173 kainos internetin\u0117je parduotuv\u0117je ir suformuotame u\u017esakyme nurodomos Eurais su PVM.<br>Pirk\u0117jas atsiskaito u\u017e prekes \u0161iais b\u016bdais: mok\u0117jimas kreditine banko kortele<br>U\u017esakymas vykdomas ir pradedamas skai\u010diuoti preki\u0173 pristatymo terminas tik gavus apmok\u0117jim\u0105 u\u017e prekes.<br><br><br>IX. Preki\u0173 pristatymas<br>Pirk\u0117jas, u\u017esakydamas prekes, gali pasirinkti preki\u0173 vien\u0105 i\u0161 nurodyt\u0173 pristatymo b\u016bd\u0173.<br>Preki\u0173 pristatymas Pirk\u0117jui:<br>Pirk\u0117jas, u\u017esakymo metu pasirink\u0119s preki\u0173 pristatymo paslaug\u0105, \u012fsipareigoja nurodyti tiksli\u0105 preki\u0173 pristatymo viet\u0105.<br>Pirk\u0117jas \u012fsipareigoja prekes priimti pats. Tuo atveju, kai jis preki\u0173 pats priimti negali, o prek\u0117s pristatytos nurodytu adresu ir remiantis kitais Pirk\u0117jo pateiktais duomenimis, Pirk\u0117jas neturi teis\u0117s reik\u0161ti Pardav\u0117jui pretenzij\u0173 d\u0117l preki\u0173 pristatymo netinkamam subjektui. Atsiimant prekes, b\u016btina su savimi tur\u0117ti ir \u012fgaliotam darbuotojui pateikti galiojant\u012f asmens tapatyb\u0119 patvirtinant\u012f dokument\u0105 (asmens tapatyb\u0117s kortel\u0119, pas\u0105 ar naujo pavyzd\u017eio vairuotojo pa\u017eym\u0117jim\u0105).<br>Prekes pristato Pardav\u0117jas arba jo \u012fgaliotas atstovas.<br>Pardav\u0117jas pateikia prekes Pirk\u0117jui vadovaudamasis preki\u0173 apra\u0161ymuose nurodytais terminais. \u0160ie terminai yra preliminar\u016bs, be to netaikomi tais atvejais, kai Pardav\u0117jo sand\u0117lyje n\u0117ra reikiam\u0173 preki\u0173, o Pirk\u0117jas informuojamas apie jo u\u017esakyt\u0173 preki\u0173 tr\u016bkum\u0105. Kartu Pirk\u0117jas sutinka, jog i\u0161imtiniais atvejais preki\u0173 pateikimas gali v\u0117luoti d\u0117l nenumatyt\u0173, nuo Pardav\u0117jo nepriklausan\u010di\u0173 aplinkybi\u0173. Tokiu atveju Pardav\u0117jas \u012fsipareigoja nedelsiant susisiekti su Pirk\u0117ju ir suderinti preki\u0173 pateikimo s\u0105lygas.<br>Visais atvejais Pardav\u0117jas atleid\u017eiamas nuo atsakomyb\u0117s u\u017e preki\u0173 pateikimo termin\u0173 pa\u017eeidim\u0105, jeigu prek\u0117s Pirk\u0117jui n\u0117ra pateikiamos arba pateikiamos ne laiku d\u0117l Pirk\u0117jo kalt\u0117s arba d\u0117l nuo Pirk\u0117jo priklausan\u010di\u0173 aplinkybi\u0173.<br>Preki\u0173 pateikimo Pirk\u0117jui metu Pirk\u0117jas privalo kartu su Pardav\u0117ju arba jo \u012fgaliotu atstovu patikrinti siuntos ir prek\u0117s(-i\u0173) b\u016bkl\u0119 bei pasira\u0161yti siuntos perdavimo \u2013 pri\u0117mimo dokument\u0105. Pirk\u0117jui pasira\u0161ius siuntos perdavimo \u2013 pri\u0117mimo dokumente, laikoma, kad siunta yra perduota tinkamos b\u016bkl\u0117s, preki\u0173 pa\u017eeidim\u0173, kuri\u0173 atsiradimo pagrindas priskirtinas ne gamykliniam brokui, bei prek\u0117s(-i\u0173) komplektacijos neatitikim\u0173 (toki\u0173, kuriuos galima nustatyti i\u0161orin\u0117s preki\u0173 ap\u017ei\u016bros metu) n\u0117ra. Pasteb\u0117j\u0119s, kad pateiktos siuntos pakuot\u0117 pa\u017eeista (suglam\u017eyta, \u0161lapia ar kitaip i\u0161ori\u0161kai pa\u017eeista), prek\u0117(-\u0117s) yra pa\u017eeista(-os) ir\/ar prek\u0117(-\u0117s) yra netinkamos komplektacijos, Pirk\u0117jas privalo tai pa\u017eym\u0117ti siuntos perdavimo \u2013 pri\u0117mimo dokumente bei, dalyvaujant Pardav\u0117jui ar jo atstovui, sura\u0161yti laisvos formos siuntos ir\/ar prek\u0117s(-i\u0173) pa\u017eeidimo\/neatitikim\u0173 akt\u0105. Pirk\u0117jui neatlikus \u0161i\u0173 veiksm\u0173, Pardav\u0117jas yra atleid\u017eiamas nuo atsakomyb\u0117s prie\u0161 Pirk\u0117j\u0105 d\u0117l preki\u0173 pa\u017eeidim\u0173, jeigu toki\u0173 pa\u017eeidim\u0173 atsiradimo pagrindas n\u0117ra gamyklinis brokas bei d\u0117l preki\u0173 komplektacijos neatitikim\u0173, jeigu \u0161iuos neatitikimus galima nustatyti i\u0161orin\u0117s preki\u0173 ap\u017ei\u016bros metu.<br><br><br>X. Preki\u0173 kokyb\u0117<br>Kiekvienos \u201cElia\u2018s HOME\u201d parduodamos prek\u0117s savyb\u0117s bendrai nurodomos prie kiekvienos prek\u0117s esan\u010diame prek\u0117s apra\u0161yme.<br>Pardav\u0117jas neatsako u\u017e tai, kad internetin\u0117je parduotuv\u0117je esan\u010dios prek\u0117s savo spalva, forma ar kitais parametrais gali neatitikti realaus preki\u0173 dyd\u017eio, form\u0173 ir spalvos d\u0117l Pirk\u0117jo naudojamo vaizduoklio ypatybi\u0173.<br><br><br>XI. Preki\u0173 gr\u0105\u017einimas ir keitimas<br>Parduot\u0173 preki\u0173 tr\u016bkumai \u0161alinami, nekokybi\u0161kos prek\u0117s kei\u010diamos, gr\u0105\u017einamos vadovaujantis LR teis\u0117s akt\u0173 nuostatomis.<br>Pirk\u0117jas gali gr\u0105\u017einti prekes per 14 (keturiolika) darbo dien\u0173 nuo preki\u0173 pristatymo jam dienos, informuodamas apie tai Pardav\u0117j\u0105 IV skyriaus 2 punkte numatyta tvarka.<br>Pirk\u0117jui gr\u0105\u017einant prekes, b\u016btina laikytis \u0161i\u0173 s\u0105lyg\u0173:<br>gr\u0105\u017einama prek\u0117 turi b\u016bti originalioje tvarkingoje pakuot\u0117je (\u0161is punktas netaikomas tuo atveju, kai gr\u0105\u017einama nekokybi\u0161ka prek\u0117);<br>prek\u0117 turi b\u016bti Pirk\u0117jo nesugadinta;<br>prek\u0117 turi b\u016bti nenaudota, nepraradusi prekin\u0117s i\u0161vaizdos (nepa\u017eeistos etiket\u0117s, nenupl\u0117\u0161tos apsaugin\u0117s pl\u0117vel\u0117s ir kt.) (\u0161is punktas netaikomas tuo atveju, kai gr\u0105\u017einama nekokybi\u0161ka prek\u0117);<br>gr\u0105\u017einama prek\u0117 turi b\u016bti tos pa\u010dios komplektacijos, kokios buvo Pirk\u0117jo gauta;<br>gr\u0105\u017einant prek\u0119 b\u016btina pateikti jos \u012fsigijimo dokument\u0105.<br>Pardav\u0117jas turi teis\u0119 nepriimti Pirk\u0117jo gr\u0105\u017einam\u0173 preki\u0173, jei Pirk\u0117jas nesilaiko \u0161iame Taisykli\u0173 skyriuje nustatytos preki\u0173 gr\u0105\u017einimo tvarkos.<br>Pinigai u\u017e gr\u0105\u017eintas prekes visais atvejais pervedami mok\u0117jimo pavedimu ir tik \u012f mok\u0117tojo banko s\u0105skait\u0105.<br><br><br>XII. Atsakomyb\u0117<br>Pirk\u0117jas yra visi\u0161kai atsakingas u\u017e jo pateikiam\u0173 asmens duomen\u0173 teisingum\u0105. Jei Pirk\u0117jas nepateikia tiksli\u0173 asmens duomen\u0173, Pardav\u0117jas neatsako u\u017e d\u0117l to atsiradusius padarinius ir \u012fgyja teis\u0119 reikalauti i\u0161 Pirk\u0117jo patirt\u0173 tiesiogini\u0173 nuostoli\u0173 atlyginimo.<br>Pirk\u0117jas atsako u\u017e veiksmus, atliktus naudojantis \u0161ia internetine parduotuve.<br>U\u017esiregistrav\u0119s Pirk\u0117jas atsako u\u017e savo prisijungimo duomen\u0173 perdavim\u0105 tretiesiems asmenims. Jei \u201cElia\u2018s HOME\u201d teikiamomis paslaugomis naudojasi tre\u010diasis asmuo, prisijung\u0119s prie internetin\u0117s parduotuv\u0117s naudodamasis Pirk\u0117jo prisijungimo duomenimis, Pardav\u0117jas \u0161\u012f asmen\u012f laiko Pirk\u0117ju.<br>Pardav\u0117jas atleid\u017eiamas nuo bet kokios atsakomyb\u0117s tais atvejais, kai nuostoliai kyla d\u0117l to, jog Pirk\u0117jas, neatsi\u017evelgdamas \u012f Pardav\u0117jo rekomendacijas ir savo \u012fsipareigojimus, nesusipa\u017eino su \u0161iomis Taisykl\u0117mis, nors tokia galimyb\u0117 jam buvo suteikta.<br>Atsiradus \u017ealai, kaltoji \u0161alis atlygina kitai \u0161aliai tiesioginius nuostolius.<br><br><br>XIII. Baigiamosios nuostatos<br>\u0160ios taisykl\u0117s sudarytos vadovaujantis LR teis\u0117s aktais.<br>\u0160i\u0173 taisykli\u0173 pagrindu kylantiems santykiams taikoma LR teis\u0117.<br>Visi nesutarimai, kil\u0119 d\u0117l \u0161i\u0173 taisykli\u0173 vykdymo, sprend\u017eiami deryb\u0173 b\u016bdu. Nepavykus susitarti, gin\u010dai sprend\u017eiami LR \u012fstatym\u0173 nustatyta tvarka.<\/p>\n<\/div><\/div>\n\n<\/div><\/div>","protected":false},"excerpt":{"rendered":"<p>Pirkimo taisykl\u0117s I. Bendrosios nuostatos \u0160ios preki\u0173 pirkimo \u2013 pardavimo taisykl\u0117s (toliau \u201eTaisykl\u0117s\u201c), jas akceptavus Pirk\u0117jui (susipa\u017einus su Taisykl\u0117mis bei pa\u017eym\u0117jus varnel\u0119 prie teiginio \u201eSusipa\u017einau su \u201cElia\u2018s HOME\u201d taisykl\u0117mis ir su jomis sutinku\u201c), yra \u0161alims privalomas teisinis dokumentas, kuriame nustatomos Pirk\u0117jo ir Pardav\u0117jo &#8211; Editos Liaugaudien\u0117s IDV. NR. 993723 &#8211; parduodan\u010dios prekes parduotuv\u0117je www.eliashome.eu, teis\u0117s [&hellip;]<\/p>\n","protected":false},"author":1,"featured_media":0,"parent":0,"menu_order":0,"comment_status":"closed","ping_status":"closed","template":"","meta":{"_kad_blocks_custom_css":"","_kad_blocks_head_custom_js":"","_kad_blocks_body_custom_js":"","_kad_blocks_footer_custom_js":"","footnotes":""},"class_list":["post-1500","page","type-page","status-publish","hentry"],"blocksy_meta":{"styles_descriptor":{"styles":{"desktop":"","tablet":"","mobile":""},"google_fonts":[],"version":6}},"taxonomy_info":[],"featured_image_src_large":false,"author_info":{"display_name":"Tavo Dovanos","author_link":"https:\/\/www.eliashome.eu\/en\/author\/agministratorius\/"},"comment_info":0,"jetpack_sharing_enabled":true,"_links":{"self":[{"href":"https:\/\/www.eliashome.eu\/en\/wp-json\/wp\/v2\/pages\/1500","targetHints":{"allow":["GET"]}}],"collection":[{"href":"https:\/\/www.eliashome.eu\/en\/wp-json\/wp\/v2\/pages"}],"about":[{"href":"https:\/\/www.eliashome.eu\/en\/wp-json\/wp\/v2\/types\/page"}],"author":[{"embeddable":true,"href":"https:\/\/www.eliashome.eu\/en\/wp-json\/wp\/v2\/users\/1"}],"replies":[{"embeddable":true,"href":"https:\/\/www.eliashome.eu\/en\/wp-json\/wp\/v2\/comments?post=1500"}],"version-history":[{"count":7,"href":"https:\/\/www.eliashome.eu\/en\/wp-json\/wp\/v2\/pages\/1500\/revisions"}],"predecessor-version":[{"id":8932,"href":"https:\/\/www.eliashome.eu\/en\/wp-json\/wp\/v2\/pages\/1500\/revisions\/8932"}],"wp:attachment":[{"href":"https:\/\/www.eliashome.eu\/en\/wp-json\/wp\/v2\/media?parent=1500"}],"curies":[{"name":"wp","href":"https:\/\/api.w.org\/{rel}","templated":true}]}}