{"id":12,"date":"2022-03-02T10:19:21","date_gmt":"2022-03-02T10:19:21","guid":{"rendered":"https:\/\/demo.creativethemes.com\/blocksy\/home-decor\/?page_id=12"},"modified":"2024-01-15T23:45:41","modified_gmt":"2024-01-15T23:45:41","slug":"apie-mus","status":"publish","type":"page","link":"https:\/\/www.eliashome.eu\/en\/apie-mus\/","title":{"rendered":"About us"},"content":{"rendered":"<style>.kb-row-layout-id12_c0b8bd-1a > .kt-row-column-wrap{align-content:start;}:where(.kb-row-layout-id12_c0b8bd-1a > .kt-row-column-wrap) > .wp-block-kadence-column{justify-content:start;}.kb-row-layout-id12_c0b8bd-1a > .kt-row-column-wrap{column-gap:var(--global-kb-gap-md, 2rem);row-gap:var(--global-kb-gap-md, 2rem);max-width:1440px;margin-left:auto;margin-right:auto;padding-top:var(--global-kb-spacing-lg, 3rem);padding-bottom:var(--global-kb-spacing-lg, 3rem);grid-template-columns:minmax(0, 1fr);}.kb-row-layout-id12_c0b8bd-1a > .kt-row-layout-overlay{opacity:0.30;}@media all and (max-width: 1024px){.kb-row-layout-id12_c0b8bd-1a > .kt-row-column-wrap{padding-top:var(--global-kb-spacing-xs, 1rem);grid-template-columns:minmax(0, 1fr);}}@media all and (max-width: 767px){.kb-row-layout-id12_c0b8bd-1a > .kt-row-column-wrap{grid-template-columns:minmax(0, 1fr);}}<\/style><div class=\"kb-row-layout-wrap kb-row-layout-id12_c0b8bd-1a alignfull wp-block-kadence-rowlayout\"><div class=\"kt-row-column-wrap kt-has-1-columns kt-row-layout-equal kt-tab-layout-inherit kt-mobile-layout-row kt-row-valign-top\">\n<style>.kadence-column12_1907ab-84 > .kt-inside-inner-col,.kadence-column12_1907ab-84 > .kt-inside-inner-col:before{border-top-left-radius:0px;border-top-right-radius:0px;border-bottom-right-radius:0px;border-bottom-left-radius:0px;}.kadence-column12_1907ab-84 > .kt-inside-inner-col{column-gap:var(--global-kb-gap-sm, 1rem);}.kadence-column12_1907ab-84 > .kt-inside-inner-col{flex-direction:column;}.kadence-column12_1907ab-84 > .kt-inside-inner-col > .aligncenter{width:100%;}.kadence-column12_1907ab-84 > .kt-inside-inner-col:before{opacity:0.3;}.kadence-column12_1907ab-84{position:relative;}@media all and (max-width: 1024px){.kadence-column12_1907ab-84 > .kt-inside-inner-col{flex-direction:column;justify-content:center;}}@media all and (max-width: 767px){.kadence-column12_1907ab-84 > .kt-inside-inner-col{flex-direction:column;justify-content:center;}}<\/style>\n<div class=\"wp-block-kadence-column kadence-column12_1907ab-84\" data-aos=\"fade\" data-aos-easing=\"ease-in\"><div class=\"kt-inside-inner-col\"><style>.kb-row-layout-wrap.wp-block-kadence-rowlayout.kb-row-layout-id12_83491e-78{margin-top:0px;margin-bottom:0px;}.kb-row-layout-id12_83491e-78 > .kt-row-column-wrap{align-content:center;}:where(.kb-row-layout-id12_83491e-78 > .kt-row-column-wrap) > .wp-block-kadence-column{justify-content:center;}.kb-row-layout-id12_83491e-78 > .kt-row-column-wrap{column-gap:var(--global-kb-gap-none, 0rem );row-gap:var(--global-kb-gap-none, 0rem );max-width:1900px;padding-top:0px;padding-right:0px;padding-bottom:0px;padding-left:0px;grid-template-columns:minmax(0, calc(62.5% - ((var(--global-kb-gap-none, 0rem ) * 1 )\/2)))minmax(0, calc(37.5% - ((var(--global-kb-gap-none, 0rem ) * 1 )\/2)));}.kb-row-layout-id12_83491e-78 > .kt-row-layout-overlay{opacity:0.30;}@media all and (max-width: 1024px){.kb-row-layout-id12_83491e-78 > .kt-row-column-wrap{padding-right:var(--global-kb-spacing-4xl, 8rem);padding-left:var(--global-kb-spacing-4xl, 8rem);grid-template-columns:minmax(0, 1fr);}}@media all and (max-width: 767px){.kb-row-layout-id12_83491e-78 > .kt-row-column-wrap{padding-right:0px;padding-left:0px;grid-template-columns:minmax(0, 1fr);}}<\/style><div class=\"kb-row-layout-wrap kb-row-layout-id12_83491e-78 alignnone wp-block-kadence-rowlayout\"><div class=\"kt-row-column-wrap kt-has-2-columns kt-row-layout-left-golden kt-tab-layout-row kt-mobile-layout-row kt-row-valign-middle kb-theme-content-width\">\n<style>.kadence-column12_4f7db4-23 > .kt-inside-inner-col{display:flex;}.kadence-column12_4f7db4-23 > .kt-inside-inner-col{padding-top:var(--global-kb-spacing-lg, 3rem);padding-right:var(--global-kb-spacing-lg, 3rem);padding-bottom:var(--global-kb-spacing-lg, 3rem);padding-left:var(--global-kb-spacing-lg, 3rem);}.kadence-column12_4f7db4-23 > .kt-inside-inner-col,.kadence-column12_4f7db4-23 > .kt-inside-inner-col:before{border-top-left-radius:0px;border-top-right-radius:0px;border-bottom-left-radius:80px;}.kadence-column12_4f7db4-23 > .kt-inside-inner-col{column-gap:var(--global-kb-gap-sm, 1rem);}.kadence-column12_4f7db4-23 > .kt-inside-inner-col{flex-direction:column;justify-content:center;}.kadence-column12_4f7db4-23 > .kt-inside-inner-col > .aligncenter{width:100%;}.kt-row-column-wrap > .kadence-column12_4f7db4-23{align-self:center;}.kt-inner-column-height-full:not(.kt-has-1-columns) > .wp-block-kadence-column.kadence-column12_4f7db4-23{align-self:auto;}.kt-inner-column-height-full:not(.kt-has-1-columns) > .wp-block-kadence-column.kadence-column12_4f7db4-23 > .kt-inside-inner-col{flex-direction:column;justify-content:center;}.kadence-column12_4f7db4-23 > .kt-inside-inner-col{background-color:var(--theme-palette-color-7, #f8f8f8);}.kadence-column12_4f7db4-23 > .kt-inside-inner-col:before{opacity:0.3;}.kadence-column12_4f7db4-23{position:relative;}.kadence-column12_4f7db4-23, .kt-inside-inner-col > .kadence-column12_4f7db4-23:not(.specificity){margin-top:0px;}@media all and (max-width: 1024px){.kadence-column12_4f7db4-23 > .kt-inside-inner-col,.kadence-column12_4f7db4-23 > .kt-inside-inner-col:before{border-top-right-radius:80px;}}@media all and (max-width: 1024px){.kt-row-column-wrap > .kadence-column12_4f7db4-23{align-self:center;}}@media all and (max-width: 1024px){.kt-inner-column-height-full:not(.kt-has-1-columns) > .wp-block-kadence-column.kadence-column12_4f7db4-23{align-self:auto;}}@media all and (max-width: 1024px){.kt-inner-column-height-full:not(.kt-has-1-columns) > .wp-block-kadence-column.kadence-column12_4f7db4-23 > .kt-inside-inner-col{flex-direction:column;justify-content:center;}}@media all and (max-width: 1024px){.kadence-column12_4f7db4-23 > .kt-inside-inner-col{flex-direction:column;justify-content:center;}}@media all and (max-width: 1024px){.kadence-column12_4f7db4-23, .kt-inside-inner-col > .kadence-column12_4f7db4-23:not(.specificity){margin-top:0px;}}@media all and (max-width: 767px){.kt-row-column-wrap > .kadence-column12_4f7db4-23{align-self:center;}.kt-inner-column-height-full:not(.kt-has-1-columns) > .wp-block-kadence-column.kadence-column12_4f7db4-23{align-self:auto;}.kt-inner-column-height-full:not(.kt-has-1-columns) > .wp-block-kadence-column.kadence-column12_4f7db4-23 > .kt-inside-inner-col{flex-direction:column;justify-content:center;}.kadence-column12_4f7db4-23 > .kt-inside-inner-col{flex-direction:column;justify-content:center;}}<\/style>\n<div class=\"wp-block-kadence-column kadence-column12_4f7db4-23\"><div class=\"kt-inside-inner-col\"><style>.wp-block-kadence-advancedheading.kt-adv-heading12_41ee12-72, .wp-block-kadence-advancedheading.kt-adv-heading12_41ee12-72[data-kb-block=\"kb-adv-heading12_41ee12-72\"]{text-align:left;font-size:var(--global-kb-font-size-lg, 2rem);line-height:1.2;font-weight:400;font-style:normal;font-family:ct_font_poppins;text-transform:uppercase;}.wp-block-kadence-advancedheading.kt-adv-heading12_41ee12-72 mark.kt-highlight, .wp-block-kadence-advancedheading.kt-adv-heading12_41ee12-72[data-kb-block=\"kb-adv-heading12_41ee12-72\"] mark.kt-highlight{font-style:normal;color:#f76a0c;-webkit-box-decoration-break:clone;box-decoration-break:clone;padding-top:0px;padding-right:0px;padding-bottom:0px;padding-left:0px;}.wp-block-kadence-advancedheading.kt-adv-heading12_41ee12-72 img.kb-inline-image, .wp-block-kadence-advancedheading.kt-adv-heading12_41ee12-72[data-kb-block=\"kb-adv-heading12_41ee12-72\"] img.kb-inline-image{width:150px;vertical-align:baseline;}<\/style>\n<h2 class=\"kt-adv-heading12_41ee12-72 wp-block-kadence-advancedheading\" data-kb-block=\"kb-adv-heading12_41ee12-72\">Apie mus<\/h2>\n\n\n\n<p>\u0160i elektronin\u0117 parduotuv\u0117 sukurta 2021 metais ir pristato nauj\u0105 prekin\u012f \u017eenkl\u0105 Elia\u2018s HOME. Mes prekiaujame kokybi\u0161kais, \u0161velnaus mikropluo\u0161to rank\u0161luos\u010diais, kurie puikiai sugeria dr\u0117gm\u0119, greitai d\u017ei\u016bsta, patog\u016bs kelion\u0117je ir gali b\u016bti naudojami \u012fvairiai. Elia\u2018s Home mikropluo\u0161tas yra itin tankus, d\u0117l to nustebina savo savyb\u0117mis net daug k\u0105 i\u0161band\u017eiusius. Rekomenduojame \u0161iuos gaminius panaudoti ne tik vonioje, bet ir virtuv\u0117je \u0161luostant itin pretenzing\u0105 stikl\u0105. Liksite nustebinti kaip puikiai sugeria vandens la\u0161elius bei i\u0161valo stikl\u0105. Nepaliekant nei p\u016bkelio! \u0160ie gaminiai yra ne tik esteti\u0161ki, spalvingi, bet ir ilgai tarnaujantys.<\/p>\n<\/div><\/div>\n\n\n<style>.kadence-column12_fa844b-31 > .kt-inside-inner-col,.kadence-column12_fa844b-31 > .kt-inside-inner-col:before{border-top-left-radius:0px;border-top-right-radius:80px;border-bottom-right-radius:0px;border-bottom-left-radius:0px;}.kadence-column12_fa844b-31 > .kt-inside-inner-col{column-gap:var(--global-kb-gap-sm, 1rem);}.kadence-column12_fa844b-31 > .kt-inside-inner-col{flex-direction:column;}.kadence-column12_fa844b-31 > .kt-inside-inner-col > .aligncenter{width:100%;}.kadence-column12_fa844b-31 > .kt-inside-inner-col:before{opacity:0.3;}.kadence-column12_fa844b-31{z-index:-1;position:relative;}.kadence-column12_fa844b-31, .kt-inside-inner-col > .kadence-column12_fa844b-31:not(.specificity){margin-left:-160px;}@media all and (max-width: 1024px){.kadence-column12_fa844b-31 > .kt-inside-inner-col{flex-direction:column;justify-content:center;}}@media all and (max-width: 1024px){.kadence-column12_fa844b-31, .kt-inside-inner-col > .kadence-column12_fa844b-31:not(.specificity){margin-left:0px;}}@media all and (max-width: 767px){.kadence-column12_fa844b-31 > .kt-inside-inner-col{flex-direction:column;justify-content:center;}}<\/style>\n<div class=\"wp-block-kadence-column kadence-column12_fa844b-31\"><div class=\"kt-inside-inner-col\"><style>.wp-block-kadence-image.kb-image12_d13de3-38:not(.kb-specificity-added):not(.kb-extra-specificity-added){margin-right:-160px;}.kb-image12_d13de3-38 .kb-image-has-overlay:after{opacity:0.3;border-top-left-radius:80px;border-bottom-right-radius:80px;}.kb-image12_d13de3-38 img.kb-img, .kb-image12_d13de3-38 .kb-img img{border-top-left-radius:80px;border-bottom-right-radius:80px;}@media all and (max-width: 1024px){.wp-block-kadence-image.kb-image12_d13de3-38:not(.kb-specificity-added):not(.kb-extra-specificity-added){margin-right:0px;}}<\/style>\n<figure class=\"wp-block-kadence-image kb-image12_d13de3-38 kb-image-is-ratio-size\"><div class=\"kb-is-ratio-image kb-image-ratio-land43\"><img loading=\"lazy\" decoding=\"async\" width=\"1500\" height=\"2250\" src=\"http:\/\/svetainiuseo.lt\/wp-content\/uploads\/2024\/01\/DSC_5589.jpg\" alt=\"\" class=\"kb-img wp-image-8052\" title=\"\" srcset=\"https:\/\/www.eliashome.eu\/wp-content\/uploads\/2024\/01\/DSC_5589.jpg 1500w, https:\/\/www.eliashome.eu\/wp-content\/uploads\/2024\/01\/DSC_5589-800x1200.jpg 800w, https:\/\/www.eliashome.eu\/wp-content\/uploads\/2024\/01\/DSC_5589-200x300.jpg 200w, https:\/\/www.eliashome.eu\/wp-content\/uploads\/2024\/01\/DSC_5589-683x1024.jpg 683w, https:\/\/www.eliashome.eu\/wp-content\/uploads\/2024\/01\/DSC_5589-768x1152.jpg 768w, https:\/\/www.eliashome.eu\/wp-content\/uploads\/2024\/01\/DSC_5589-1024x1536.jpg 1024w, https:\/\/www.eliashome.eu\/wp-content\/uploads\/2024\/01\/DSC_5589-1365x2048.jpg 1365w, https:\/\/www.eliashome.eu\/wp-content\/uploads\/2024\/01\/DSC_5589-8x12.jpg 8w\" sizes=\"auto, (max-width: 1500px) 100vw, 1500px\" \/><\/div><\/figure>\n<\/div><\/div>\n\n<\/div><\/div><\/div><\/div>\n\n<\/div><\/div>","protected":false},"excerpt":{"rendered":"<p>Apie mus \u0160i elektronin\u0117 parduotuv\u0117 sukurta 2021 metais ir pristato nauj\u0105 prekin\u012f \u017eenkl\u0105 Elia\u2018s HOME. Mes prekiaujame kokybi\u0161kais, \u0161velnaus mikropluo\u0161to rank\u0161luos\u010diais, kurie puikiai sugeria dr\u0117gm\u0119, greitai d\u017ei\u016bsta, patog\u016bs kelion\u0117je ir gali b\u016bti naudojami \u012fvairiai. Elia\u2018s Home mikropluo\u0161tas yra itin tankus, d\u0117l to nustebina savo savyb\u0117mis net daug k\u0105 i\u0161band\u017eiusius. Rekomenduojame \u0161iuos gaminius panaudoti ne tik [&hellip;]<\/p>\n","protected":false},"author":1,"featured_media":0,"parent":0,"menu_order":0,"comment_status":"closed","ping_status":"closed","template":"","meta":{"_kad_blocks_custom_css":"","_kad_blocks_head_custom_js":"","_kad_blocks_body_custom_js":"","_kad_blocks_footer_custom_js":"","footnotes":""},"class_list":["post-12","page","type-page","status-publish","hentry"],"blocksy_meta":{"styles_descriptor":{"styles":{"desktop":"","tablet":"","mobile":""},"google_fonts":[],"version":6},"page_title_panel":"","has_hero_section":"disabled","4a6c26e3489cfc452f0c7089ef3cf078":"","hero_section":"type-1","hero_elements":[{"id":"custom_title","enabled":true,"heading_tag":"h1","title":"Home"},{"id":"custom_description","enabled":true,"description_visibility":{"desktop":true,"tablet":true,"mobile":false}},{"id":"custom_meta","enabled":false,"meta_elements":[{"id":"author","enabled":true,"label":"By","has_author_avatar":"yes","avatar_size":25},{"id":"post_date","enabled":true,"label":"On","date_format_source":"default","date_format":"M j, Y"},{"id":"updated_date","enabled":false,"label":"On","date_format_source":"default","date_format":"M j, Y"},{"id":"categories","enabled":false,"label":"In","style":"simple"},{"id":"comments","enabled":true}],"page_meta_elements":{"joined":true,"articles_count":true,"comments":true}},{"id":"breadcrumbs","enabled":false}],"fe562f922a7890432068950dda17c488":"","hero_alignment1":"CT_CSS_SKIP_RULE","hero_margin":40,"hero_alignment2":"center","hero_vertical_alignment":"center","21ff91474bdbf7e3262b971e98d91af2":"","hero_structure":"narrow","efbca305c45ecabd3d17e2c3bd7c910d":"","page_title_bg_type":"featured_image","custom_hero_background":{"attachment_id":null},"page_title_image_size":"full","parallax":{"desktop":false,"tablet":false,"mobile":false},"5ba28e80c5f05ca70537edad0eefaf73":"","hero_height":"250px","pageTitleFont":{"family":"Default","variation":"Default","size":"30px","line-height":"CT_CSS_SKIP_RULE","letter-spacing":"CT_CSS_SKIP_RULE","text-transform":"CT_CSS_SKIP_RULE","text-decoration":"CT_CSS_SKIP_RULE"},"pageTitleFontColor":{"default":{"color":"CT_CSS_SKIP_RULEDEFAULT"}},"pageMetaFont":{"family":"Default","variation":"n6","size":"12px","line-height":"1.3","letter-spacing":"CT_CSS_SKIP_RULE","text-transform":"uppercase","text-decoration":"CT_CSS_SKIP_RULE"},"pageMetaFontColor":{"default":{"color":"CT_CSS_SKIP_RULEDEFAULT"},"hover":{"color":"CT_CSS_SKIP_RULEDEFAULT"}},"page_meta_button_type_font_colors":{"default":{"color":"CT_CSS_SKIP_RULEDEFAULT"},"hover":{"color":"CT_CSS_SKIP_RULEDEFAULT"}},"page_meta_button_type_background_colors":{"default":{"color":"CT_CSS_SKIP_RULEDEFAULT"},"hover":{"color":"CT_CSS_SKIP_RULEDEFAULT"}},"pageExcerptFont":{"family":"Default","variation":"Default","size":"CT_CSS_SKIP_RULE","line-height":"CT_CSS_SKIP_RULE","letter-spacing":"CT_CSS_SKIP_RULE","text-transform":"CT_CSS_SKIP_RULE","text-decoration":"CT_CSS_SKIP_RULE"},"pageExcerptColor":{"default":{"color":"CT_CSS_SKIP_RULEDEFAULT"}},"breadcrumbsFont":{"family":"Default","variation":"Default","size":"CT_CSS_SKIP_RULE","line-height":"CT_CSS_SKIP_RULE","letter-spacing":"CT_CSS_SKIP_RULE","text-transform":"CT_CSS_SKIP_RULE","text-decoration":"CT_CSS_SKIP_RULE"},"breadcrumbsFontColor":{"default":{"color":"CT_CSS_SKIP_RULEDEFAULT"},"initial":{"color":"CT_CSS_SKIP_RULEDEFAULT"},"hover":{"color":"CT_CSS_SKIP_RULEDEFAULT"}},"pageTitleOverlay":{"background_type":"color","background_pattern":"type-1","background_image":{"attachment_id":null,"x":0,"y":0},"gradient":"linear-gradient(135deg,rgba(6,147,227,1) 0%,rgb(155,81,224) 100%)","background_repeat":"repeat","background_size":"auto","background_attachment":"scroll","patternColor":{"default":{"color":"#e5e7ea"}},"overlayColor":{"default":{"color":"CT_CSS_SKIP_RULE"}},"backgroundColor":{"default":{"color":"CT_CSS_SKIP_RULE"}}},"pageTitleBackground":{"background_type":"color","background_pattern":"type-1","background_image":{"attachment_id":null,"x":0,"y":0},"gradient":"linear-gradient(135deg,rgba(6,147,227,1) 0%,rgb(155,81,224) 100%)","background_repeat":"repeat","background_size":"auto","background_attachment":"scroll","patternColor":{"default":{"color":"#e5e7ea"}},"overlayColor":{"default":{"color":"CT_CSS_SKIP_RULE"}},"backgroundColor":{"default":{"color":"var(--theme-palette-color-6)"}}},"pageTitlePadding":{"top":"50px","bottom":"50px","left":"auto","right":"auto","linked":true},"a271f1d3e5a6bce1f48f7d72e3fe62cd":"","page_structure_type":"default","ac8f391930b733f81c8c2034fe54f4c4":"","content_style_source":"inherit","content_style":"wide","vertical_spacing_source":"custom","content_area_spacing":"none","background":{"background_type":"color","background_pattern":"type-1","background_image":{"attachment_id":null,"x":0,"y":0},"gradient":"linear-gradient(135deg,rgba(6,147,227,1) 0%,rgb(155,81,224) 100%)","background_repeat":"repeat","background_size":"auto","background_attachment":"scroll","patternColor":{"default":{"color":"#e5e7ea"}},"overlayColor":{"default":{"color":"CT_CSS_SKIP_RULE"}},"backgroundColor":{"default":{"color":"CT_CSS_SKIP_RULE"}}},"content_background":{"background_type":"color","background_pattern":"type-1","background_image":{"attachment_id":null,"x":0,"y":0},"gradient":"linear-gradient(135deg,rgba(6,147,227,1) 0%,rgb(155,81,224) 100%)","background_repeat":"repeat","background_size":"auto","background_attachment":"scroll","patternColor":{"default":{"color":"#e5e7ea"}},"overlayColor":{"default":{"color":"CT_CSS_SKIP_RULE"}},"backgroundColor":{"default":{"color":"var(--theme-palette-color-8)"}}},"content_boxed_shadow":{"inherit":false,"blur":18,"spread":-6,"v_offset":12,"h_offset":0,"inset":false,"enable":true,"color":{"color":"rgba(34, 56, 101, 0.04)"}},"boxed_content_spacing":{"desktop":{"top":"40px","bottom":"40px","left":"40px","right":"40px","linked":true},"tablet":{"top":"35px","bottom":"35px","left":"35px","right":"35px","linked":true},"mobile":{"top":"20px","bottom":"20px","left":"20px","right":"20px","linked":true}},"content_boxed_radius":{"top":"3px","bottom":"3px","left":"3px","right":"3px","linked":true},"a38c1b35b8d2e65b9d89492d033c438a":"","disable_featured_image":"no","disable_share_box":"no","disable_header":"no","disable_footer":"no"},"taxonomy_info":[],"featured_image_src_large":false,"author_info":{"display_name":"Tavo Dovanos","author_link":"https:\/\/www.eliashome.eu\/en\/author\/agministratorius\/"},"comment_info":0,"jetpack_sharing_enabled":true,"_links":{"self":[{"href":"https:\/\/www.eliashome.eu\/en\/wp-json\/wp\/v2\/pages\/12","targetHints":{"allow":["GET"]}}],"collection":[{"href":"https:\/\/www.eliashome.eu\/en\/wp-json\/wp\/v2\/pages"}],"about":[{"href":"https:\/\/www.eliashome.eu\/en\/wp-json\/wp\/v2\/types\/page"}],"author":[{"embeddable":true,"href":"https:\/\/www.eliashome.eu\/en\/wp-json\/wp\/v2\/users\/1"}],"replies":[{"embeddable":true,"href":"https:\/\/www.eliashome.eu\/en\/wp-json\/wp\/v2\/comments?post=12"}],"version-history":[{"count":7,"href":"https:\/\/www.eliashome.eu\/en\/wp-json\/wp\/v2\/pages\/12\/revisions"}],"predecessor-version":[{"id":8251,"href":"https:\/\/www.eliashome.eu\/en\/wp-json\/wp\/v2\/pages\/12\/revisions\/8251"}],"wp:attachment":[{"href":"https:\/\/www.eliashome.eu\/en\/wp-json\/wp\/v2\/media?parent=12"}],"curies":[{"name":"wp","href":"https:\/\/api.w.org\/{rel}","templated":true}]}}